{"id":3301,"date":"2013-09-01T17:49:03","date_gmt":"2013-09-01T15:49:03","guid":{"rendered":"http:\/\/localhost\/iwansimonis\/obchod\/nezerazene\/pool-super-aramith-pro-cup-tv-572-mm\/"},"modified":"2016-05-16T12:22:53","modified_gmt":"2016-05-16T10:22:53","slug":"pool-super-aramith-pro-cup-tv-572-mm","status":"publish","type":"product","link":"https:\/\/www.billiard-pro.cz\/sk\/obchod\/biliardove-gule-aramith\/pool-sk-3\/pool-super-aramith-pro-cup-tv-572-mm\/","title":{"rendered":"Biliardov\u00e9 gule poolov\u00e9 Super Aramith Pro Cup TV 57,2 mm"},"content":{"rendered":"<ul>\n<li><strong>SUPER ARAMITH PRO CUP TV 57,2 mm<\/strong> <img decoding=\"async\" class=\"alignright\" src=\"https:\/\/www.billiard-pro.cz\/wp-content\/uploads\/2013\/09\/aramith-logo.jpg\" alt=\"Aramith\" \/><\/li>\n<li>Profesion\u00e1lne turnajov\u00e9 billiardov\u00e9 gule najvy\u0161\u0161ej kvality<\/li>\n<li>Gu\u013ee majstrovstv\u00e1 sveta v poole<\/li>\n<li>Vhodn\u00e9 pre lep\u0161ie herne, ale aj dom\u00e1cnosti ku kvalitn\u00fdm stolom<\/li>\n<li>Gu\u013ee garantovane rovnakej hmotnosti<\/li>\n<li>Prec\u00edzne vyv\u00e1\u017eenie gu\u013e\u00ed<\/li>\n<li>Biela gu\u013ea s \u010derven\u00fdmi zna\u010dkami &#8222;Beru\u0161ka&#8220;<\/li>\n<li>Vyroben\u00e9 z fenolovej \u017eivice<\/li>\n<li>Sada 16 gul\u00ed o priemere 57,2 mm<\/li>\n<li>Dobr\u00e1 vidite\u013enos\u0165 gul\u00ed pre TV z\u00e1znamy<\/li>\n<li>Priemer 57,2 mm<\/li>\n<li>Dlh\u00e1 \u017eivotnos\u0165 gu\u013e\u00ed<\/li>\n<li>Predl\u017euje \u017eivotnos\u0165 pl\u00e1tna<\/li>\n<\/ul>\n<p>Na \u010distenie gul\u00ed pou\u017eite <a title=\"\u010cisti\u010d koul\u00ed Aramith ball cleaner \u2013 roztok na \u010di\u0161t\u011bn\u00ed kule\u010dn\u00edkov\u00fdch koul\u00ed 1 lahev \u2013 250 ml\" href=\"https:\/\/www.billiard-pro.cz\/obchod\/koule-aramith\/aramith-ball-cleaner-roztok-na-cisteni-kouli-1-lahev-250-ml\/\">ARAMITH Cleaner<\/a> &#8211; zna\u010dkov\u00fd \u010distiaci roztok na \u00fadr\u017ebu gu\u013e\u00ed <strong>V\u00fdrobca:<\/strong> Saluc S.A.. \/ ARAMITH, Belgicko <strong>Dostupnos\u0165 tovaru:<\/strong> skladom s dodan\u00edm do 3 pracovn\u00fdch dn\u00ed<\/p>\n","protected":false},"excerpt":{"rendered":"<p>SUPER ARAMITH PRO CUP TV 57,2 mm Profesion\u00e1lne turnajov\u00e9 billiardov\u00e9 gule najvy\u0161\u0161ej kvality Gu\u013ee majstrovstv\u00e1 sveta v poole Vhodn\u00e9 pre lep\u0161ie herne, ale aj dom\u00e1cnosti ku kvalitn\u00fdm stolom Gu\u013ee garantovane rovnakej hmotnosti Prec\u00edzne vyv\u00e1\u017eenie gu\u013e\u00ed Biela gu\u013ea s \u010derven\u00fdmi zna\u010dkami &#8222;Beru\u0161ka&#8220; Vyroben\u00e9 z fenolovej \u017eivice Sada 16 gul\u00ed o priemere 57,2 mm Dobr\u00e1 vidite\u013enos\u0165 gul\u00ed [&hellip;]<\/p>\n","protected":false},"featured_media":3834,"comment_status":"open","ping_status":"closed","template":"","meta":[],"product_brand":[],"product_cat":[277,390],"product_tag":[],"class_list":{"0":"post-3301","1":"product","2":"type-product","3":"status-publish","4":"has-post-thumbnail","6":"product_cat-biliardove-gule-aramith","7":"product_cat-pool-sk-3","9":"first","10":"instock","11":"shipping-taxable","12":"purchasable","13":"product-type-simple"},"_links":{"self":[{"href":"https:\/\/www.billiard-pro.cz\/sk\/wp-json\/wp\/v2\/product\/3301","targetHints":{"allow":["GET"]}}],"collection":[{"href":"https:\/\/www.billiard-pro.cz\/sk\/wp-json\/wp\/v2\/product"}],"about":[{"href":"https:\/\/www.billiard-pro.cz\/sk\/wp-json\/wp\/v2\/types\/product"}],"replies":[{"embeddable":true,"href":"https:\/\/www.billiard-pro.cz\/sk\/wp-json\/wp\/v2\/comments?post=3301"}],"wp:featuredmedia":[{"embeddable":true,"href":"https:\/\/www.billiard-pro.cz\/sk\/wp-json\/wp\/v2\/media\/3834"}],"wp:attachment":[{"href":"https:\/\/www.billiard-pro.cz\/sk\/wp-json\/wp\/v2\/media?parent=3301"}],"wp:term":[{"taxonomy":"product_brand","embeddable":true,"href":"https:\/\/www.billiard-pro.cz\/sk\/wp-json\/wp\/v2\/product_brand?post=3301"},{"taxonomy":"product_cat","embeddable":true,"href":"https:\/\/www.billiard-pro.cz\/sk\/wp-json\/wp\/v2\/product_cat?post=3301"},{"taxonomy":"product_tag","embeddable":true,"href":"https:\/\/www.billiard-pro.cz\/sk\/wp-json\/wp\/v2\/product_tag?post=3301"}],"curies":[{"name":"wp","href":"https:\/\/api.w.org\/{rel}","templated":true}]}}