{"id":3309,"date":"2013-09-01T19:58:38","date_gmt":"2013-09-01T17:58:38","guid":{"rendered":"http:\/\/localhost\/iwansimonis\/obchod\/nezerazene\/biliardove-gule-karambol-super-aramith-deluxe-615-mm-3-gule-v-sade\/"},"modified":"2016-12-07T14:40:09","modified_gmt":"2016-12-07T13:40:09","slug":"biliardove-gule-karambol-super-aramith-deluxe-615-mm-3-gule-v-sade","status":"publish","type":"product","link":"https:\/\/www.billiard-pro.cz\/sk\/obchod\/biliardove-gule-aramith\/krambou\/biliardove-gule-karambol-super-aramith-deluxe-615-mm-3-gule-v-sade\/","title":{"rendered":"Biliardov\u00e9 gule KARAMBOL Super Aramith Deluxe, 61,5 mm, 3 gule v sade"},"content":{"rendered":"<p><strong>SUPER ARAMITH DE LUXE BALL SET 61.5MM<\/strong><img loading=\"lazy\" decoding=\"async\" class=\"size-full wp-image-3912 alignright\" src=\"https:\/\/www.billiard-pro.cz\/wp-content\/uploads\/2013\/09\/aramith-logo.jpg\" alt=\"Aramith\" width=\"112\" height=\"50\" \/><\/p>\n<p>Karambolov\u00e9 gule Super Aramith De Luxe, 61,5 mm &#8211; sada 3<\/p>\n<ul>\n<li>Najpou\u017e\u00edvanej\u0161ie karambolov\u00e9 gule na technick\u00e9 discipl\u00edny na celom svete.<\/li>\n<li>Kvalitat\u00edvne identick\u00e9 ako gu\u013ea Aramith Tournament &#8211; l\u00ed\u0161ia sa len farbou \u017eltej gule v sade Tournament.<\/li>\n<li>Sada 3 ks &#8211; profesion\u00e1lne karambolov\u00e9 gule Deluxe.<\/li>\n<li>Sada ur\u010den\u00e1 pre s\u00fa\u0165a\u017ee v technick\u00fdch discipl\u00ednach v karambolu<\/li>\n<li>Sada pre k\u00e1dre, vo\u013en\u00e1 hra a jednoband &#8211; ako v \u010cR tak v celej Eur\u00f3pe.<\/li>\n<li>Vynikaj\u00faca kvalita a dlh\u00e1 \u017eivotnos\u0165<\/li>\n<li>\u0160pi\u010dkov\u00e9 vyv\u00e1\u017een\u00e9 z\u00e1vodn\u00e9 karambolov\u00fd gule belgick\u00e9ho v\u00fdrobcu.<\/li>\n<li>Na \u010distenie pou\u017e\u00edvajte v\u00fdhradne orig. \u010disti\u010d Aramith Ball Cleaner<\/li>\n<li>Ak po\u017eadujete 4 gule &#8211; mo\u017eno priobjedna\u0165 modr\u00fa gu\u013eu <a href=\"https:\/\/www.billiard-pro.cz\/sk\/obchod\/biliardove-gule-aramith\/gula-karambol-aramith-premier-615-mm-modra\/\">Aramith karambol 61,5 mm<\/a><\/li>\n<\/ul>\n<p><strong>Materi\u00e1l:<\/strong> fenolov\u00e1 \u017eivica.<\/p>\n<p>Na \u010distenie gul\u00ed ARAMITH pou\u017eite <a href=\"https:\/\/www.billiard-pro.cz\/sk\/obchod\/biliardove-gule-aramith\/cistic-guli-aramith-ball-cleaner-roztok-na-cistenie-biliardovych-guli-1-lahev-250-ml\/\">ARAMITH Cleaner <\/a>&#8211; zna\u010dkov\u00fd \u010distiaci roztok.<\/p>\n<p><strong>Dostupnos\u0165:<\/strong> skladom<\/p>\n<p><strong>V\u00fdrobca:<\/strong> SALUC \/ ARAMITH, Belgicko<\/p>\n<p><strong>Dostupnos\u0165:<\/strong> Skladom<\/p>\n","protected":false},"excerpt":{"rendered":"<p>SUPER ARAMITH DE LUXE BALL SET 61.5MM Karambolov\u00e9 gule Super Aramith De Luxe, 61,5 mm &#8211; sada 3 Najpou\u017e\u00edvanej\u0161ie karambolov\u00e9 gule na technick\u00e9 discipl\u00edny na celom svete. Kvalitat\u00edvne identick\u00e9 ako gu\u013ea Aramith Tournament &#8211; l\u00ed\u0161ia sa len farbou \u017eltej gule v sade Tournament. Sada 3 ks &#8211; profesion\u00e1lne karambolov\u00e9 gule Deluxe. Sada ur\u010den\u00e1 pre s\u00fa\u0165a\u017ee [&hellip;]<\/p>\n","protected":false},"featured_media":4108,"comment_status":"open","ping_status":"closed","template":"","meta":[],"product_brand":[],"product_cat":[277,386],"product_tag":[],"class_list":{"0":"post-3309","1":"product","2":"type-product","3":"status-publish","4":"has-post-thumbnail","6":"product_cat-biliardove-gule-aramith","7":"product_cat-krambou","9":"first","10":"instock","11":"shipping-taxable","12":"purchasable","13":"product-type-simple"},"_links":{"self":[{"href":"https:\/\/www.billiard-pro.cz\/sk\/wp-json\/wp\/v2\/product\/3309","targetHints":{"allow":["GET"]}}],"collection":[{"href":"https:\/\/www.billiard-pro.cz\/sk\/wp-json\/wp\/v2\/product"}],"about":[{"href":"https:\/\/www.billiard-pro.cz\/sk\/wp-json\/wp\/v2\/types\/product"}],"replies":[{"embeddable":true,"href":"https:\/\/www.billiard-pro.cz\/sk\/wp-json\/wp\/v2\/comments?post=3309"}],"wp:featuredmedia":[{"embeddable":true,"href":"https:\/\/www.billiard-pro.cz\/sk\/wp-json\/wp\/v2\/media\/4108"}],"wp:attachment":[{"href":"https:\/\/www.billiard-pro.cz\/sk\/wp-json\/wp\/v2\/media?parent=3309"}],"wp:term":[{"taxonomy":"product_brand","embeddable":true,"href":"https:\/\/www.billiard-pro.cz\/sk\/wp-json\/wp\/v2\/product_brand?post=3309"},{"taxonomy":"product_cat","embeddable":true,"href":"https:\/\/www.billiard-pro.cz\/sk\/wp-json\/wp\/v2\/product_cat?post=3309"},{"taxonomy":"product_tag","embeddable":true,"href":"https:\/\/www.billiard-pro.cz\/sk\/wp-json\/wp\/v2\/product_tag?post=3309"}],"curies":[{"name":"wp","href":"https:\/\/api.w.org\/{rel}","templated":true}]}}