{"id":3311,"date":"2013-09-01T20:00:29","date_gmt":"2013-09-01T18:00:29","guid":{"rendered":"http:\/\/localhost\/iwansimonis\/obchod\/nezerazene\/biliardove-gule-karambol-super-aramith-tournament-615-mm-3-gule-v-sade\/"},"modified":"2019-11-08T20:40:10","modified_gmt":"2019-11-08T19:40:10","slug":"biliardove-gule-karambol-super-aramith-tournament-615-mm-3-gule-v-sade","status":"publish","type":"product","link":"https:\/\/www.billiard-pro.cz\/sk\/obchod\/biliardove-gule-aramith\/krambou\/biliardove-gule-karambol-super-aramith-tournament-615-mm-3-gule-v-sade\/","title":{"rendered":"Biliardov\u00e9 gule KARAMBOL  Super Aramith Tournament, 61,5 mm, 3 gule v sade"},"content":{"rendered":"<p><strong>Super Aramith Tournament \u2013 61,5 mm \u2013 3 gule<img loading=\"lazy\" decoding=\"async\" class=\"size-full wp-image-3912 alignright\" src=\"https:\/\/www.billiard-pro.cz\/wp-content\/uploads\/2013\/09\/aramith-logo.jpg\" alt=\"Aramith\" width=\"112\" height=\"50\" \/><\/strong><br \/>Profesion\u00e1lne karambolov\u00e9 gule<br \/>Ur\u010den\u00e9 pre z\u00e1vodnu hru \u2013 karambol &#8211; hra na 3 gule<br \/>Priemer 61,5 mm<br \/>Sada 3ks<br \/><strong>Farby:<\/strong> biela, \u017elt\u00e1, \u010derven\u00e1,<br \/>Vyroben\u00e9 z fenolovej \u017eivice<br \/>Na \u010distenie gul\u00ed ARAMITH pou\u017eite ARAMITH Cleaner \u2013 zna\u010dkov\u00fd \u010distiaci roztok na \u00fadr\u017ebu gul\u00ed.<br \/><strong>V\u00fdrobca:<\/strong> SALUC\/ARAMITH, Belgicko<br \/><strong>Dostupnos\u0165 tovaru:<\/strong> skladom s dodan\u00edm do 3 pracovn\u00fdch dn\u00ed<\/p>\n","protected":false},"excerpt":{"rendered":"<p>Super Aramith Tournament \u2013 61,5 mm \u2013 3 guleProfesion\u00e1lne karambolov\u00e9 guleUr\u010den\u00e9 pre z\u00e1vodnu hru \u2013 karambol &#8211; hra na 3 gulePriemer 61,5 mmSada 3ksFarby: biela, \u017elt\u00e1, \u010derven\u00e1,Vyroben\u00e9 z fenolovej \u017eiviceNa \u010distenie gul\u00ed ARAMITH pou\u017eite ARAMITH Cleaner \u2013 zna\u010dkov\u00fd \u010distiaci roztok na \u00fadr\u017ebu gul\u00ed.V\u00fdrobca: SALUC\/ARAMITH, BelgickoDostupnos\u0165 tovaru: skladom s dodan\u00edm do 3 pracovn\u00fdch dn\u00ed<\/p>\n","protected":false},"featured_media":4110,"comment_status":"open","ping_status":"closed","template":"","meta":[],"product_brand":[],"product_cat":[277,386],"product_tag":[],"class_list":{"0":"post-3311","1":"product","2":"type-product","3":"status-publish","4":"has-post-thumbnail","6":"product_cat-biliardove-gule-aramith","7":"product_cat-krambou","9":"first","10":"instock","11":"shipping-taxable","12":"purchasable","13":"product-type-simple"},"_links":{"self":[{"href":"https:\/\/www.billiard-pro.cz\/sk\/wp-json\/wp\/v2\/product\/3311","targetHints":{"allow":["GET"]}}],"collection":[{"href":"https:\/\/www.billiard-pro.cz\/sk\/wp-json\/wp\/v2\/product"}],"about":[{"href":"https:\/\/www.billiard-pro.cz\/sk\/wp-json\/wp\/v2\/types\/product"}],"replies":[{"embeddable":true,"href":"https:\/\/www.billiard-pro.cz\/sk\/wp-json\/wp\/v2\/comments?post=3311"}],"wp:featuredmedia":[{"embeddable":true,"href":"https:\/\/www.billiard-pro.cz\/sk\/wp-json\/wp\/v2\/media\/4110"}],"wp:attachment":[{"href":"https:\/\/www.billiard-pro.cz\/sk\/wp-json\/wp\/v2\/media?parent=3311"}],"wp:term":[{"taxonomy":"product_brand","embeddable":true,"href":"https:\/\/www.billiard-pro.cz\/sk\/wp-json\/wp\/v2\/product_brand?post=3311"},{"taxonomy":"product_cat","embeddable":true,"href":"https:\/\/www.billiard-pro.cz\/sk\/wp-json\/wp\/v2\/product_cat?post=3311"},{"taxonomy":"product_tag","embeddable":true,"href":"https:\/\/www.billiard-pro.cz\/sk\/wp-json\/wp\/v2\/product_tag?post=3311"}],"curies":[{"name":"wp","href":"https:\/\/api.w.org\/{rel}","templated":true}]}}