{"id":3313,"date":"2013-09-01T18:02:26","date_gmt":"2013-09-01T16:02:26","guid":{"rendered":"http:\/\/localhost\/iwansimonis\/obchod\/nezerazene\/biliardove-gule-karambol-super-aramith-pro-cup-615-mm-3-gule-v-sade\/"},"modified":"2016-12-07T14:55:24","modified_gmt":"2016-12-07T13:55:24","slug":"biliardove-gule-karambol-super-aramith-pro-cup-615-mm-3-gule-v-sade","status":"publish","type":"product","link":"https:\/\/www.billiard-pro.cz\/sk\/obchod\/biliardove-gule-aramith\/krambou\/biliardove-gule-karambol-super-aramith-pro-cup-615-mm-3-gule-v-sade\/","title":{"rendered":"Biliardov\u00e9 gule KARAMBOL Super Aramith Pro-Cup, 61,5 mm, 3 gule v sade"},"content":{"rendered":"<p><strong>Biliardov\u00e9 gule KARAMBOL Super Aramith Pro-Cup, 61,5 mm, 3 gule v sade<\/strong><\/p>\n<p>&nbsp;<\/p>\n<ul>\n<li>Sada 3 profesion\u00e1lnych turnajov\u00fdch karambolov\u00fdch gul\u00ed ARAMITH, priemer 61,5 mm.<img decoding=\"async\" class=\"alignright\" src=\"https:\/\/www.billiard-pro.cz\/wp-content\/uploads\/2013\/09\/aramith-logo.jpg\" alt=\"Aramith\" \/><\/li>\n<li>Pou\u017e\u00edvaj\u00fa sa na medzin\u00e1rodn\u00fdch turnajoch svetovej \u00farovne.<\/li>\n<li>V\u010faka \u010derven\u00fdm bodom sledujete rot\u00e1ciu gule a fal\u0161e.<\/li>\n<li>V\u0161etky svetov\u00e9 turnaje v Trojband \/ kvart\u00e1ch \/ sa hraj\u00fa len s t\u00fdmito gu\u013eami.<\/li>\n<li>Z\u00e1vodn\u00e9 zna\u010dkov\u00e9 karambolov\u00e9 gule, 3 ks v balen\u00ed, priemer gul\u00ed 61,5 mm,<\/li>\n<li>Na \u010distenie gul\u00ed ARAMITH pou\u017eite <a title=\"\u010cisti\u010d koul\u00ed Aramith ball cleaner \u2013 roztok na \u010di\u0161t\u011bn\u00ed kule\u010dn\u00edkov\u00fdch koul\u00ed 1 lahev \u2013 250 ml\" href=\"https:\/\/www.billiard-pro.cz\/obchod\/koule-aramith\/billiard-balls-cleaning\/aramith-ball-cleaner-roztok-na-cisteni-kouli-1-lahev-250-ml\/\">ARAMITH Cleaner<\/a> &#8211; zna\u010dkov\u00fd \u010distiaci roztok na \u00fadr\u017ebu gul\u00ed.<\/li>\n<\/ul>\n<p>&nbsp;<\/p>\n<p><strong>Materi\u00e1l:<\/strong> \u00a0Fenolov\u00e1 \u017eivica<\/p>\n<p><strong>V\u00fdrobca:<\/strong> SALUC\/Aramith<\/p>\n<p><strong>Dostupnos\u0165 tovaru:<\/strong> skladom<\/p>\n","protected":false},"excerpt":{"rendered":"<p>Biliardov\u00e9 gule KARAMBOL Super Aramith Pro-Cup, 61,5 mm, 3 gule v sade &nbsp; Sada 3 profesion\u00e1lnych turnajov\u00fdch karambolov\u00fdch gul\u00ed ARAMITH, priemer 61,5 mm. Pou\u017e\u00edvaj\u00fa sa na medzin\u00e1rodn\u00fdch turnajoch svetovej \u00farovne. V\u010faka \u010derven\u00fdm bodom sledujete rot\u00e1ciu gule a fal\u0161e. V\u0161etky svetov\u00e9 turnaje v Trojband \/ kvart\u00e1ch \/ sa hraj\u00fa len s t\u00fdmito gu\u013eami. Z\u00e1vodn\u00e9 zna\u010dkov\u00e9 karambolov\u00e9 [&hellip;]<\/p>\n","protected":false},"featured_media":4106,"comment_status":"open","ping_status":"closed","template":"","meta":[],"product_brand":[],"product_cat":[277,386],"product_tag":[],"class_list":{"0":"post-3313","1":"product","2":"type-product","3":"status-publish","4":"has-post-thumbnail","6":"product_cat-biliardove-gule-aramith","7":"product_cat-krambou","9":"first","10":"instock","11":"shipping-taxable","12":"purchasable","13":"product-type-simple"},"_links":{"self":[{"href":"https:\/\/www.billiard-pro.cz\/sk\/wp-json\/wp\/v2\/product\/3313","targetHints":{"allow":["GET"]}}],"collection":[{"href":"https:\/\/www.billiard-pro.cz\/sk\/wp-json\/wp\/v2\/product"}],"about":[{"href":"https:\/\/www.billiard-pro.cz\/sk\/wp-json\/wp\/v2\/types\/product"}],"replies":[{"embeddable":true,"href":"https:\/\/www.billiard-pro.cz\/sk\/wp-json\/wp\/v2\/comments?post=3313"}],"wp:featuredmedia":[{"embeddable":true,"href":"https:\/\/www.billiard-pro.cz\/sk\/wp-json\/wp\/v2\/media\/4106"}],"wp:attachment":[{"href":"https:\/\/www.billiard-pro.cz\/sk\/wp-json\/wp\/v2\/media?parent=3313"}],"wp:term":[{"taxonomy":"product_brand","embeddable":true,"href":"https:\/\/www.billiard-pro.cz\/sk\/wp-json\/wp\/v2\/product_brand?post=3313"},{"taxonomy":"product_cat","embeddable":true,"href":"https:\/\/www.billiard-pro.cz\/sk\/wp-json\/wp\/v2\/product_cat?post=3313"},{"taxonomy":"product_tag","embeddable":true,"href":"https:\/\/www.billiard-pro.cz\/sk\/wp-json\/wp\/v2\/product_tag?post=3313"}],"curies":[{"name":"wp","href":"https:\/\/api.w.org\/{rel}","templated":true}]}}