{"id":3315,"date":"2013-09-01T18:03:50","date_gmt":"2013-09-01T16:03:50","guid":{"rendered":"http:\/\/localhost\/iwansimonis\/obchod\/nezerazene\/biliardove-gule-karambol-super-aramith-tournament-615-mm-4-gule-v-sade\/"},"modified":"2016-12-07T14:49:12","modified_gmt":"2016-12-07T13:49:12","slug":"biliardove-gule-karambol-super-aramith-tournament-615-mm-4-gule-v-sade","status":"publish","type":"product","link":"https:\/\/www.billiard-pro.cz\/sk\/obchod\/biliardove-gule-aramith\/krambou\/biliardove-gule-karambol-super-aramith-tournament-615-mm-4-gule-v-sade\/","title":{"rendered":"Biliardov\u00e9 gule KARAMBOL Super Aramith Tournament, 61,5 mm, 4 gule v sade"},"content":{"rendered":"<p><strong>Super Aramith Tournament &#8211; 61,5 mm &#8211; 4 gule<\/strong><img decoding=\"async\" class=\"alignright\" src=\"https:\/\/www.billiard-pro.cz\/wp-content\/uploads\/2013\/09\/aramith-logo.jpg\" alt=\"Aramith\" \/><\/p>\n<ul>\n<li>Profesion\u00e1lne karambolov\u00e9 gule<\/li>\n<li>Karambolov\u00e9 gule Aramith Tournament s\u00fa gule najvy\u0161\u0161ej kateg\u00f3rie a kvality na trhu.<\/li>\n<li>Sada 4 gul\u00ed sa vyr\u00e1ba viacmenej iba pre \u010desk\u00fd a slovensk\u00fd trh.<\/li>\n<li>T\u00e1to sada je drah\u0161ie a kvalitnej\u0161ie alternat\u00edvou k sade Aramith Premier.<\/li>\n<li>Gu\u013ea: biela, \u017elt\u00e1, jasne \u010derven\u00e1 a modr\u00e1.<\/li>\n<li>Vynikaj\u00faci gule ur\u010den\u00e9 do re\u0161taur\u00e1cie a herne, dom\u00e1cnosti<\/li>\n<li>Ve\u013emi popul\u00e1rna karambolov\u00fd hra na \u0161tyri gule<\/li>\n<li>Ur\u010den\u00e9 pre z\u00e1vodnu hru &#8211; karambol \u00a0&#8211; hra na 4 gule<\/li>\n<li>Priemer 61,5 mm<\/li>\n<li>Vyroben\u00e9 z fenolovej \u017eivice<\/li>\n<\/ul>\n<p>Na \u010distenie gul\u00ed ARAMITH pou\u017eite <a title=\"\u010cisti\u010d kule\u010dn\u00edkov\u00fdch koul\u00ed Aramith ball cleaner \u2013 1 lahev \u2013 250 ml\" href=\"https:\/\/www.billiard-pro.cz\/obchod\/koule-aramith\/aramith-ball-cleaner-roztok-na-cisteni-kouli-1-lahev-250-ml\/\">ARAMITH Cleaner<\/a> &#8211; zna\u010dkov\u00fd \u010distiaci roztok na \u00fadr\u017ebu gul\u00ed.<\/p>\n<p><strong>V\u00fdrobca<\/strong>: SALUC\/ARAMITH, Belgicko<\/p>\n<p><strong>Dostupnos\u0165 tovaru<\/strong>: skladom<\/p>\n","protected":false},"excerpt":{"rendered":"<p>Super Aramith Tournament &#8211; 61,5 mm &#8211; 4 gule Profesion\u00e1lne karambolov\u00e9 gule Karambolov\u00e9 gule Aramith Tournament s\u00fa gule najvy\u0161\u0161ej kateg\u00f3rie a kvality na trhu. Sada 4 gul\u00ed sa vyr\u00e1ba viacmenej iba pre \u010desk\u00fd a slovensk\u00fd trh. T\u00e1to sada je drah\u0161ie a kvalitnej\u0161ie alternat\u00edvou k sade Aramith Premier. Gu\u013ea: biela, \u017elt\u00e1, jasne \u010derven\u00e1 a modr\u00e1. Vynikaj\u00faci [&hellip;]<\/p>\n","protected":false},"featured_media":4218,"comment_status":"open","ping_status":"closed","template":"","meta":[],"product_brand":[],"product_cat":[277,386],"product_tag":[],"class_list":{"0":"post-3315","1":"product","2":"type-product","3":"status-publish","4":"has-post-thumbnail","6":"product_cat-biliardove-gule-aramith","7":"product_cat-krambou","9":"first","10":"instock","11":"shipping-taxable","12":"purchasable","13":"product-type-simple"},"_links":{"self":[{"href":"https:\/\/www.billiard-pro.cz\/sk\/wp-json\/wp\/v2\/product\/3315","targetHints":{"allow":["GET"]}}],"collection":[{"href":"https:\/\/www.billiard-pro.cz\/sk\/wp-json\/wp\/v2\/product"}],"about":[{"href":"https:\/\/www.billiard-pro.cz\/sk\/wp-json\/wp\/v2\/types\/product"}],"replies":[{"embeddable":true,"href":"https:\/\/www.billiard-pro.cz\/sk\/wp-json\/wp\/v2\/comments?post=3315"}],"wp:featuredmedia":[{"embeddable":true,"href":"https:\/\/www.billiard-pro.cz\/sk\/wp-json\/wp\/v2\/media\/4218"}],"wp:attachment":[{"href":"https:\/\/www.billiard-pro.cz\/sk\/wp-json\/wp\/v2\/media?parent=3315"}],"wp:term":[{"taxonomy":"product_brand","embeddable":true,"href":"https:\/\/www.billiard-pro.cz\/sk\/wp-json\/wp\/v2\/product_brand?post=3315"},{"taxonomy":"product_cat","embeddable":true,"href":"https:\/\/www.billiard-pro.cz\/sk\/wp-json\/wp\/v2\/product_cat?post=3315"},{"taxonomy":"product_tag","embeddable":true,"href":"https:\/\/www.billiard-pro.cz\/sk\/wp-json\/wp\/v2\/product_tag?post=3315"}],"curies":[{"name":"wp","href":"https:\/\/api.w.org\/{rel}","templated":true}]}}