{"id":3319,"date":"2013-09-01T18:07:00","date_gmt":"2013-09-01T18:07:00","guid":{"rendered":"http:\/\/localhost\/iwansimonis\/obchod\/nezerazene\/biliardove-gule-karambol-aramith-premier-615-mm-4-gule-v-sade\/"},"modified":"2019-07-22T17:42:35","modified_gmt":"2019-07-22T15:42:35","slug":"biliardove-gule-karambol-aramith-premier-615-mm-4-gule-v-sade","status":"publish","type":"product","link":"https:\/\/www.billiard-pro.cz\/sk\/obchod\/biliardove-gule-aramith\/krambou\/biliardove-gule-karambol-aramith-premier-615-mm-4-gule-v-sade\/","title":{"rendered":"Biliardov\u00e9 gule KARAMBOL  Aramith Premier, 61,5 mm, 4 gule v sade"},"content":{"rendered":"<ul>\n<li><strong>ARAMITH PREMIER 61,5 mm &#8211; karambolov\u00e9 gule<img decoding=\"async\" class=\"alignright\" src=\"https:\/\/www.billiard-pro.cz\/wp-content\/uploads\/2013\/09\/aramith-logo.jpg\" alt=\"Aramith\" \/><\/strong><\/li>\n<li>Zna\u010dkov\u00e9 karambolov\u00e9 gule, 4 ks v balen\u00ed- hra na 4 gule.<\/li>\n<li>Priemer gul\u00ed 61,5 mm,<\/li>\n<li>Materi\u00e1l ARAMITH Phenolic &#8211; fenolov\u00e1 \u017eivice<\/li>\n<li>Farby gu\u013e\u00ed: \u00a0modr\u00e1, \u010derven\u00e1, biela, biela s bodkou.<\/li>\n<li>Nez\u00e1vodn\u00e9 gule vhodn\u00e9 do hern\u00ed s men\u0161\u00edm prev\u00e1dzkou a dom\u00e1cnost\u00ed.<\/li>\n<\/ul>\n<p>Na \u010distenie gul\u00ed ARAMITH pou\u017eite <a title=\"\u010cisti\u010d kule\u010dn\u00edkov\u00fdch koul\u00ed Aramith  ball cleaner \u2013 1 lahev \u2013 250 ml\" href=\"https:\/\/www.billiard-pro.cz\/obchod\/koule-aramith\/aramith-ball-cleaner-roztok-na-cisteni-kouli-1-lahev-250-ml\/\">ARAMITH Cleaner <\/a>&#8211; zna\u010dkov\u00fd \u010distiaci roztok na \u00fadr\u017ebu gul\u00ed. <strong>V\u00fdrobca<\/strong>: SALUC\/ARAMITH, Belgicko <strong>Dostupnos\u0165 tovaru<\/strong>: skladom s dodan\u00edm do 3 pracovn\u00fdch dn\u00ed<\/p>\n","protected":false},"excerpt":{"rendered":"<p>ARAMITH PREMIER 61,5 mm &#8211; karambolov\u00e9 gule Zna\u010dkov\u00e9 karambolov\u00e9 gule, 4 ks v balen\u00ed- hra na 4 gule. Priemer gul\u00ed 61,5 mm, Materi\u00e1l ARAMITH Phenolic &#8211; fenolov\u00e1 \u017eivice Farby gu\u013e\u00ed: \u00a0modr\u00e1, \u010derven\u00e1, biela, biela s bodkou. Nez\u00e1vodn\u00e9 gule vhodn\u00e9 do hern\u00ed s men\u0161\u00edm prev\u00e1dzkou a dom\u00e1cnost\u00ed. Na \u010distenie gul\u00ed ARAMITH pou\u017eite ARAMITH Cleaner &#8211; zna\u010dkov\u00fd [&hellip;]<\/p>\n","protected":false},"featured_media":4454,"comment_status":"open","ping_status":"closed","template":"","meta":[],"product_brand":[],"product_cat":[277,386],"product_tag":[],"class_list":{"0":"post-3319","1":"product","2":"type-product","3":"status-publish","4":"has-post-thumbnail","6":"product_cat-biliardove-gule-aramith","7":"product_cat-krambou","9":"first","10":"instock","11":"shipping-taxable","12":"purchasable","13":"product-type-simple"},"_links":{"self":[{"href":"https:\/\/www.billiard-pro.cz\/sk\/wp-json\/wp\/v2\/product\/3319","targetHints":{"allow":["GET"]}}],"collection":[{"href":"https:\/\/www.billiard-pro.cz\/sk\/wp-json\/wp\/v2\/product"}],"about":[{"href":"https:\/\/www.billiard-pro.cz\/sk\/wp-json\/wp\/v2\/types\/product"}],"replies":[{"embeddable":true,"href":"https:\/\/www.billiard-pro.cz\/sk\/wp-json\/wp\/v2\/comments?post=3319"}],"wp:featuredmedia":[{"embeddable":true,"href":"https:\/\/www.billiard-pro.cz\/sk\/wp-json\/wp\/v2\/media\/4454"}],"wp:attachment":[{"href":"https:\/\/www.billiard-pro.cz\/sk\/wp-json\/wp\/v2\/media?parent=3319"}],"wp:term":[{"taxonomy":"product_brand","embeddable":true,"href":"https:\/\/www.billiard-pro.cz\/sk\/wp-json\/wp\/v2\/product_brand?post=3319"},{"taxonomy":"product_cat","embeddable":true,"href":"https:\/\/www.billiard-pro.cz\/sk\/wp-json\/wp\/v2\/product_cat?post=3319"},{"taxonomy":"product_tag","embeddable":true,"href":"https:\/\/www.billiard-pro.cz\/sk\/wp-json\/wp\/v2\/product_tag?post=3319"}],"curies":[{"name":"wp","href":"https:\/\/api.w.org\/{rel}","templated":true}]}}