{"id":3325,"date":"2013-09-01T18:37:53","date_gmt":"2013-09-01T16:37:53","guid":{"rendered":"http:\/\/localhost\/iwansimonis\/obchod\/nezerazene\/gulecnikove-kriedy-na-tago-master\/"},"modified":"2020-01-24T10:45:03","modified_gmt":"2020-01-24T09:45:03","slug":"gulecnikove-kriedy-na-tago-master","status":"publish","type":"product","link":"https:\/\/www.billiard-pro.cz\/sk\/obchod\/billiardove-potreby\/kriedy-na-tago-3\/gulecnikove-kriedy-na-tago-master\/","title":{"rendered":"Master biliardov\u00e9 kriedy na t\u00e1go r\u00f4zne farby"},"content":{"rendered":"<p><strong>Master &#8211; krieda na t\u00e1go<img loading=\"lazy\" decoding=\"async\" class=\"size-full wp-image-4052 alignright\" src=\"https:\/\/www.billiard-pro.cz\/wp-content\/uploads\/2013\/09\/tweeten-logo.jpg\" alt=\"tweeten-logo\" width=\"164\" height=\"50\" \/><\/strong><\/p>\n<ul>\n<li>Ve\u013emi kvalitn\u00e9 a sn\u00e1\u010f najpou\u017e\u00edvanej\u0161ie a najob\u013e\u00fabenej\u0161ie kriedy \u00a0na svete<\/li>\n<li>Pou\u017e\u00edvaj\u00fa ich ako za\u010diato\u010dn\u00edci tak majstri<\/li>\n<li>Vyroben\u00e9 v USA u firmy TWEETEN, Chicago<\/li>\n<li>Vyberte farbu a po\u017eadovan\u00e9 mno\u017estvo v objedn\u00e1vkovom okienku. Dod\u00e1vame vo farbe modrej, zelenej, \u010dervenej, \u010diernej a \u0161edej po jednotliv\u00fdch kusoch alebo v balen\u00ed 12 ks alebo 144 ks.<\/li>\n<\/ul>\n<p><strong>V\u00fdrobca:<\/strong> Tweeten Fibre Company Inc., Chicago, USA<\/p>\n<p><strong>Dostupnos\u0165<\/strong>: skladom s dodan\u00edm do 3 pracovn\u00fdch dn\u00ed<\/p>\n","protected":false},"excerpt":{"rendered":"<p>Master &#8211; krieda na t\u00e1go Ve\u013emi kvalitn\u00e9 a sn\u00e1\u010f najpou\u017e\u00edvanej\u0161ie a najob\u013e\u00fabenej\u0161ie kriedy \u00a0na svete Pou\u017e\u00edvaj\u00fa ich ako za\u010diato\u010dn\u00edci tak majstri Vyroben\u00e9 v USA u firmy TWEETEN, Chicago Vyberte farbu a po\u017eadovan\u00e9 mno\u017estvo v objedn\u00e1vkovom okienku. Dod\u00e1vame vo farbe modrej, zelenej, \u010dervenej, \u010diernej a \u0161edej po jednotliv\u00fdch kusoch alebo v balen\u00ed 12 ks alebo 144 [&hellip;]<\/p>\n","protected":false},"featured_media":3872,"comment_status":"open","ping_status":"closed","template":"","meta":[],"product_brand":[],"product_cat":[251,349],"product_tag":[],"class_list":{"0":"post-3325","1":"product","2":"type-product","3":"status-publish","4":"has-post-thumbnail","6":"product_cat-billiardove-potreby","7":"product_cat-kriedy-na-tago-3","8":"pa_colour-tweeten-cervena-sk","9":"pa_colour-tweeten-cierna","10":"pa_colour-tweeten-hneda-sk","11":"pa_colour-tweeten-modra-sk","12":"pa_colour-tweeten-seda-sk","13":"pa_colour-tweeten-zelena-sk","14":"pa_package-size-1-ks-sk","15":"pa_package-size-12-ks-sk","16":"pa_package-size-144-ks-sk","18":"first","19":"instock","20":"shipping-taxable","21":"purchasable","22":"product-type-variable"},"_links":{"self":[{"href":"https:\/\/www.billiard-pro.cz\/sk\/wp-json\/wp\/v2\/product\/3325","targetHints":{"allow":["GET"]}}],"collection":[{"href":"https:\/\/www.billiard-pro.cz\/sk\/wp-json\/wp\/v2\/product"}],"about":[{"href":"https:\/\/www.billiard-pro.cz\/sk\/wp-json\/wp\/v2\/types\/product"}],"replies":[{"embeddable":true,"href":"https:\/\/www.billiard-pro.cz\/sk\/wp-json\/wp\/v2\/comments?post=3325"}],"wp:featuredmedia":[{"embeddable":true,"href":"https:\/\/www.billiard-pro.cz\/sk\/wp-json\/wp\/v2\/media\/3872"}],"wp:attachment":[{"href":"https:\/\/www.billiard-pro.cz\/sk\/wp-json\/wp\/v2\/media?parent=3325"}],"wp:term":[{"taxonomy":"product_brand","embeddable":true,"href":"https:\/\/www.billiard-pro.cz\/sk\/wp-json\/wp\/v2\/product_brand?post=3325"},{"taxonomy":"product_cat","embeddable":true,"href":"https:\/\/www.billiard-pro.cz\/sk\/wp-json\/wp\/v2\/product_cat?post=3325"},{"taxonomy":"product_tag","embeddable":true,"href":"https:\/\/www.billiard-pro.cz\/sk\/wp-json\/wp\/v2\/product_tag?post=3325"}],"curies":[{"name":"wp","href":"https:\/\/api.w.org\/{rel}","templated":true}]}}