{"id":3327,"date":"2013-09-01T18:39:44","date_gmt":"2013-09-01T16:39:44","guid":{"rendered":"http:\/\/localhost\/iwansimonis\/obchod\/nezerazene\/biliardove-gule-snooker-tournament-champion-pro-cup-524-mm-22-gul\/"},"modified":"2016-04-17T22:44:43","modified_gmt":"2016-04-17T20:44:43","slug":"biliardove-gule-snooker-tournament-champion-pro-cup-524-mm-22-gul","status":"publish","type":"product","link":"https:\/\/www.billiard-pro.cz\/sk\/obchod\/biliardove-gule-aramith\/snooker-sk\/biliardove-gule-snooker-tournament-champion-pro-cup-524-mm-22-gul\/","title":{"rendered":"Biliardov\u00e9 gule Aramith Snooker Tournament Champion Pro-Cup, 52,4 mm &#8211; 22 g\u00fa\u013e"},"content":{"rendered":"<p><strong>SNOOKER Tournament Champion Pro-Cup, 52,4 mm<\/strong>\u00a0<img decoding=\"async\" class=\"alignright\" src=\"https:\/\/www.billiard-pro.cz\/wp-content\/uploads\/2013\/09\/aramith-logo.jpg\" alt=\"Aramith\" \/><\/p>\n<ul>\n<li>Zna\u010dkov\u00e9 z\u00e1vodn\u00e9 snookerov\u00e9 gule ARAMITH belgick\u00e9ho v\u00fdrobcu Saluc.<\/li>\n<li>K tejto zak\u00fapenej sade gul\u00ed ARAMITH dostanete <a href=\"https:\/\/www.billiard-pro.cz\/sk\/obchod\/biliardove-gule-aramith\/cistic-guli-aramith-ball-cleaner-roztok-na-cistenie-biliardovych-guli-1-lahev-250-ml\/\">ARAMITH Cleaner<\/a> &#8211; zna\u010dkov\u00fd \u010distiaci roztok na \u00fadr\u017ebu gul\u00ed ZADARMO!<\/li>\n<li>Profesion\u00e1lna s\u00fa\u0165a\u017en\u00e1 sada g\u00fal\u00ed Aramith pre snooker.<\/li>\n<li>Biela hracia gu\u013ea Pro cup s \u010derven\u00fdmi bodkami.<\/li>\n<li>Najkvalitnej\u0161ie gule snooker na trhu.<\/li>\n<\/ul>\n<p><strong>Dostupnos\u0165 tovaru<\/strong>: skladom s dodan\u00edm do 3 pracovn\u00fdch dn\u00ed<\/p>\n","protected":false},"excerpt":{"rendered":"<p>SNOOKER Tournament Champion Pro-Cup, 52,4 mm\u00a0 Zna\u010dkov\u00e9 z\u00e1vodn\u00e9 snookerov\u00e9 gule ARAMITH belgick\u00e9ho v\u00fdrobcu Saluc. K tejto zak\u00fapenej sade gul\u00ed ARAMITH dostanete ARAMITH Cleaner &#8211; zna\u010dkov\u00fd \u010distiaci roztok na \u00fadr\u017ebu gul\u00ed ZADARMO! Profesion\u00e1lna s\u00fa\u0165a\u017en\u00e1 sada g\u00fal\u00ed Aramith pre snooker. Biela hracia gu\u013ea Pro cup s \u010derven\u00fdmi bodkami. Najkvalitnej\u0161ie gule snooker na trhu. Dostupnos\u0165 tovaru: skladom s [&hellip;]<\/p>\n","protected":false},"featured_media":4180,"comment_status":"closed","ping_status":"closed","template":"","meta":[],"product_brand":[],"product_cat":[277,229],"product_tag":[],"class_list":{"0":"post-3327","1":"product","2":"type-product","3":"status-publish","4":"has-post-thumbnail","6":"product_cat-biliardove-gule-aramith","7":"product_cat-snooker-sk","9":"first","10":"instock","11":"sold-individually","12":"shipping-taxable","13":"purchasable","14":"product-type-simple"},"_links":{"self":[{"href":"https:\/\/www.billiard-pro.cz\/sk\/wp-json\/wp\/v2\/product\/3327","targetHints":{"allow":["GET"]}}],"collection":[{"href":"https:\/\/www.billiard-pro.cz\/sk\/wp-json\/wp\/v2\/product"}],"about":[{"href":"https:\/\/www.billiard-pro.cz\/sk\/wp-json\/wp\/v2\/types\/product"}],"replies":[{"embeddable":true,"href":"https:\/\/www.billiard-pro.cz\/sk\/wp-json\/wp\/v2\/comments?post=3327"}],"wp:featuredmedia":[{"embeddable":true,"href":"https:\/\/www.billiard-pro.cz\/sk\/wp-json\/wp\/v2\/media\/4180"}],"wp:attachment":[{"href":"https:\/\/www.billiard-pro.cz\/sk\/wp-json\/wp\/v2\/media?parent=3327"}],"wp:term":[{"taxonomy":"product_brand","embeddable":true,"href":"https:\/\/www.billiard-pro.cz\/sk\/wp-json\/wp\/v2\/product_brand?post=3327"},{"taxonomy":"product_cat","embeddable":true,"href":"https:\/\/www.billiard-pro.cz\/sk\/wp-json\/wp\/v2\/product_cat?post=3327"},{"taxonomy":"product_tag","embeddable":true,"href":"https:\/\/www.billiard-pro.cz\/sk\/wp-json\/wp\/v2\/product_tag?post=3327"}],"curies":[{"name":"wp","href":"https:\/\/api.w.org\/{rel}","templated":true}]}}