{"id":3329,"date":"2013-09-01T18:41:21","date_gmt":"2013-09-01T16:41:21","guid":{"rendered":"http:\/\/localhost\/iwansimonis\/obchod\/nezerazene\/biliardove-gule-snooker-aramith-premier-524-mm-22-guli-v-sade\/"},"modified":"2015-05-17T15:23:00","modified_gmt":"2015-05-17T15:23:00","slug":"biliardove-gule-snooker-aramith-premier-524-mm-22-guli-v-sade","status":"publish","type":"product","link":"https:\/\/www.billiard-pro.cz\/sk\/obchod\/biliardove-gule-aramith\/snooker-sk\/biliardove-gule-snooker-aramith-premier-524-mm-22-guli-v-sade\/","title":{"rendered":"Biliardov\u00e9 gule  SNOOKER  Aramith Premier  52,4 mm, 22 gul\u00ed v sad\u011b"},"content":{"rendered":"<p><strong>SNOOKER ARAMITH PREMIER 52,4 mm<img decoding=\"async\" class=\"alignright\" src=\"https:\/\/www.billiard-pro.cz\/wp-content\/uploads\/2013\/09\/aramith-logo.jpg\" alt=\"Aramith\" \/><\/strong><\/p>\n<ul>\n<li>\u0160tandardy kvality Aramith<\/li>\n<li>Vynikaj\u00face hern\u00e9 vlastnosti<\/li>\n<li>Ide\u00e1lny kompromis medzi kvalitou a cenou<\/li>\n<li>Aramith snookerov\u00e9 gule vyroben\u00e9 z fenolovej \u017eivice maj\u00fa ove\u013ea lep\u0161iu odolnos\u0165 a dlhovekos\u0165 ako gu\u013ea z polyesteru.<\/li>\n<li>Vysok\u00e9 \u0161tandardy kvality a 8 krit\u00e9ri\u00ed: <strong>hustota, vyv\u00e1\u017eenos\u0165, priemer, gu\u013eatos\u0165, farba, lesk, tvrdos\u0165, hmotnos\u0165\u00a0<\/strong><\/li>\n<li>Zna\u010dkov\u00e9 snookerov\u00e9 gule<\/li>\n<li>Priemer gul\u00ed: 52,4 mm<\/li>\n<li>Vyroben\u00e9: ARAMITH Phenolic &#8211; fenolov\u00e1 \u017eivica<\/li>\n<li>Hoci je rad Premier o nie\u010do menej odolnej\u0161\u00ed proti opotrebeniu ne\u017e je rad Super Aramith aj napriek tomu pon\u00fakaj\u00fa \u017eivotnos\u0165 a\u017e 5 kr\u00e1t dlh\u0161ie ako ostatn\u00e9 biliardov\u00e9 gule<\/li>\n<li>Aramith snookerov\u00e9 gule vyroben\u00e9 z fenolovej \u017eivice maj\u00fa ove\u013ea lep\u0161iu odolnos\u0165 a dlhovekos\u0165 ako gu\u013ea z polyesteru.<\/li>\n<\/ul>\n<p>Na \u010distenie gul\u00ed ARAMITH pu\u017eijte ARAMITH Cleaner &#8211; zna\u010dkov\u00fd \u010distiaci roztok na \u00fadr\u017ebu gul\u00ed.<\/p>\n<p><strong>V\u00fdrobca:<\/strong> Saluc \/ ARAMITH, Belgicko<\/p>\n<p><strong>Dostupnos\u0165 tovaru:<\/strong> skladom s dodan\u00edm do 3 pracovn\u00fdch dn\u00ed<\/p>\n","protected":false},"excerpt":{"rendered":"<p>SNOOKER ARAMITH PREMIER 52,4 mm \u0160tandardy kvality Aramith Vynikaj\u00face hern\u00e9 vlastnosti Ide\u00e1lny kompromis medzi kvalitou a cenou Aramith snookerov\u00e9 gule vyroben\u00e9 z fenolovej \u017eivice maj\u00fa ove\u013ea lep\u0161iu odolnos\u0165 a dlhovekos\u0165 ako gu\u013ea z polyesteru. Vysok\u00e9 \u0161tandardy kvality a 8 krit\u00e9ri\u00ed: hustota, vyv\u00e1\u017eenos\u0165, priemer, gu\u013eatos\u0165, farba, lesk, tvrdos\u0165, hmotnos\u0165\u00a0 Zna\u010dkov\u00e9 snookerov\u00e9 gule Priemer gul\u00ed: 52,4 mm [&hellip;]<\/p>\n","protected":false},"featured_media":3894,"comment_status":"closed","ping_status":"closed","template":"","meta":[],"product_brand":[],"product_cat":[277,229],"product_tag":[],"class_list":{"0":"post-3329","1":"product","2":"type-product","3":"status-publish","4":"has-post-thumbnail","6":"product_cat-biliardove-gule-aramith","7":"product_cat-snooker-sk","9":"first","10":"instock","11":"sold-individually","12":"shipping-taxable","13":"purchasable","14":"product-type-simple"},"_links":{"self":[{"href":"https:\/\/www.billiard-pro.cz\/sk\/wp-json\/wp\/v2\/product\/3329","targetHints":{"allow":["GET"]}}],"collection":[{"href":"https:\/\/www.billiard-pro.cz\/sk\/wp-json\/wp\/v2\/product"}],"about":[{"href":"https:\/\/www.billiard-pro.cz\/sk\/wp-json\/wp\/v2\/types\/product"}],"replies":[{"embeddable":true,"href":"https:\/\/www.billiard-pro.cz\/sk\/wp-json\/wp\/v2\/comments?post=3329"}],"wp:featuredmedia":[{"embeddable":true,"href":"https:\/\/www.billiard-pro.cz\/sk\/wp-json\/wp\/v2\/media\/3894"}],"wp:attachment":[{"href":"https:\/\/www.billiard-pro.cz\/sk\/wp-json\/wp\/v2\/media?parent=3329"}],"wp:term":[{"taxonomy":"product_brand","embeddable":true,"href":"https:\/\/www.billiard-pro.cz\/sk\/wp-json\/wp\/v2\/product_brand?post=3329"},{"taxonomy":"product_cat","embeddable":true,"href":"https:\/\/www.billiard-pro.cz\/sk\/wp-json\/wp\/v2\/product_cat?post=3329"},{"taxonomy":"product_tag","embeddable":true,"href":"https:\/\/www.billiard-pro.cz\/sk\/wp-json\/wp\/v2\/product_tag?post=3329"}],"curies":[{"name":"wp","href":"https:\/\/api.w.org\/{rel}","templated":true}]}}