{"id":3335,"date":"2013-09-01T18:46:55","date_gmt":"2013-09-01T16:46:55","guid":{"rendered":"http:\/\/localhost\/iwansimonis\/obchod\/nezerazene\/biliardove-gule-pyramid-super-aramith-pro-cup-priemer-68-mm\/"},"modified":"2021-01-25T13:38:27","modified_gmt":"2021-01-25T12:38:27","slug":"biliardove-gule-pyramid-super-aramith-pro-cup-priemer-68-mm","status":"publish","type":"product","link":"https:\/\/www.billiard-pro.cz\/sk\/obchod\/biliardove-gule-aramith\/pyramid-sk\/biliardove-gule-pyramid-super-aramith-pro-cup-priemer-68-mm\/","title":{"rendered":"Biliardov\u00e9 gule PYRAMID Super Aramith Pro Cup priemer 68 mm"},"content":{"rendered":"<p><strong>Biliardov\u00e9 gule PYRAMID Super Aramith Pro Cup priemer 67 mm<img decoding=\"async\" class=\"alignright\" src=\"https:\/\/www.billiard-pro.cz\/wp-content\/uploads\/2013\/09\/aramith-logo.jpg\" alt=\"Aramith\" \/><\/strong><\/p>\n<ul>\n<li>Zna\u010dkov\u00e9 gule ARAMITH na hru Pyram\u00edda.<\/li>\n<li>Maxim\u00e1lna presnos\u0165 v robustnom preveden\u00ed.<\/li>\n<li>Ofici\u00e1lne gu\u013ee pre hru rusk\u00e1 \u00a0pyram\u00edda WM \u0160tandardy kvality Aramith.<\/li>\n<li>Vynikaj\u00face hern\u00e9 vlastnosti.<\/li>\n<li><strong>V\u00fdhody Aramith gu\u013e\u00ed:<\/strong><\/li>\n<li>Presn\u00e1 kalibr\u00e1cia ka\u017edej gule pre maxim\u00e1lnu konzistenciiv r\u00e1mci sady.<\/li>\n<li>Preferovan\u00e9 sady pou\u017e\u00edvan\u00e9 po celom svete v turnajoch a majstrovstv\u00e1ch, vzh\u013eadom k ich nekompromisnej kvalite.<\/li>\n<li>\u0160peci\u00e1lny tvrden\u00fd keramick\u00fd povrch s ve\u013emi vysokou hustotou s v\u00fdnimo\u010dnou odolnos\u0165ou proti po\u0161kriabaniu a n\u00e1razu.<\/li>\n<li>Extra odoln\u00fd hladk\u00fd povrch, ktor\u00fd minimalizuje opotrebenie s\u00fakna i gul\u00ed.<\/li>\n<li>Gu\u013ea s velmi \u00a0dlhou \u017eivotnos\u0165ou!<\/li>\n<li>Najvy\u0161\u0161\u00ed rad fenolovej \u017eivice!<\/li>\n<\/ul>\n<p><strong>Dostupnos\u0165 tovaru:<\/strong> skladom s dodan\u00edm do 3 pracovn\u00fdch dn\u00ed<\/p>\n<p><strong>V\u00fdrobca:<\/strong> SALUC\/ARAMITH, Belgicko<\/p>\n","protected":false},"excerpt":{"rendered":"<p>Biliardov\u00e9 gule PYRAMID Super Aramith Pro Cup priemer 67 mm Zna\u010dkov\u00e9 gule ARAMITH na hru Pyram\u00edda. Maxim\u00e1lna presnos\u0165 v robustnom preveden\u00ed. Ofici\u00e1lne gu\u013ee pre hru rusk\u00e1 \u00a0pyram\u00edda WM \u0160tandardy kvality Aramith. Vynikaj\u00face hern\u00e9 vlastnosti. V\u00fdhody Aramith gu\u013e\u00ed: Presn\u00e1 kalibr\u00e1cia ka\u017edej gule pre maxim\u00e1lnu konzistenciiv r\u00e1mci sady. Preferovan\u00e9 sady pou\u017e\u00edvan\u00e9 po celom svete v turnajoch a [&hellip;]<\/p>\n","protected":false},"featured_media":13872,"comment_status":"closed","ping_status":"closed","template":"","meta":[],"product_brand":[],"product_cat":[277,231],"product_tag":[],"class_list":{"0":"post-3335","1":"product","2":"type-product","3":"status-publish","4":"has-post-thumbnail","6":"product_cat-biliardove-gule-aramith","7":"product_cat-pyramid-sk","9":"first","10":"outofstock","11":"sold-individually","12":"shipping-taxable","13":"purchasable","14":"product-type-simple"},"_links":{"self":[{"href":"https:\/\/www.billiard-pro.cz\/sk\/wp-json\/wp\/v2\/product\/3335","targetHints":{"allow":["GET"]}}],"collection":[{"href":"https:\/\/www.billiard-pro.cz\/sk\/wp-json\/wp\/v2\/product"}],"about":[{"href":"https:\/\/www.billiard-pro.cz\/sk\/wp-json\/wp\/v2\/types\/product"}],"replies":[{"embeddable":true,"href":"https:\/\/www.billiard-pro.cz\/sk\/wp-json\/wp\/v2\/comments?post=3335"}],"wp:featuredmedia":[{"embeddable":true,"href":"https:\/\/www.billiard-pro.cz\/sk\/wp-json\/wp\/v2\/media\/13872"}],"wp:attachment":[{"href":"https:\/\/www.billiard-pro.cz\/sk\/wp-json\/wp\/v2\/media?parent=3335"}],"wp:term":[{"taxonomy":"product_brand","embeddable":true,"href":"https:\/\/www.billiard-pro.cz\/sk\/wp-json\/wp\/v2\/product_brand?post=3335"},{"taxonomy":"product_cat","embeddable":true,"href":"https:\/\/www.billiard-pro.cz\/sk\/wp-json\/wp\/v2\/product_cat?post=3335"},{"taxonomy":"product_tag","embeddable":true,"href":"https:\/\/www.billiard-pro.cz\/sk\/wp-json\/wp\/v2\/product_tag?post=3335"}],"curies":[{"name":"wp","href":"https:\/\/api.w.org\/{rel}","templated":true}]}}