{"id":3339,"date":"2013-09-01T18:48:13","date_gmt":"2013-09-01T16:48:13","guid":{"rendered":"http:\/\/localhost\/iwansimonis\/obchod\/nezerazene\/koza-pre-tago-elk-master-1-ks-gulecnikova-koza-na-tago-zn-tweeten\/"},"modified":"2016-04-22T09:32:57","modified_gmt":"2016-04-22T07:32:57","slug":"koza-pre-tago-elk-master-1-ks-gulecnikova-koza-na-tago-zn-tweeten","status":"publish","type":"product","link":"https:\/\/www.billiard-pro.cz\/sk\/obchod\/billiardove-potreby\/koze-na-tago\/koza-pre-tago-elk-master-1-ks-gulecnikova-koza-na-tago-zn-tweeten\/","title":{"rendered":"Ko\u017ea pre t\u00e1go ELK MASTER"},"content":{"rendered":"<p><strong>Zna\u010dkov\u00e1 lepen\u00e1 ko\u017ea ELK MASTER<\/strong><img decoding=\"async\" class=\"alignright\" src=\"https:\/\/www.billiard-pro.cz\/wp-content\/uploads\/2013\/09\/tweeten-logo.jpg\" alt=\"tweeten-logo\" \/><\/p>\n<ul>\n<li>U\u017e mnoho rokov overen\u00e1 kvalita<\/li>\n<li>Ve\u013emi popul\u00e1rna ko\u017ee v celom biliardovom svete<\/li>\n<li>\u0160peci\u00e1lne spracovanie pri v\u00fdrobe zachov\u00e1va ko\u017ei\u010dku m\u00e4kk\u00fa<\/li>\n<li>Aj napriek svojej m\u00e4kkos\u0165 zachov\u00e1va dlho tvar<\/li>\n<li>Ko\u017ea je modr\u00e1 a tvarovo pripraven\u00e1 na okam\u017eit\u00fa hru<\/li>\n<li><strong style=\"line-height: 1.5em;\">Skladom priemery: \u00a09-13,5 mm \u00a0(po 0,5 mm )<\/strong><\/li>\n<li>Vyberte v mo\u017enostiach \u00a0produktu \u00a0po\u017eadovan\u00fa \u00a0ve\u013ekos\u0165 \u00a0a \u00a0vlo\u017ete \u00a0po\u017eadovan\u00e9 mno\u017estvo do objedn\u00e1vkov\u00e9h ookienka.<\/li>\n<li>V s\u00fahrne \u00a0objedn\u00e1vky v zobrazen\u00ed n\u00e1kupn\u00e9ho ko\u0161\u00edka v\u013eavo hore skontrolujte \u00a0pros\u00edm svoju vo\u013ebu pred \u00a0potvrden\u00edm \u00a0objedn\u00e1vky.<\/li>\n<\/ul>\n<p><strong>Materi\u00e1l :<\/strong> v\u00fdberov\u00e1 ko\u017ea<\/p>\n<p><strong>Cena je za 1 kus.<\/strong><\/p>\n<p><strong>Dobr\u00fd pomer ceny a kvality!<\/strong><\/p>\n<p><strong>V\u00fdrobca: \u00a0<\/strong>TWEETEN Fibre Co., Chicago, USA<\/p>\n<p><strong>Dostupnost tovara:<\/strong> skladom s dodan\u00edm do 3 pracovn\u00fdch dn\u00ed<\/p>\n","protected":false},"excerpt":{"rendered":"<p>Zna\u010dkov\u00e1 lepen\u00e1 ko\u017ea ELK MASTER U\u017e mnoho rokov overen\u00e1 kvalita Ve\u013emi popul\u00e1rna ko\u017ee v celom biliardovom svete \u0160peci\u00e1lne spracovanie pri v\u00fdrobe zachov\u00e1va ko\u017ei\u010dku m\u00e4kk\u00fa Aj napriek svojej m\u00e4kkos\u0165 zachov\u00e1va dlho tvar Ko\u017ea je modr\u00e1 a tvarovo pripraven\u00e1 na okam\u017eit\u00fa hru Skladom priemery: \u00a09-13,5 mm \u00a0(po 0,5 mm ) Vyberte v mo\u017enostiach \u00a0produktu \u00a0po\u017eadovan\u00fa \u00a0ve\u013ekos\u0165 \u00a0a [&hellip;]<\/p>\n","protected":false},"featured_media":3876,"comment_status":"open","ping_status":"closed","template":"","meta":[],"product_brand":[],"product_cat":[251,311],"product_tag":[],"class_list":{"0":"post-3339","1":"product","2":"type-product","3":"status-publish","4":"has-post-thumbnail","6":"product_cat-billiardove-potreby","7":"product_cat-koze-na-tago","8":"pa_size-10-mm-snooker-sk","9":"pa_size-105-mm-sk","10":"pa_size-11-mm-sk","11":"pa_size-115-mm-sk","12":"pa_size-12-mm-sk","13":"pa_size-512","14":"pa_size-13-mm-sk","15":"pa_size-135-mm-sk","16":"pa_size-9-mm-sk","17":"pa_size-95-mm-sk","19":"first","20":"instock","21":"shipping-taxable","22":"purchasable","23":"product-type-variable"},"_links":{"self":[{"href":"https:\/\/www.billiard-pro.cz\/sk\/wp-json\/wp\/v2\/product\/3339","targetHints":{"allow":["GET"]}}],"collection":[{"href":"https:\/\/www.billiard-pro.cz\/sk\/wp-json\/wp\/v2\/product"}],"about":[{"href":"https:\/\/www.billiard-pro.cz\/sk\/wp-json\/wp\/v2\/types\/product"}],"replies":[{"embeddable":true,"href":"https:\/\/www.billiard-pro.cz\/sk\/wp-json\/wp\/v2\/comments?post=3339"}],"wp:featuredmedia":[{"embeddable":true,"href":"https:\/\/www.billiard-pro.cz\/sk\/wp-json\/wp\/v2\/media\/3876"}],"wp:attachment":[{"href":"https:\/\/www.billiard-pro.cz\/sk\/wp-json\/wp\/v2\/media?parent=3339"}],"wp:term":[{"taxonomy":"product_brand","embeddable":true,"href":"https:\/\/www.billiard-pro.cz\/sk\/wp-json\/wp\/v2\/product_brand?post=3339"},{"taxonomy":"product_cat","embeddable":true,"href":"https:\/\/www.billiard-pro.cz\/sk\/wp-json\/wp\/v2\/product_cat?post=3339"},{"taxonomy":"product_tag","embeddable":true,"href":"https:\/\/www.billiard-pro.cz\/sk\/wp-json\/wp\/v2\/product_tag?post=3339"}],"curies":[{"name":"wp","href":"https:\/\/api.w.org\/{rel}","templated":true}]}}