{"id":3345,"date":"2013-09-01T18:50:44","date_gmt":"2013-09-01T16:50:44","guid":{"rendered":"http:\/\/localhost\/iwansimonis\/obchod\/nezerazene\/biliardove-gule-pyramid-aramith-premier-603-mm\/"},"modified":"2015-05-19T19:33:50","modified_gmt":"2015-05-19T19:33:50","slug":"biliardove-gule-pyramid-aramith-premier-603-mm","status":"publish","type":"product","link":"https:\/\/www.billiard-pro.cz\/sk\/obchod\/biliardove-gule-aramith\/pyramid-sk\/biliardove-gule-pyramid-aramith-premier-603-mm\/","title":{"rendered":"Biliardov\u00e9 gule PYRAMID Aramith Premier 60,3 mm"},"content":{"rendered":"<p><strong>PYRAMID Aramith Premier 60,3 mm<\/strong><img decoding=\"async\" class=\"alignright\" src=\"https:\/\/www.billiard-pro.cz\/wp-content\/uploads\/2013\/09\/aramith-logo.jpg\" alt=\"Aramith\" \/><\/p>\n<ul>\n<li>Zna\u010dkov\u00e9 gule ARAMITH na hru Rusk\u00e1 \u00a0Pyram\u00edda.<\/li>\n<li>V\u00fdhody Aramith Premier gu\u013e\u00ed:<\/li>\n<li>Perfektn\u00e9 kompromis medzi kvalitou a cenou.<\/li>\n<li>Gu\u013ea z fenolovej \u017eivice s ove\u013ea lep\u0161ou odolnos\u0165ou a \u017eivotnos\u0165ou ako polyester gule<\/li>\n<li>Vysok\u00e9 \u0161tandardy kvality pod\u013ea 8 krit\u00e9ri\u00ed: hustota, kalibr\u00e1cia, priemer, gu\u013eatos\u0165, farba, lesk, tvrdos\u0165, hmotnos\u0165.<\/li>\n<\/ul>\n<p>Na \u010distenie gul\u00ed ARAMITH pou\u017eite\u00a0<a title=\"\u010cisti\u010d kule\u010dn\u00edkov\u00fdch koul\u00ed Aramith  ball cleaner \u2013 1 lahev \u2013 250 ml\" href=\"https:\/\/www.billiard-pro.cz\/obchod\/koule-aramith\/aramith-ball-cleaner-roztok-na-cisteni-kouli-1-lahev-250-ml\/\">ARAMITH Cleaner<\/a>\u00a0&#8211; zna\u010dkov\u00fd \u010distiaci roztok na \u00fadr\u017ebu gul\u00ed.<\/p>\n<p><strong>Dostupnos\u0165 tovaru:<\/strong>\u00a0skladom s dodan\u00edm do 3 pracovn\u00fdch dn\u00ed<\/p>\n<p><strong>V\u00fdrobca:<\/strong>\u00a0SALUC\/ARAMITH, Belgicko<\/p>\n","protected":false},"excerpt":{"rendered":"<p>PYRAMID Aramith Premier 60,3 mm Zna\u010dkov\u00e9 gule ARAMITH na hru Rusk\u00e1 \u00a0Pyram\u00edda. V\u00fdhody Aramith Premier gu\u013e\u00ed: Perfektn\u00e9 kompromis medzi kvalitou a cenou. Gu\u013ea z fenolovej \u017eivice s ove\u013ea lep\u0161ou odolnos\u0165ou a \u017eivotnos\u0165ou ako polyester gule Vysok\u00e9 \u0161tandardy kvality pod\u013ea 8 krit\u00e9ri\u00ed: hustota, kalibr\u00e1cia, priemer, gu\u013eatos\u0165, farba, lesk, tvrdos\u0165, hmotnos\u0165. Na \u010distenie gul\u00ed ARAMITH pou\u017eite\u00a0ARAMITH Cleaner\u00a0&#8211; [&hellip;]<\/p>\n","protected":false},"featured_media":5242,"comment_status":"closed","ping_status":"closed","template":"","meta":[],"product_brand":[],"product_cat":[277,231],"product_tag":[],"class_list":{"0":"post-3345","1":"product","2":"type-product","3":"status-publish","4":"has-post-thumbnail","6":"product_cat-biliardove-gule-aramith","7":"product_cat-pyramid-sk","9":"first","10":"instock","11":"sold-individually","12":"shipping-taxable","13":"purchasable","14":"product-type-simple"},"_links":{"self":[{"href":"https:\/\/www.billiard-pro.cz\/sk\/wp-json\/wp\/v2\/product\/3345","targetHints":{"allow":["GET"]}}],"collection":[{"href":"https:\/\/www.billiard-pro.cz\/sk\/wp-json\/wp\/v2\/product"}],"about":[{"href":"https:\/\/www.billiard-pro.cz\/sk\/wp-json\/wp\/v2\/types\/product"}],"replies":[{"embeddable":true,"href":"https:\/\/www.billiard-pro.cz\/sk\/wp-json\/wp\/v2\/comments?post=3345"}],"wp:featuredmedia":[{"embeddable":true,"href":"https:\/\/www.billiard-pro.cz\/sk\/wp-json\/wp\/v2\/media\/5242"}],"wp:attachment":[{"href":"https:\/\/www.billiard-pro.cz\/sk\/wp-json\/wp\/v2\/media?parent=3345"}],"wp:term":[{"taxonomy":"product_brand","embeddable":true,"href":"https:\/\/www.billiard-pro.cz\/sk\/wp-json\/wp\/v2\/product_brand?post=3345"},{"taxonomy":"product_cat","embeddable":true,"href":"https:\/\/www.billiard-pro.cz\/sk\/wp-json\/wp\/v2\/product_cat?post=3345"},{"taxonomy":"product_tag","embeddable":true,"href":"https:\/\/www.billiard-pro.cz\/sk\/wp-json\/wp\/v2\/product_tag?post=3345"}],"curies":[{"name":"wp","href":"https:\/\/api.w.org\/{rel}","templated":true}]}}