{"id":3347,"date":"2013-09-01T18:51:47","date_gmt":"2013-09-01T16:51:47","guid":{"rendered":"http:\/\/localhost\/iwansimonis\/obchod\/nezerazene\/koza-na-tago-le-professionel-zn-tweeten-1-kus-koza-na-tago\/"},"modified":"2016-05-31T16:00:25","modified_gmt":"2016-05-31T14:00:25","slug":"koza-na-tago-le-professionel","status":"publish","type":"product","link":"https:\/\/www.billiard-pro.cz\/sk\/obchod\/billiardove-potreby\/koze-na-tago\/koza-na-tago-le-professionel\/","title":{"rendered":"Le Professionel \u0161pi\u010dka na t\u00e1go &#8211;  1 kus ko\u017ea na t\u00e1go"},"content":{"rendered":"<p><strong>Le Professionel zna\u010dkov\u00e1 \u0161pi\u010dka &#8211; ko\u017ee na t\u00e1go<\/strong><img decoding=\"async\" class=\"alignright\" src=\"https:\/\/www.billiard-pro.cz\/wp-content\/uploads\/2013\/09\/tweeten-logo.jpg\" alt=\"tweeten-logo\" \/><\/p>\n<ul>\n<li>Vynikaj\u00faci nalepovacia ko\u017ea na t\u00e1go zn\u00e1ma ako &#8222;profesion\u00e1lka&#8220;<\/li>\n<li>Najpou\u017e\u00edvanej\u0161ie ko\u017ea najm\u00e4 v karambolov\u00e9m \u00a0biliardu<\/li>\n<li>Vyroben\u00e9 firmou Tweeten , Chicago v USA z najkvalitnej\u0161ej ko\u017ee<\/li>\n<li>\u0160peci\u00e1lne upraven\u00e1 ko\u017eti\u010dka na t\u00e1ga s povlakom, ktor\u00fd chr\u00e1ni ko\u017eu medzi v\u00fdrobou a prvou hrou<\/li>\n<li>Vysok\u00e1 hustota ko\u017ee a\u017e 96%<\/li>\n<li>Vyr\u00e1ba sa zo \u0161peci\u00e1lnej \u00a0tzv. \u00a0&#8222;dubovej &#8220; tvrdej ko\u017ee<\/li>\n<li>Ko\u017ea je hned\u00e1 tvrden\u00e1, povrchovo upraven\u00e1 a je tvarovo pripraven\u00e1 k okam\u017eitej hre.<\/li>\n<li>T\u00e1to lepen\u00e1 ko\u017ea je \u00a0pova\u017eovan\u00e1 za tvrd\u00fa.<\/li>\n<li><strong>Cena je za 1 kus, v\u00fdborn\u00fd pomer ceny a kvality.<\/strong><\/li>\n<li><strong>Skladom priemery: \u00a09-13,5 mm \u00a0(po 0,5 mm )<\/strong><\/li>\n<li>Vyberte v mo\u017enostiach \u00a0produktu \u00a0po\u017eadovan\u00fa \u00a0ve\u013ekos\u0165 \u00a0a \u00a0vlo\u017ete \u00a0po\u017eadovan\u00e9 mno\u017estvo do objedn\u00e1vkov\u00e9h ookienka<\/li>\n<li>V s\u00fahrne \u00a0objedn\u00e1vky v zobrazen\u00ed n\u00e1kupn\u00e9ho ko\u0161\u00edka v\u013eavo hore skontrolujte \u00a0pros\u00edm svoju vo\u013ebu pred \u00a0potvrden\u00edm \u00a0objedn\u00e1vky<\/li>\n<\/ul>\n<p><strong>Cena je za 1 kus.<\/strong><\/p>\n<p><strong>Dobr\u00fd pomer ceny a kvality!<\/strong><\/p>\n<p><strong style=\"line-height: 1.5em;\">V\u00fdrobca:<\/strong><span style=\"line-height: 1.5em;\"> TweetenFibreCo.Inc.,Chicago,USA<\/span><\/p>\n<p><strong>Dostupnos\u0165 \u00a0tovaru:<\/strong> \u00a0skladom s \u00a0dodan\u00edm \u00a0do \u00a03 \u00a0pracovn\u00fdch \u00a0dn\u00ed<\/p>\n","protected":false},"excerpt":{"rendered":"<p>Le Professionel zna\u010dkov\u00e1 \u0161pi\u010dka &#8211; ko\u017ee na t\u00e1go Vynikaj\u00faci nalepovacia ko\u017ea na t\u00e1go zn\u00e1ma ako &#8222;profesion\u00e1lka&#8220; Najpou\u017e\u00edvanej\u0161ie ko\u017ea najm\u00e4 v karambolov\u00e9m \u00a0biliardu Vyroben\u00e9 firmou Tweeten , Chicago v USA z najkvalitnej\u0161ej ko\u017ee \u0160peci\u00e1lne upraven\u00e1 ko\u017eti\u010dka na t\u00e1ga s povlakom, ktor\u00fd chr\u00e1ni ko\u017eu medzi v\u00fdrobou a prvou hrou Vysok\u00e1 hustota ko\u017ee a\u017e 96% Vyr\u00e1ba sa zo [&hellip;]<\/p>\n","protected":false},"featured_media":3878,"comment_status":"open","ping_status":"closed","template":"","meta":[],"product_brand":[],"product_cat":[251,311],"product_tag":[],"class_list":{"0":"post-3347","1":"product","2":"type-product","3":"status-publish","4":"has-post-thumbnail","6":"product_cat-billiardove-potreby","7":"product_cat-koze-na-tago","8":"pa_size-10-mm-snooker-sk","9":"pa_size-105-mm-sk","10":"pa_size-11-mm-sk","11":"pa_size-115-mm-sk","12":"pa_size-12-mm-sk","13":"pa_size-512","14":"pa_size-13-mm-sk","15":"pa_size-9-mm-sk","16":"pa_size-95-mm-sk","18":"first","19":"instock","20":"shipping-taxable","21":"purchasable","22":"product-type-variable"},"_links":{"self":[{"href":"https:\/\/www.billiard-pro.cz\/sk\/wp-json\/wp\/v2\/product\/3347","targetHints":{"allow":["GET"]}}],"collection":[{"href":"https:\/\/www.billiard-pro.cz\/sk\/wp-json\/wp\/v2\/product"}],"about":[{"href":"https:\/\/www.billiard-pro.cz\/sk\/wp-json\/wp\/v2\/types\/product"}],"replies":[{"embeddable":true,"href":"https:\/\/www.billiard-pro.cz\/sk\/wp-json\/wp\/v2\/comments?post=3347"}],"wp:featuredmedia":[{"embeddable":true,"href":"https:\/\/www.billiard-pro.cz\/sk\/wp-json\/wp\/v2\/media\/3878"}],"wp:attachment":[{"href":"https:\/\/www.billiard-pro.cz\/sk\/wp-json\/wp\/v2\/media?parent=3347"}],"wp:term":[{"taxonomy":"product_brand","embeddable":true,"href":"https:\/\/www.billiard-pro.cz\/sk\/wp-json\/wp\/v2\/product_brand?post=3347"},{"taxonomy":"product_cat","embeddable":true,"href":"https:\/\/www.billiard-pro.cz\/sk\/wp-json\/wp\/v2\/product_cat?post=3347"},{"taxonomy":"product_tag","embeddable":true,"href":"https:\/\/www.billiard-pro.cz\/sk\/wp-json\/wp\/v2\/product_tag?post=3347"}],"curies":[{"name":"wp","href":"https:\/\/api.w.org\/{rel}","templated":true}]}}