{"id":3349,"date":"2013-09-01T18:52:15","date_gmt":"2013-09-01T16:52:15","guid":{"rendered":"http:\/\/localhost\/iwansimonis\/obchod\/nezerazene\/cistic-guli-aramith-ball-cleaner-roztok-na-cistenie-biliardovych-guli-1-lahev-250-ml\/"},"modified":"2018-04-10T15:43:42","modified_gmt":"2018-04-10T13:43:42","slug":"cistic-guli-aramith-ball-cleaner-roztok-na-cistenie-biliardovych-guli-1-lahev-250-ml","status":"publish","type":"product","link":"https:\/\/www.billiard-pro.cz\/sk\/obchod\/biliardove-gule-aramith\/udrzba-guli-2\/cistic-guli-aramith-ball-cleaner-roztok-na-cistenie-biliardovych-guli-1-lahev-250-ml\/","title":{"rendered":"Aramith  ball cleaner &#8211; roztok na \u010distenie biliardov\u00fdch gul\u00ed 1 lahev &#8211; 250 ml"},"content":{"rendered":"<p><strong>\u010cisti\u010d gul\u00ed Aramith \u00a0ball cleaner -250 ml<img decoding=\"async\" class=\"alignright\" src=\"https:\/\/www.billiard-pro.cz\/wp-content\/uploads\/2013\/09\/aramith-logo.jpg\" alt=\"Aramith\" \/><\/strong><\/p>\n<ul>\n<li>ARAMITH \u010distiaci roztok pre \u00fadr\u017ebu ARAMITH gu\u013eou z fenolovej \u017eivice.<\/li>\n<li>Nanies\u0165 na such\u00fd \u010dist\u00fa handri\u010dku, natrie\u0165 gu\u013eu, osu\u0161i\u0165 handri\u010dkou z mikrovl\u00e1kna a vyle\u0161ti\u0165.<\/li>\n<li>V\u00fdrazne predl\u017euje \u017eivotnos\u0165 gul\u00ed a navracia brilantn\u00fd lesk!<\/li>\n<\/ul>\n<p><strong>Dostupnos\u0165 tovaru:<\/strong> skladom<\/p>\n<p><strong>V\u00fdrobca:<\/strong> ARAMITH\/SALUC, Belgicko<\/p>\n","protected":false},"excerpt":{"rendered":"<p>\u010cisti\u010d gul\u00ed Aramith \u00a0ball cleaner -250 ml ARAMITH \u010distiaci roztok pre \u00fadr\u017ebu ARAMITH gu\u013eou z fenolovej \u017eivice. Nanies\u0165 na such\u00fd \u010dist\u00fa handri\u010dku, natrie\u0165 gu\u013eu, osu\u0161i\u0165 handri\u010dkou z mikrovl\u00e1kna a vyle\u0161ti\u0165. V\u00fdrazne predl\u017euje \u017eivotnos\u0165 gul\u00ed a navracia brilantn\u00fd lesk! Dostupnos\u0165 tovaru: skladom V\u00fdrobca: ARAMITH\/SALUC, Belgicko<\/p>\n","protected":false},"featured_media":4122,"comment_status":"closed","ping_status":"closed","template":"","meta":[],"product_brand":[],"product_cat":[277,295],"product_tag":[],"class_list":{"0":"post-3349","1":"product","2":"type-product","3":"status-publish","4":"has-post-thumbnail","6":"product_cat-biliardove-gule-aramith","7":"product_cat-udrzba-guli-2","9":"first","10":"instock","11":"shipping-taxable","12":"purchasable","13":"product-type-simple"},"_links":{"self":[{"href":"https:\/\/www.billiard-pro.cz\/sk\/wp-json\/wp\/v2\/product\/3349","targetHints":{"allow":["GET"]}}],"collection":[{"href":"https:\/\/www.billiard-pro.cz\/sk\/wp-json\/wp\/v2\/product"}],"about":[{"href":"https:\/\/www.billiard-pro.cz\/sk\/wp-json\/wp\/v2\/types\/product"}],"replies":[{"embeddable":true,"href":"https:\/\/www.billiard-pro.cz\/sk\/wp-json\/wp\/v2\/comments?post=3349"}],"wp:featuredmedia":[{"embeddable":true,"href":"https:\/\/www.billiard-pro.cz\/sk\/wp-json\/wp\/v2\/media\/4122"}],"wp:attachment":[{"href":"https:\/\/www.billiard-pro.cz\/sk\/wp-json\/wp\/v2\/media?parent=3349"}],"wp:term":[{"taxonomy":"product_brand","embeddable":true,"href":"https:\/\/www.billiard-pro.cz\/sk\/wp-json\/wp\/v2\/product_brand?post=3349"},{"taxonomy":"product_cat","embeddable":true,"href":"https:\/\/www.billiard-pro.cz\/sk\/wp-json\/wp\/v2\/product_cat?post=3349"},{"taxonomy":"product_tag","embeddable":true,"href":"https:\/\/www.billiard-pro.cz\/sk\/wp-json\/wp\/v2\/product_tag?post=3349"}],"curies":[{"name":"wp","href":"https:\/\/api.w.org\/{rel}","templated":true}]}}