{"id":3351,"date":"2013-09-01T18:53:28","date_gmt":"2013-09-01T16:53:28","guid":{"rendered":"http:\/\/localhost\/iwansimonis\/obchod\/nezerazene\/koza-na-tago-triangle-zn-tweeten-1-ks-koza-na-tago\/"},"modified":"2020-09-24T09:03:34","modified_gmt":"2020-09-24T07:03:34","slug":"koza-na-tago-triangle","status":"publish","type":"product","link":"https:\/\/www.billiard-pro.cz\/sk\/obchod\/billiardove-potreby\/koze-na-tago\/koza-na-tago-triangle\/","title":{"rendered":"Triangle ko\u017een\u00e1 \u0161pi\u010dka na t\u00e1go &#8211; ko\u017ee na t\u00e1go 9-13 mm"},"content":{"rendered":"<p><strong>TRIANGLE ko\u017een\u00e1 \u0161pi\u010dka na t\u00e1go &#8211; r\u00f4zne ve\u013ekosti\u00a0<img decoding=\"async\" class=\"alignright\" src=\"https:\/\/www.billiard-pro.cz\/wp-content\/uploads\/2013\/09\/tweeten-logo.jpg\" alt=\"tweeten-logo\" \/><\/strong><\/p>\n<ul>\n<li>Profesion\u00e1lna nalepovacie ko\u017ee na t\u00e1go.<\/li>\n<li>Pou\u017e\u00edvaj\u00fa najm\u00e4 \u00a0hr\u00e1\u010di karambolu.<\/li>\n<li>Skvel\u00e1 a kvalitn\u00e1 jednovrstvov\u00e1 ko\u017ee strednej tvrdosti za dobr\u00fa cenu.<\/li>\n<li><strong>Vyroben\u00e9 firmou Tweeten v USA z najkvalitnej\u0161\u00edch ko\u017e\u00ed.<\/strong><\/li>\n<li><strong>Skladom priemery:<\/strong><\/li>\n<li>9 mm, 9,5 mm, 10 mm, 10,5 mm, 11 mm, 11,5 mm, 12 mm, 12,5 mm, 13 mm<\/li>\n<li>(zvo\u013ete po\u017eadovan\u00fd priemer v ponuke vari\u00e1ci\u00ed v objedn\u00e1vkovom okienku)<\/li>\n<\/ul>\n<p><strong>Cena za 1 ks. <\/strong><\/p>\n<p><strong>Dobr\u00fd pomer kvality a ceny !\u00a0<\/strong><\/p>\n<p><strong>V\u00fdrobca:<\/strong> Tweeten Fibre Co.Inc., Chicago, USA<\/p>\n<p><strong>Dostupnost tovara:<\/strong> skladom<\/p>\n","protected":false},"excerpt":{"rendered":"<p>TRIANGLE ko\u017een\u00e1 \u0161pi\u010dka na t\u00e1go &#8211; r\u00f4zne ve\u013ekosti\u00a0 Profesion\u00e1lna nalepovacie ko\u017ee na t\u00e1go. Pou\u017e\u00edvaj\u00fa najm\u00e4 \u00a0hr\u00e1\u010di karambolu. Skvel\u00e1 a kvalitn\u00e1 jednovrstvov\u00e1 ko\u017ee strednej tvrdosti za dobr\u00fa cenu. Vyroben\u00e9 firmou Tweeten v USA z najkvalitnej\u0161\u00edch ko\u017e\u00ed. Skladom priemery: 9 mm, 9,5 mm, 10 mm, 10,5 mm, 11 mm, 11,5 mm, 12 mm, 12,5 mm, 13 mm [&hellip;]<\/p>\n","protected":false},"featured_media":3880,"comment_status":"open","ping_status":"closed","template":"","meta":[],"product_brand":[],"product_cat":[251,311],"product_tag":[],"class_list":{"0":"post-3351","1":"product","2":"type-product","3":"status-publish","4":"has-post-thumbnail","6":"product_cat-billiardove-potreby","7":"product_cat-koze-na-tago","8":"pa_size-10-mm-snooker-sk","9":"pa_size-105-mm-sk","10":"pa_size-11-mm-sk","11":"pa_size-115-mm-sk","12":"pa_size-12-mm-sk","13":"pa_size-512","14":"pa_size-13-mm-sk","15":"pa_size-135-mm-sk","16":"pa_size-9-mm-sk","17":"pa_size-95-mm-sk","19":"first","20":"instock","21":"shipping-taxable","22":"purchasable","23":"product-type-variable"},"_links":{"self":[{"href":"https:\/\/www.billiard-pro.cz\/sk\/wp-json\/wp\/v2\/product\/3351","targetHints":{"allow":["GET"]}}],"collection":[{"href":"https:\/\/www.billiard-pro.cz\/sk\/wp-json\/wp\/v2\/product"}],"about":[{"href":"https:\/\/www.billiard-pro.cz\/sk\/wp-json\/wp\/v2\/types\/product"}],"replies":[{"embeddable":true,"href":"https:\/\/www.billiard-pro.cz\/sk\/wp-json\/wp\/v2\/comments?post=3351"}],"wp:featuredmedia":[{"embeddable":true,"href":"https:\/\/www.billiard-pro.cz\/sk\/wp-json\/wp\/v2\/media\/3880"}],"wp:attachment":[{"href":"https:\/\/www.billiard-pro.cz\/sk\/wp-json\/wp\/v2\/media?parent=3351"}],"wp:term":[{"taxonomy":"product_brand","embeddable":true,"href":"https:\/\/www.billiard-pro.cz\/sk\/wp-json\/wp\/v2\/product_brand?post=3351"},{"taxonomy":"product_cat","embeddable":true,"href":"https:\/\/www.billiard-pro.cz\/sk\/wp-json\/wp\/v2\/product_cat?post=3351"},{"taxonomy":"product_tag","embeddable":true,"href":"https:\/\/www.billiard-pro.cz\/sk\/wp-json\/wp\/v2\/product_tag?post=3351"}],"curies":[{"name":"wp","href":"https:\/\/api.w.org\/{rel}","templated":true}]}}