{"id":3353,"date":"2013-09-01T18:53:45","date_gmt":"2013-09-01T16:53:45","guid":{"rendered":"http:\/\/localhost\/iwansimonis\/obchod\/nezerazene\/aramith-ball-restorer-pasta-na-obnovu-lesku-biliardovych-guli-1-flasa-250-ml\/"},"modified":"2015-05-27T16:47:09","modified_gmt":"2015-05-27T16:47:09","slug":"aramith-ball-restorer-pasta-na-obnovu-lesku-biliardovych-guli-1-flasa-250-ml","status":"publish","type":"product","link":"https:\/\/www.billiard-pro.cz\/sk\/obchod\/biliardove-gule-aramith\/udrzba-guli-2\/aramith-ball-restorer-pasta-na-obnovu-lesku-biliardovych-guli-1-flasa-250-ml\/","title":{"rendered":"Aramith ball Restorer &#8211; pasta na obnovu lesku biliardov\u00fdch gul\u00ed 250 ml"},"content":{"rendered":"<p><strong>ARAMITH BALL RESTORER<img loading=\"lazy\" decoding=\"async\" class=\"alignright\" src=\"https:\/\/www.billiard-pro.cz\/wp-content\/uploads\/2013\/09\/aramith-logo.jpg\" alt=\"Aramith\" width=\"112\" height=\"50\" data-id=\"316\" \/> <\/strong><\/p>\n<ul>\n<li>ARAMITH \u010distiaca pasta pre \u00fadr\u017ebu nov\u00fdch i star\u0161\u00edch ARAMITH gu\u013eou z fenolovej \u017eivice.<\/li>\n<li>Obnovuje lesk a gu\u013eatos\u0165.<\/li>\n<li>V\u00fdrobca doporu\u010duje potom nanies\u0165 \u010distiaci roztok ARAMITH cleaner a dosucha vyle\u0161ti\u0165 utierkou z mikrovl\u00e1kna.<\/li>\n<li>V\u00fdrazne predl\u017euje\u00a0\u017eivotnos\u0165 biliardov\u00fdch g\u00fa\u013e<\/li>\n<\/ul>\n<p><strong>Dostupnos\u0165 tovaru:<\/strong> skladom s dodan\u00edm do 3 pracovn\u00fdch dn\u00ed<\/p>\n<p>&nbsp;<\/p>\n","protected":false},"excerpt":{"rendered":"<p>ARAMITH BALL RESTORER ARAMITH \u010distiaca pasta pre \u00fadr\u017ebu nov\u00fdch i star\u0161\u00edch ARAMITH gu\u013eou z fenolovej \u017eivice. Obnovuje lesk a gu\u013eatos\u0165. V\u00fdrobca doporu\u010duje potom nanies\u0165 \u010distiaci roztok ARAMITH cleaner a dosucha vyle\u0161ti\u0165 utierkou z mikrovl\u00e1kna. V\u00fdrazne predl\u017euje\u00a0\u017eivotnos\u0165 biliardov\u00fdch g\u00fa\u013e Dostupnos\u0165 tovaru: skladom s dodan\u00edm do 3 pracovn\u00fdch dn\u00ed &nbsp;<\/p>\n","protected":false},"featured_media":3908,"comment_status":"closed","ping_status":"closed","template":"","meta":[],"product_brand":[],"product_cat":[277,295],"product_tag":[],"class_list":{"0":"post-3353","1":"product","2":"type-product","3":"status-publish","4":"has-post-thumbnail","6":"product_cat-biliardove-gule-aramith","7":"product_cat-udrzba-guli-2","9":"first","10":"instock","11":"shipping-taxable","12":"purchasable","13":"product-type-simple"},"_links":{"self":[{"href":"https:\/\/www.billiard-pro.cz\/sk\/wp-json\/wp\/v2\/product\/3353","targetHints":{"allow":["GET"]}}],"collection":[{"href":"https:\/\/www.billiard-pro.cz\/sk\/wp-json\/wp\/v2\/product"}],"about":[{"href":"https:\/\/www.billiard-pro.cz\/sk\/wp-json\/wp\/v2\/types\/product"}],"replies":[{"embeddable":true,"href":"https:\/\/www.billiard-pro.cz\/sk\/wp-json\/wp\/v2\/comments?post=3353"}],"wp:featuredmedia":[{"embeddable":true,"href":"https:\/\/www.billiard-pro.cz\/sk\/wp-json\/wp\/v2\/media\/3908"}],"wp:attachment":[{"href":"https:\/\/www.billiard-pro.cz\/sk\/wp-json\/wp\/v2\/media?parent=3353"}],"wp:term":[{"taxonomy":"product_brand","embeddable":true,"href":"https:\/\/www.billiard-pro.cz\/sk\/wp-json\/wp\/v2\/product_brand?post=3353"},{"taxonomy":"product_cat","embeddable":true,"href":"https:\/\/www.billiard-pro.cz\/sk\/wp-json\/wp\/v2\/product_cat?post=3353"},{"taxonomy":"product_tag","embeddable":true,"href":"https:\/\/www.billiard-pro.cz\/sk\/wp-json\/wp\/v2\/product_tag?post=3353"}],"curies":[{"name":"wp","href":"https:\/\/api.w.org\/{rel}","templated":true}]}}