{"id":3355,"date":"2013-09-01T18:55:10","date_gmt":"2013-09-01T16:55:10","guid":{"rendered":"http:\/\/localhost\/iwansimonis\/obchod\/nezerazene\/aramith-micro-fiber-cloth-utierka-na-biliardove-gule-z-mikrovlakna\/"},"modified":"2013-09-01T18:55:10","modified_gmt":"2013-09-01T18:55:10","slug":"aramith-micro-fiber-cloth-utierka-na-biliardove-gule-z-mikrovlakna","status":"publish","type":"product","link":"https:\/\/www.billiard-pro.cz\/sk\/obchod\/biliardove-gule-aramith\/udrzba-guli-2\/aramith-micro-fiber-cloth-utierka-na-biliardove-gule-z-mikrovlakna\/","title":{"rendered":"Aramith Micro Fiber cloth &#8211; utierka na biliardov\u00e9 gule z mikrovl\u00e1kna"},"content":{"rendered":"<p>ARAMITH \u0161peci\u00e1lna utierka pre z\u00e1vere\u010dn\u00e9 vyle\u0161tenie gul\u00ed po pou\u017eit\u00ed ARAMITH Cleaner alebo ARAMITH Restorer.<img loading=\"lazy\" decoding=\"async\" class=\"alignright\" alt=\"Aramith\" src=\"https:\/\/www.billiard-pro.cz\/wp-content\/uploads\/2013\/09\/aramith-logo.jpg\" width=\"112\" height=\"50\" data-id=\"316\" \/><\/p>\n<p>Dostupnos\u0165 tovaru: skladom s dodan\u00edm do 3 pracovn\u00fdch dn\u00ed<\/p>\n<p>\u00a0<\/p>\n","protected":false},"excerpt":{"rendered":"<p>ARAMITH \u0161peci\u00e1lna utierka pre z\u00e1vere\u010dn\u00e9 vyle\u0161tenie gul\u00ed po pou\u017eit\u00ed ARAMITH Cleaner alebo ARAMITH Restorer. Dostupnos\u0165 tovaru: skladom s dodan\u00edm do 3 pracovn\u00fdch dn\u00ed \u00a0<\/p>\n","protected":false},"featured_media":9178,"comment_status":"closed","ping_status":"closed","template":"","meta":[],"product_brand":[],"product_cat":[277,295],"product_tag":[],"class_list":{"0":"post-3355","1":"product","2":"type-product","3":"status-publish","4":"has-post-thumbnail","6":"product_cat-biliardove-gule-aramith","7":"product_cat-udrzba-guli-2","9":"first","10":"instock","11":"shipping-taxable","12":"purchasable","13":"product-type-simple"},"_links":{"self":[{"href":"https:\/\/www.billiard-pro.cz\/sk\/wp-json\/wp\/v2\/product\/3355","targetHints":{"allow":["GET"]}}],"collection":[{"href":"https:\/\/www.billiard-pro.cz\/sk\/wp-json\/wp\/v2\/product"}],"about":[{"href":"https:\/\/www.billiard-pro.cz\/sk\/wp-json\/wp\/v2\/types\/product"}],"replies":[{"embeddable":true,"href":"https:\/\/www.billiard-pro.cz\/sk\/wp-json\/wp\/v2\/comments?post=3355"}],"wp:featuredmedia":[{"embeddable":true,"href":"https:\/\/www.billiard-pro.cz\/sk\/wp-json\/wp\/v2\/media\/9178"}],"wp:attachment":[{"href":"https:\/\/www.billiard-pro.cz\/sk\/wp-json\/wp\/v2\/media?parent=3355"}],"wp:term":[{"taxonomy":"product_brand","embeddable":true,"href":"https:\/\/www.billiard-pro.cz\/sk\/wp-json\/wp\/v2\/product_brand?post=3355"},{"taxonomy":"product_cat","embeddable":true,"href":"https:\/\/www.billiard-pro.cz\/sk\/wp-json\/wp\/v2\/product_cat?post=3355"},{"taxonomy":"product_tag","embeddable":true,"href":"https:\/\/www.billiard-pro.cz\/sk\/wp-json\/wp\/v2\/product_tag?post=3355"}],"curies":[{"name":"wp","href":"https:\/\/api.w.org\/{rel}","templated":true}]}}