{"id":3359,"date":"2013-09-01T18:57:22","date_gmt":"2013-09-01T16:57:22","guid":{"rendered":"http:\/\/localhost\/iwansimonis\/obchod\/nezerazene\/rapid-cue-top-sander-brusik-na-kostice-pre-lahke-nalepenie-koze-tweeten\/"},"modified":"2017-03-01T18:55:09","modified_gmt":"2017-03-01T17:55:09","slug":"rapid-cue-top-sander-brusik-na-kostice-pre-lahke-nalepenie-koze-tweeten","status":"publish","type":"product","link":"https:\/\/www.billiard-pro.cz\/sk\/obchod\/billiardove-potreby\/taga-prislusenstvo-2\/struhadla-brusky\/rapid-cue-top-sander-brusik-na-kostice-pre-lahke-nalepenie-koze-tweeten\/","title":{"rendered":"Rapid Cue Top Sander &#8211; br\u00fasik na kostice"},"content":{"rendered":"<p><strong>Rapid Cue Top Sander &#8211; Br\u00faska\u00a0<\/strong><img decoding=\"async\" class=\"alignright\" src=\"https:\/\/www.billiard-pro.cz\/wp-content\/uploads\/2013\/09\/tweeten-logo.jpg\" alt=\"tweeten-logo\" \/><\/p>\n<ul>\n<li>Upravova\u010d &#8211; br\u00faska na kostice<\/li>\n<li>Ob\u013e\u00faben\u00fd a kvalitn\u00fd upravova\u010d\u00a0pre \u013eahk\u00e9 nalepenie ko\u017ee<\/li>\n<li>Br\u00fasi a vyrovn\u00e1va povrch kostice (ve\u013emi d\u00f4le\u017eit\u00e9, pre dokonal\u00e9 nalepenie novej ko\u017ee)<\/li>\n<li>Odstra\u0148uje star\u00e9 lepidlo a zvy\u0161ky starej ko\u017ee<\/li>\n<li>Mo\u017enos\u0165 presnej \u00fapravy ko\u017ee a kostice pred lepen\u00edm a n\u00e1sledne presn\u00e9 a osove lepenie ko\u017ee na t\u00e1go.<\/li>\n<\/ul>\n<p><strong>Dostupnost tovara<\/strong> : skladom<\/p>\n<p><strong>\u00a0<\/strong><\/p>\n","protected":false},"excerpt":{"rendered":"<p>Rapid Cue Top Sander &#8211; Br\u00faska\u00a0 Upravova\u010d &#8211; br\u00faska na kostice Ob\u013e\u00faben\u00fd a kvalitn\u00fd upravova\u010d\u00a0pre \u013eahk\u00e9 nalepenie ko\u017ee Br\u00fasi a vyrovn\u00e1va povrch kostice (ve\u013emi d\u00f4le\u017eit\u00e9, pre dokonal\u00e9 nalepenie novej ko\u017ee) Odstra\u0148uje star\u00e9 lepidlo a zvy\u0161ky starej ko\u017ee Mo\u017enos\u0165 presnej \u00fapravy ko\u017ee a kostice pred lepen\u00edm a n\u00e1sledne presn\u00e9 a osove lepenie ko\u017ee na t\u00e1go. Dostupnost [&hellip;]<\/p>\n","protected":false},"featured_media":3884,"comment_status":"open","ping_status":"closed","template":"","meta":[],"product_brand":[],"product_cat":[251,369,273],"product_tag":[],"class_list":{"0":"post-3359","1":"product","2":"type-product","3":"status-publish","4":"has-post-thumbnail","6":"product_cat-billiardove-potreby","7":"product_cat-struhadla-brusky","8":"product_cat-taga-prislusenstvo-2","10":"first","11":"instock","12":"shipping-taxable","13":"purchasable","14":"product-type-simple"},"_links":{"self":[{"href":"https:\/\/www.billiard-pro.cz\/sk\/wp-json\/wp\/v2\/product\/3359","targetHints":{"allow":["GET"]}}],"collection":[{"href":"https:\/\/www.billiard-pro.cz\/sk\/wp-json\/wp\/v2\/product"}],"about":[{"href":"https:\/\/www.billiard-pro.cz\/sk\/wp-json\/wp\/v2\/types\/product"}],"replies":[{"embeddable":true,"href":"https:\/\/www.billiard-pro.cz\/sk\/wp-json\/wp\/v2\/comments?post=3359"}],"wp:featuredmedia":[{"embeddable":true,"href":"https:\/\/www.billiard-pro.cz\/sk\/wp-json\/wp\/v2\/media\/3884"}],"wp:attachment":[{"href":"https:\/\/www.billiard-pro.cz\/sk\/wp-json\/wp\/v2\/media?parent=3359"}],"wp:term":[{"taxonomy":"product_brand","embeddable":true,"href":"https:\/\/www.billiard-pro.cz\/sk\/wp-json\/wp\/v2\/product_brand?post=3359"},{"taxonomy":"product_cat","embeddable":true,"href":"https:\/\/www.billiard-pro.cz\/sk\/wp-json\/wp\/v2\/product_cat?post=3359"},{"taxonomy":"product_tag","embeddable":true,"href":"https:\/\/www.billiard-pro.cz\/sk\/wp-json\/wp\/v2\/product_tag?post=3359"}],"curies":[{"name":"wp","href":"https:\/\/api.w.org\/{rel}","templated":true}]}}