{"id":3361,"date":"2013-09-01T18:58:17","date_gmt":"2013-09-01T16:58:17","guid":{"rendered":"http:\/\/localhost\/iwansimonis\/obchod\/nezerazene\/vymenny-kotuc-na-brusku-na-tago-rapid-cue-top-sander-zn-tweeten\/"},"modified":"2013-09-01T18:58:17","modified_gmt":"2013-09-01T18:58:17","slug":"vymenny-kotuc-na-brusku-na-tago-rapid-cue-top-sander-zn-tweeten","status":"publish","type":"product","link":"https:\/\/www.billiard-pro.cz\/sk\/obchod\/billiardove-potreby\/taga-prislusenstvo-2\/struhadla-brusky\/vymenny-kotuc-na-brusku-na-tago-rapid-cue-top-sander-zn-tweeten\/","title":{"rendered":"V\u00fdmenn\u00fd kot\u00fa\u010d na br\u00fasku na t\u00e1go  &#8222;Rapid Cue Top Sander&#8220; zn.Tweeten"},"content":{"rendered":"<p>Garnet disc &#8211; v\u00fdmenn\u00fd kot\u00fa\u010d na br\u00fasku <a title=\"Rapid Cue Top Sander -brousek na kostice \u2013 pro snadn\u00e9 nalepen\u00ed k\u016f\u017ee \u2013 Tweeten\" href=\"https:\/\/www.billiard-pro.cz\/obchod\/kulecnikove-potreby\/bruska-na-tago-pro-snadne-nalepeni-kuze-1-ks\/\">&#8222;Rapid Cue Top Sander&#8220;<\/a>.<\/p>\n<p><strong>V\u00fdrobca:<\/strong> Tweeten Fibre Co., Chicago, USA.<\/p>\n<p><strong>Dostupnost tovara:<\/strong> skladom s dodan\u00edm do 3 pracovn\u00fdch dn\u00ed<img decoding=\"async\" class=\"alignright\" alt=\"tweeten-logo\" src=\"https:\/\/www.billiard-pro.cz\/wp-content\/uploads\/2013\/09\/tweeten-logo.jpg\" \/><\/p>\n","protected":false},"excerpt":{"rendered":"<p>Garnet disc &#8211; v\u00fdmenn\u00fd kot\u00fa\u010d na br\u00fasku &#8222;Rapid Cue Top Sander&#8220;. V\u00fdrobca: Tweeten Fibre Co., Chicago, USA. Dostupnost tovara: skladom s dodan\u00edm do 3 pracovn\u00fdch dn\u00ed<\/p>\n","protected":false},"featured_media":1562,"comment_status":"open","ping_status":"closed","template":"","meta":[],"product_brand":[],"product_cat":[251,369,273],"product_tag":[],"class_list":{"0":"post-3361","1":"product","2":"type-product","3":"status-publish","4":"has-post-thumbnail","6":"product_cat-billiardove-potreby","7":"product_cat-struhadla-brusky","8":"product_cat-taga-prislusenstvo-2","10":"first","11":"instock","12":"shipping-taxable","13":"purchasable","14":"product-type-simple"},"_links":{"self":[{"href":"https:\/\/www.billiard-pro.cz\/sk\/wp-json\/wp\/v2\/product\/3361","targetHints":{"allow":["GET"]}}],"collection":[{"href":"https:\/\/www.billiard-pro.cz\/sk\/wp-json\/wp\/v2\/product"}],"about":[{"href":"https:\/\/www.billiard-pro.cz\/sk\/wp-json\/wp\/v2\/types\/product"}],"replies":[{"embeddable":true,"href":"https:\/\/www.billiard-pro.cz\/sk\/wp-json\/wp\/v2\/comments?post=3361"}],"wp:featuredmedia":[{"embeddable":true,"href":"https:\/\/www.billiard-pro.cz\/sk\/wp-json\/wp\/v2\/media\/1562"}],"wp:attachment":[{"href":"https:\/\/www.billiard-pro.cz\/sk\/wp-json\/wp\/v2\/media?parent=3361"}],"wp:term":[{"taxonomy":"product_brand","embeddable":true,"href":"https:\/\/www.billiard-pro.cz\/sk\/wp-json\/wp\/v2\/product_brand?post=3361"},{"taxonomy":"product_cat","embeddable":true,"href":"https:\/\/www.billiard-pro.cz\/sk\/wp-json\/wp\/v2\/product_cat?post=3361"},{"taxonomy":"product_tag","embeddable":true,"href":"https:\/\/www.billiard-pro.cz\/sk\/wp-json\/wp\/v2\/product_tag?post=3361"}],"curies":[{"name":"wp","href":"https:\/\/api.w.org\/{rel}","templated":true}]}}