{"id":3373,"date":"2013-09-01T19:01:39","date_gmt":"2013-09-01T17:01:39","guid":{"rendered":"http:\/\/localhost\/iwansimonis\/obchod\/nezerazene\/tweeten-sada-na-domacu-opravulepenie-koze-taga\/"},"modified":"2013-09-01T19:01:39","modified_gmt":"2013-09-01T19:01:39","slug":"tweeten-sada-na-domacu-opravulepenie-koze-taga","status":"publish","type":"product","link":"https:\/\/www.billiard-pro.cz\/sk\/obchod\/billiardove-potreby\/taga-prislusenstvo-2\/struhadla-brusky\/tweeten-sada-na-domacu-opravulepenie-koze-taga\/","title":{"rendered":"Tweeten &#8211; sada na dom\u00e1cu opravu\/lepenie ko\u017ee t\u00e1ga"},"content":{"rendered":"<p>Cenovo v\u00fdhodn\u00e1 sada na opravu a lepenie biliardov\u00fdch ko\u017e\u00ed a kost\u00edc a s\u00fakna.<\/p>\n<p><strong>T\u00e1to sada &#8222;TWEETEN Home Repair Kit&#8220; obsahuje:<\/strong><img decoding=\"async\" class=\"alignright\" alt=\"tweeten-logo\" src=\"https:\/\/www.billiard-pro.cz\/wp-content\/uploads\/2013\/09\/tweeten-logo.jpg\" \/><\/p>\n<ul>\n<li>\u00a012x kvalitn\u00e1 ko\u017ea na t\u00e1ga MASTER<\/li>\n<li>Lepidlo na ko\u017ee TWEETEN&#8217;S CEMENT (desa\u0165min\u00fatov\u00e9 lepidlo)<\/li>\n<li>Samolepiacu zelen\u00fa z\u00e1platu biliardov\u00e9ho s\u00fakna<\/li>\n<li>Oto\u010dn\u00fd br\u00fasik na vyrovnanie biliardov\u00e9 kostice<\/li>\n<li>Gumovo \/ plastov\u00fd s\u0165ahov\u00e1k na lepenie biliardov\u00fdch ko\u017e\u00ed<\/li>\n<li>3 x biliardov\u00e1 krieda MASTER &#8211; modr\u00e1<\/li>\n<li>Dlh\u00fd br\u00fasik na vytvorenie spr\u00e1vneho zaoblenia biliardovej ko\u017ea + n\u00e1hradn\u00fd br\u00fasny papier<\/li>\n<\/ul>\n<p><strong>V\u00fdrobca:<\/strong> Tweeten Fibre Co. Inc., Chicago, USA<\/p>\n<p><strong>Dostupnost tovara:<\/strong> skladom s dodanim do 3 pracovn\u00fdch dn\u00ed<\/p>\n","protected":false},"excerpt":{"rendered":"<p>Cenovo v\u00fdhodn\u00e1 sada na opravu a lepenie biliardov\u00fdch ko\u017e\u00ed a kost\u00edc a s\u00fakna. T\u00e1to sada &#8222;TWEETEN Home Repair Kit&#8220; obsahuje: \u00a012x kvalitn\u00e1 ko\u017ea na t\u00e1ga MASTER Lepidlo na ko\u017ee TWEETEN&#8217;S CEMENT (desa\u0165min\u00fatov\u00e9 lepidlo) Samolepiacu zelen\u00fa z\u00e1platu biliardov\u00e9ho s\u00fakna Oto\u010dn\u00fd br\u00fasik na vyrovnanie biliardov\u00e9 kostice Gumovo \/ plastov\u00fd s\u0165ahov\u00e1k na lepenie biliardov\u00fdch ko\u017e\u00ed 3 x biliardov\u00e1 [&hellip;]<\/p>\n","protected":false},"featured_media":3888,"comment_status":"open","ping_status":"closed","template":"","meta":[],"product_brand":[],"product_cat":[251,369,273],"product_tag":[],"class_list":{"0":"post-3373","1":"product","2":"type-product","3":"status-publish","4":"has-post-thumbnail","6":"product_cat-billiardove-potreby","7":"product_cat-struhadla-brusky","8":"product_cat-taga-prislusenstvo-2","10":"first","11":"outofstock","12":"shipping-taxable","13":"purchasable","14":"product-type-simple"},"_links":{"self":[{"href":"https:\/\/www.billiard-pro.cz\/sk\/wp-json\/wp\/v2\/product\/3373","targetHints":{"allow":["GET"]}}],"collection":[{"href":"https:\/\/www.billiard-pro.cz\/sk\/wp-json\/wp\/v2\/product"}],"about":[{"href":"https:\/\/www.billiard-pro.cz\/sk\/wp-json\/wp\/v2\/types\/product"}],"replies":[{"embeddable":true,"href":"https:\/\/www.billiard-pro.cz\/sk\/wp-json\/wp\/v2\/comments?post=3373"}],"wp:featuredmedia":[{"embeddable":true,"href":"https:\/\/www.billiard-pro.cz\/sk\/wp-json\/wp\/v2\/media\/3888"}],"wp:attachment":[{"href":"https:\/\/www.billiard-pro.cz\/sk\/wp-json\/wp\/v2\/media?parent=3373"}],"wp:term":[{"taxonomy":"product_brand","embeddable":true,"href":"https:\/\/www.billiard-pro.cz\/sk\/wp-json\/wp\/v2\/product_brand?post=3373"},{"taxonomy":"product_cat","embeddable":true,"href":"https:\/\/www.billiard-pro.cz\/sk\/wp-json\/wp\/v2\/product_cat?post=3373"},{"taxonomy":"product_tag","embeddable":true,"href":"https:\/\/www.billiard-pro.cz\/sk\/wp-json\/wp\/v2\/product_tag?post=3373"}],"curies":[{"name":"wp","href":"https:\/\/api.w.org\/{rel}","templated":true}]}}