{"id":3377,"date":"2013-10-15T09:37:41","date_gmt":"2013-10-15T09:37:41","guid":{"rendered":"http:\/\/localhost\/iwansimonis\/obchod\/nezerazene\/koza-na-tago-aramith-medium-13-mm-1-ks-nalepovacie\/"},"modified":"2013-10-15T09:37:41","modified_gmt":"2013-10-15T09:37:41","slug":"koza-na-tago-aramith-medium-13-mm-1-ks-nalepovacie","status":"publish","type":"product","link":"https:\/\/www.billiard-pro.cz\/sk\/obchod\/billiardove-potreby\/koze-na-tago\/koza-na-tago-aramith-medium-13-mm-1-ks-nalepovacie\/","title":{"rendered":"Ko\u017ea na t\u00e1go ARAMITH medium &#8211; 13 mm 1 ks &#8211; nalepovacie"},"content":{"rendered":"<ul>\n<li><strong>ARAMITH &#8211; ko\u017ea na t\u00e1go 9 \u00a0vrstiev\u00a0<img decoding=\"async\" class=\"alignright\" alt=\"Aramith\" src=\"https:\/\/www.billiard-pro.cz\/wp-content\/uploads\/2013\/09\/aramith-logo.jpg\" \/><\/strong><\/li>\n<li>\u0160pi\u010dkov\u00e1 kvalita<\/li>\n<li>Ko\u017ea na t\u00e1go z jemnej prasacej ko\u017ee<\/li>\n<li>Dobre pri\u013enav\u00e1<\/li>\n<li>V ponuke 12 mm a 13 mm<\/li>\n<li><strong>Cena je za 1 ks<\/strong><\/li>\n<\/ul>\n<p><strong>V\u00fdrobca:<\/strong> Saluc S.A., Belgicko<\/p>\n<p><strong>Dostupnos\u0165 tovaru<\/strong>: skladom s dodan\u00edm do 3 pracovn\u00fdch dn\u00ed<\/p>\n","protected":false},"excerpt":{"rendered":"<p>ARAMITH &#8211; ko\u017ea na t\u00e1go 9 \u00a0vrstiev\u00a0 \u0160pi\u010dkov\u00e1 kvalita Ko\u017ea na t\u00e1go z jemnej prasacej ko\u017ee Dobre pri\u013enav\u00e1 V ponuke 12 mm a 13 mm Cena je za 1 ks V\u00fdrobca: Saluc S.A., Belgicko Dostupnos\u0165 tovaru: skladom s dodan\u00edm do 3 pracovn\u00fdch dn\u00ed<\/p>\n","protected":false},"featured_media":718,"comment_status":"open","ping_status":"closed","template":"","meta":[],"product_brand":[],"product_cat":[251,311],"product_tag":[],"class_list":{"0":"post-3377","1":"product","2":"type-product","3":"status-publish","4":"has-post-thumbnail","6":"product_cat-billiardove-potreby","7":"product_cat-koze-na-tago","9":"first","10":"instock","11":"shipping-taxable","12":"purchasable","13":"product-type-simple"},"_links":{"self":[{"href":"https:\/\/www.billiard-pro.cz\/sk\/wp-json\/wp\/v2\/product\/3377","targetHints":{"allow":["GET"]}}],"collection":[{"href":"https:\/\/www.billiard-pro.cz\/sk\/wp-json\/wp\/v2\/product"}],"about":[{"href":"https:\/\/www.billiard-pro.cz\/sk\/wp-json\/wp\/v2\/types\/product"}],"replies":[{"embeddable":true,"href":"https:\/\/www.billiard-pro.cz\/sk\/wp-json\/wp\/v2\/comments?post=3377"}],"wp:featuredmedia":[{"embeddable":true,"href":"https:\/\/www.billiard-pro.cz\/sk\/wp-json\/wp\/v2\/media\/718"}],"wp:attachment":[{"href":"https:\/\/www.billiard-pro.cz\/sk\/wp-json\/wp\/v2\/media?parent=3377"}],"wp:term":[{"taxonomy":"product_brand","embeddable":true,"href":"https:\/\/www.billiard-pro.cz\/sk\/wp-json\/wp\/v2\/product_brand?post=3377"},{"taxonomy":"product_cat","embeddable":true,"href":"https:\/\/www.billiard-pro.cz\/sk\/wp-json\/wp\/v2\/product_cat?post=3377"},{"taxonomy":"product_tag","embeddable":true,"href":"https:\/\/www.billiard-pro.cz\/sk\/wp-json\/wp\/v2\/product_tag?post=3377"}],"curies":[{"name":"wp","href":"https:\/\/api.w.org\/{rel}","templated":true}]}}