{"id":3381,"date":"2014-03-15T16:03:43","date_gmt":"2014-03-15T15:03:43","guid":{"rendered":"http:\/\/localhost\/iwansimonis\/obchod\/nezerazene\/gulecnikove-kriedy-na-tago-predator-5-ks\/"},"modified":"2014-03-15T15:03:43","modified_gmt":"2014-03-15T15:03:43","slug":"gulecnikove-kriedy-na-tago-predator-5-ks","status":"publish","type":"product","link":"https:\/\/www.billiard-pro.cz\/sk\/obchod\/billiardove-potreby\/kriedy-na-tago-3\/gulecnikove-kriedy-na-tago-predator-5-ks\/","title":{"rendered":"Gule\u010dnikove kriedy na t\u00e1go  PREDATOR 5 ks"},"content":{"rendered":"<p><strong>Biliardov\u00e1 krieda PREDATOR\u00a0<\/strong><img decoding=\"async\" class=\"alignright\" title=\"Logo Predator Cues\" alt=\"Logo Predator Cues\" src=\"http:\/\/www.kulecnikar.cz\/data\/user-content\/Loga%20firem\/predator_logo.jpg\" \/><\/p>\n<ul>\n<li>Nov\u00fd modern\u00fd osemuholn\u00edkov\u00fd tvar<\/li>\n<li>Krabi\u010dka obsahuje 5 kusov \u00a0modr\u00e9 kriedy<\/li>\n<li>Testovan\u00e9 \u0161pi\u010dkov\u00fdmi hr\u00e1\u010dmi<\/li>\n<li>\u00a0Inov\u00e1cia v biliardovej hre<\/li>\n<li>Minimalizuje smeknutie ko\u017eou o gule<\/li>\n<\/ul>\n<p>Po viac ako piatich rokoch v\u00fdskumu a v\u00fdvoja, a troch rokov testovania \u0161pi\u010dkov\u00fdmi profesion\u00e1lmi, vznikla t\u00e1to unik\u00e1tna krieda na t\u00e1ga Predator.<\/p>\n<p><strong>Cena za balenie 5 ks.<\/strong><\/p>\n<p><strong>V\u00fdrobca:<\/strong>\u00a0Predator\/Poison, USA (presti\u017en\u00ed svetov\u00fd v\u00fdrobca poolov\u00fdch t\u00e1g Predator a Poison)<\/p>\n<p><strong style=\"line-height: 1.5em;\">Dostupnos\u0165 tovaru:<\/strong><span style=\"line-height: 1.5em;\"> skladom s dodan\u00edm do 3 pracovn\u00fdch dn\u00ed<\/span><\/p>\n","protected":false},"excerpt":{"rendered":"<p>Biliardov\u00e1 krieda PREDATOR\u00a0 Nov\u00fd modern\u00fd osemuholn\u00edkov\u00fd tvar Krabi\u010dka obsahuje 5 kusov \u00a0modr\u00e9 kriedy Testovan\u00e9 \u0161pi\u010dkov\u00fdmi hr\u00e1\u010dmi \u00a0Inov\u00e1cia v biliardovej hre Minimalizuje smeknutie ko\u017eou o gule Po viac ako piatich rokoch v\u00fdskumu a v\u00fdvoja, a troch rokov testovania \u0161pi\u010dkov\u00fdmi profesion\u00e1lmi, vznikla t\u00e1to unik\u00e1tna krieda na t\u00e1ga Predator. Cena za balenie 5 ks. V\u00fdrobca:\u00a0Predator\/Poison, USA (presti\u017en\u00ed svetov\u00fd [&hellip;]<\/p>\n","protected":false},"featured_media":4530,"comment_status":"open","ping_status":"closed","template":"","meta":[],"product_brand":[],"product_cat":[251,349],"product_tag":[],"class_list":{"0":"post-3381","1":"product","2":"type-product","3":"status-publish","4":"has-post-thumbnail","6":"product_cat-billiardove-potreby","7":"product_cat-kriedy-na-tago-3","9":"first","10":"instock","11":"shipping-taxable","12":"purchasable","13":"product-type-simple"},"_links":{"self":[{"href":"https:\/\/www.billiard-pro.cz\/sk\/wp-json\/wp\/v2\/product\/3381","targetHints":{"allow":["GET"]}}],"collection":[{"href":"https:\/\/www.billiard-pro.cz\/sk\/wp-json\/wp\/v2\/product"}],"about":[{"href":"https:\/\/www.billiard-pro.cz\/sk\/wp-json\/wp\/v2\/types\/product"}],"replies":[{"embeddable":true,"href":"https:\/\/www.billiard-pro.cz\/sk\/wp-json\/wp\/v2\/comments?post=3381"}],"wp:featuredmedia":[{"embeddable":true,"href":"https:\/\/www.billiard-pro.cz\/sk\/wp-json\/wp\/v2\/media\/4530"}],"wp:attachment":[{"href":"https:\/\/www.billiard-pro.cz\/sk\/wp-json\/wp\/v2\/media?parent=3381"}],"wp:term":[{"taxonomy":"product_brand","embeddable":true,"href":"https:\/\/www.billiard-pro.cz\/sk\/wp-json\/wp\/v2\/product_brand?post=3381"},{"taxonomy":"product_cat","embeddable":true,"href":"https:\/\/www.billiard-pro.cz\/sk\/wp-json\/wp\/v2\/product_cat?post=3381"},{"taxonomy":"product_tag","embeddable":true,"href":"https:\/\/www.billiard-pro.cz\/sk\/wp-json\/wp\/v2\/product_tag?post=3381"}],"curies":[{"name":"wp","href":"https:\/\/api.w.org\/{rel}","templated":true}]}}