{"id":3383,"date":"2014-03-15T17:35:41","date_gmt":"2014-03-15T16:35:41","guid":{"rendered":"http:\/\/localhost\/iwansimonis\/obchod\/nezerazene\/gulecnikove-kriedy-na-tago-blue-diamond-2-ks\/"},"modified":"2014-03-15T17:35:41","modified_gmt":"2014-03-15T17:35:41","slug":"gulecnikove-kriedy-na-tago-blue-diamond-2-ks","status":"publish","type":"product","link":"https:\/\/www.billiard-pro.cz\/sk\/obchod\/billiardove-potreby\/kriedy-na-tago-3\/gulecnikove-kriedy-na-tago-blue-diamond-2-ks\/","title":{"rendered":"Gule\u010dn\u00edkov\u00e9 kriedy na t\u00e1go BLUE DIAMOND 2 ks"},"content":{"rendered":"<p><strong>Biliardov\u00e1 krieda Blue Diamond &#8211; 2 kusy v balen\u00ed<img decoding=\"async\" class=\"alignright\" alt=\"tweeten-logo\" src=\"https:\/\/www.billiard-pro.cz\/wp-content\/uploads\/2013\/09\/tweeten-logo.jpg\" \/><\/strong><\/p>\n<ul>\n<li>Svetovo zn\u00e1ma a medzi hr\u00e1\u010dmi ve\u013emi ob\u013e\u00faben\u00e1 modr\u00e1 krieda Blue Diamond<\/li>\n<li>Najvy\u0161\u0161ia zaru\u010den\u00e1 kvalita<\/li>\n<li>T\u00e1to krieda rovnomerne ma\u017ee a zaru\u010duje ide\u00e1lne kontakt ko\u017ee s biliardov\u00fa gu\u013eou<\/li>\n<li>Pou\u017e\u00edvaj\u00fa najm\u00e4 profesion\u00e1li<\/li>\n<\/ul>\n<p><strong>Zlo\u017eenie:<\/strong> korund, krem\u00edk, modr\u00e9 farbivo<\/p>\n<p><strong>V\u00fdrobca:<\/strong>\u00a0Tweeten Fibre Co. Inc., Chicago, \u00a0USA<\/p>\n<p><strong>Cena za 2 kusy v balen\u00ed.\u00a0<\/strong><\/p>\n<p><strong>Dostupnos\u0165 tovaru:<\/strong> skladom s dodan\u00edm do 3 pracovn\u00fdch dn\u00ed<\/p>\n","protected":false},"excerpt":{"rendered":"<p>Biliardov\u00e1 krieda Blue Diamond &#8211; 2 kusy v balen\u00ed Svetovo zn\u00e1ma a medzi hr\u00e1\u010dmi ve\u013emi ob\u013e\u00faben\u00e1 modr\u00e1 krieda Blue Diamond Najvy\u0161\u0161ia zaru\u010den\u00e1 kvalita T\u00e1to krieda rovnomerne ma\u017ee a zaru\u010duje ide\u00e1lne kontakt ko\u017ee s biliardov\u00fa gu\u013eou Pou\u017e\u00edvaj\u00fa najm\u00e4 profesion\u00e1li Zlo\u017eenie: korund, krem\u00edk, modr\u00e9 farbivo V\u00fdrobca:\u00a0Tweeten Fibre Co. Inc., Chicago, \u00a0USA Cena za 2 kusy v balen\u00ed.\u00a0 [&hellip;]<\/p>\n","protected":false},"featured_media":4682,"comment_status":"open","ping_status":"closed","template":"","meta":[],"product_brand":[],"product_cat":[251,349],"product_tag":[],"class_list":{"0":"post-3383","1":"product","2":"type-product","3":"status-publish","4":"has-post-thumbnail","6":"product_cat-billiardove-potreby","7":"product_cat-kriedy-na-tago-3","9":"first","10":"instock","11":"shipping-taxable","12":"purchasable","13":"product-type-simple"},"_links":{"self":[{"href":"https:\/\/www.billiard-pro.cz\/sk\/wp-json\/wp\/v2\/product\/3383","targetHints":{"allow":["GET"]}}],"collection":[{"href":"https:\/\/www.billiard-pro.cz\/sk\/wp-json\/wp\/v2\/product"}],"about":[{"href":"https:\/\/www.billiard-pro.cz\/sk\/wp-json\/wp\/v2\/types\/product"}],"replies":[{"embeddable":true,"href":"https:\/\/www.billiard-pro.cz\/sk\/wp-json\/wp\/v2\/comments?post=3383"}],"wp:featuredmedia":[{"embeddable":true,"href":"https:\/\/www.billiard-pro.cz\/sk\/wp-json\/wp\/v2\/media\/4682"}],"wp:attachment":[{"href":"https:\/\/www.billiard-pro.cz\/sk\/wp-json\/wp\/v2\/media?parent=3383"}],"wp:term":[{"taxonomy":"product_brand","embeddable":true,"href":"https:\/\/www.billiard-pro.cz\/sk\/wp-json\/wp\/v2\/product_brand?post=3383"},{"taxonomy":"product_cat","embeddable":true,"href":"https:\/\/www.billiard-pro.cz\/sk\/wp-json\/wp\/v2\/product_cat?post=3383"},{"taxonomy":"product_tag","embeddable":true,"href":"https:\/\/www.billiard-pro.cz\/sk\/wp-json\/wp\/v2\/product_tag?post=3383"}],"curies":[{"name":"wp","href":"https:\/\/api.w.org\/{rel}","templated":true}]}}