{"id":3385,"date":"2014-03-16T14:00:59","date_gmt":"2014-03-16T13:00:59","guid":{"rendered":"http:\/\/localhost\/iwansimonis\/obchod\/nezerazene\/kefa-na-biliardove-mantinely\/"},"modified":"2016-04-22T09:04:52","modified_gmt":"2016-04-22T07:04:52","slug":"kefa-na-biliardove-mantinely","status":"publish","type":"product","link":"https:\/\/www.billiard-pro.cz\/sk\/obchod\/biliardova-sukna-simonis\/cistice-a-kartace-sk\/kefa-na-biliardove-mantinely\/","title":{"rendered":"Kefa na biliardov\u00e9 mantinely Buffalo"},"content":{"rendered":"<ul>\n<li><strong>Kefa na biliardov\u00e9 s\u00fakno zn. Buffalo<img loading=\"lazy\" decoding=\"async\" class=\"size-full wp-image-4872 alignright\" src=\"https:\/\/www.billiard-pro.cz\/wp-content\/uploads\/2014\/06\/buffalo.png\" alt=\"buffalo\" width=\"66\" height=\"17\" \/><\/strong><\/li>\n<li>Vhodn\u00e9 pre \u010distenie miest pod mantinelom biliardov\u00e9ho stola<\/li>\n<li>Kefa ve\u013emi \u0161etrne odstra\u0148uje zo s\u00fakna ne\u010distoty a prach z biliardov\u00fdch kried<\/li>\n<li><strong>Extr\u00e9mne odoln\u00fd !<\/strong><\/li>\n<li><strong>Pravideln\u00e9 \u010distenie s\u00fakna predl\u017euje jeho \u017eivotnos\u0165!<\/strong><\/li>\n<\/ul>\n<p><strong>Dostupnos\u0165 tovara:<\/strong> skladom s dodan\u00edm do 3 pracovn\u00fdch dn\u00ed<\/p>\n","protected":false},"excerpt":{"rendered":"<p>Kefa na biliardov\u00e9 s\u00fakno zn. Buffalo Vhodn\u00e9 pre \u010distenie miest pod mantinelom biliardov\u00e9ho stola Kefa ve\u013emi \u0161etrne odstra\u0148uje zo s\u00fakna ne\u010distoty a prach z biliardov\u00fdch kried Extr\u00e9mne odoln\u00fd ! Pravideln\u00e9 \u010distenie s\u00fakna predl\u017euje jeho \u017eivotnos\u0165! Dostupnos\u0165 tovara: skladom s dodan\u00edm do 3 pracovn\u00fdch dn\u00ed<\/p>\n","protected":false},"featured_media":4620,"comment_status":"open","ping_status":"closed","template":"","meta":[],"product_brand":[],"product_cat":[382],"product_tag":[],"class_list":{"0":"post-3385","1":"product","2":"type-product","3":"status-publish","4":"has-post-thumbnail","6":"product_cat-cistice-a-kartace-sk","8":"first","9":"instock","10":"shipping-taxable","11":"purchasable","12":"product-type-simple"},"_links":{"self":[{"href":"https:\/\/www.billiard-pro.cz\/sk\/wp-json\/wp\/v2\/product\/3385","targetHints":{"allow":["GET"]}}],"collection":[{"href":"https:\/\/www.billiard-pro.cz\/sk\/wp-json\/wp\/v2\/product"}],"about":[{"href":"https:\/\/www.billiard-pro.cz\/sk\/wp-json\/wp\/v2\/types\/product"}],"replies":[{"embeddable":true,"href":"https:\/\/www.billiard-pro.cz\/sk\/wp-json\/wp\/v2\/comments?post=3385"}],"wp:featuredmedia":[{"embeddable":true,"href":"https:\/\/www.billiard-pro.cz\/sk\/wp-json\/wp\/v2\/media\/4620"}],"wp:attachment":[{"href":"https:\/\/www.billiard-pro.cz\/sk\/wp-json\/wp\/v2\/media?parent=3385"}],"wp:term":[{"taxonomy":"product_brand","embeddable":true,"href":"https:\/\/www.billiard-pro.cz\/sk\/wp-json\/wp\/v2\/product_brand?post=3385"},{"taxonomy":"product_cat","embeddable":true,"href":"https:\/\/www.billiard-pro.cz\/sk\/wp-json\/wp\/v2\/product_cat?post=3385"},{"taxonomy":"product_tag","embeddable":true,"href":"https:\/\/www.billiard-pro.cz\/sk\/wp-json\/wp\/v2\/product_tag?post=3385"}],"curies":[{"name":"wp","href":"https:\/\/api.w.org\/{rel}","templated":true}]}}