{"id":3387,"date":"2014-03-16T15:13:01","date_gmt":"2014-03-16T14:13:01","guid":{"rendered":"http:\/\/localhost\/iwansimonis\/obchod\/nezerazene\/kefa-na-biliardove-sukno-de-luxe-23-cm\/"},"modified":"2021-02-11T10:19:27","modified_gmt":"2021-02-11T09:19:27","slug":"kefa-na-biliardove-sukno-de-luxe-23-cm","status":"publish","type":"product","link":"https:\/\/www.billiard-pro.cz\/sk\/obchod\/biliardova-sukna-simonis\/cistice-a-kartace-sk\/kefa-na-biliardove-sukno-de-luxe-23-cm\/","title":{"rendered":"Kefa na biliardov\u00e9 s\u00fakno Dynamic De Luxe Mahagony 26 cm"},"content":{"rendered":"<p><strong>Kefa na biliardov\u00e9 s\u00fakno De Luxe \u00a0stredn\u00e1 ve\u013ekos\u0165\u00a0(black and white)<\/strong><\/p>\n<ul>\n<li><strong>Vhodn\u00fd pomer cena \/ kvalita !<\/strong><\/li>\n<li><strong>Pou\u017eitie:<\/strong> karambolov\u00e9, poolov\u00e9 s\u00fakno.<\/li>\n<li>Kefa \u0161etrne odstra\u0148uje zo s\u00fakna ne\u010distoty a prach z biliardov\u00fdch kried.<\/li>\n<li><strong>Stredn\u00e1 ve\u013ekos\u0165:<\/strong><\/li>\n<li><strong>D\u013a\u017eka<\/strong>\u00a0:26 cm<\/li>\n<li><strong>\u0160\u00edrka:<\/strong> 5 cm<\/li>\n<li><strong>Farba :<\/strong> \u00a0Mahag\u00f3n lakovan\u00fd<\/li>\n<\/ul>\n<p><strong>Dostupnos\u0165 tovaru:<\/strong> skladom s dodan\u00edm do 3 pracovn\u00fdch dn\u00ed<\/p>\n","protected":false},"excerpt":{"rendered":"<p>Kefa na biliardov\u00e9 s\u00fakno De Luxe \u00a0stredn\u00e1 ve\u013ekos\u0165\u00a0(black and white) Vhodn\u00fd pomer cena \/ kvalita ! Pou\u017eitie: karambolov\u00e9, poolov\u00e9 s\u00fakno. Kefa \u0161etrne odstra\u0148uje zo s\u00fakna ne\u010distoty a prach z biliardov\u00fdch kried. Stredn\u00e1 ve\u013ekos\u0165: D\u013a\u017eka\u00a0:26 cm \u0160\u00edrka: 5 cm Farba : \u00a0Mahag\u00f3n lakovan\u00fd Dostupnos\u0165 tovaru: skladom s dodan\u00edm do 3 pracovn\u00fdch dn\u00ed<\/p>\n","protected":false},"featured_media":7745,"comment_status":"closed","ping_status":"closed","template":"","meta":[],"product_brand":[],"product_cat":[382],"product_tag":[],"class_list":{"0":"post-3387","1":"product","2":"type-product","3":"status-publish","4":"has-post-thumbnail","6":"product_cat-cistice-a-kartace-sk","8":"first","9":"instock","10":"shipping-taxable","11":"purchasable","12":"product-type-simple"},"_links":{"self":[{"href":"https:\/\/www.billiard-pro.cz\/sk\/wp-json\/wp\/v2\/product\/3387","targetHints":{"allow":["GET"]}}],"collection":[{"href":"https:\/\/www.billiard-pro.cz\/sk\/wp-json\/wp\/v2\/product"}],"about":[{"href":"https:\/\/www.billiard-pro.cz\/sk\/wp-json\/wp\/v2\/types\/product"}],"replies":[{"embeddable":true,"href":"https:\/\/www.billiard-pro.cz\/sk\/wp-json\/wp\/v2\/comments?post=3387"}],"wp:featuredmedia":[{"embeddable":true,"href":"https:\/\/www.billiard-pro.cz\/sk\/wp-json\/wp\/v2\/media\/7745"}],"wp:attachment":[{"href":"https:\/\/www.billiard-pro.cz\/sk\/wp-json\/wp\/v2\/media?parent=3387"}],"wp:term":[{"taxonomy":"product_brand","embeddable":true,"href":"https:\/\/www.billiard-pro.cz\/sk\/wp-json\/wp\/v2\/product_brand?post=3387"},{"taxonomy":"product_cat","embeddable":true,"href":"https:\/\/www.billiard-pro.cz\/sk\/wp-json\/wp\/v2\/product_cat?post=3387"},{"taxonomy":"product_tag","embeddable":true,"href":"https:\/\/www.billiard-pro.cz\/sk\/wp-json\/wp\/v2\/product_tag?post=3387"}],"curies":[{"name":"wp","href":"https:\/\/api.w.org\/{rel}","templated":true}]}}