{"id":3389,"date":"2014-03-16T15:40:57","date_gmt":"2014-03-16T14:40:57","guid":{"rendered":"http:\/\/localhost\/iwansimonis\/obchod\/nezerazene\/kefa-na-biliardove-sukno-27-cm\/"},"modified":"2016-04-22T09:03:20","modified_gmt":"2016-04-22T07:03:20","slug":"kefa-na-biliardove-sukno-27-cm","status":"publish","type":"product","link":"https:\/\/www.billiard-pro.cz\/sk\/obchod\/biliardova-sukna-simonis\/cistice-a-kartace-sk\/kefa-na-biliardove-sukno-27-cm\/","title":{"rendered":"Kefa na biliardov\u00e9 s\u00fakno Buffalo 27 cm"},"content":{"rendered":"<p><strong>Kefa na biliardov\u00e9 s\u00fakno \u0161irok\u00fd rozmer 27 cm z. Buffalo<img loading=\"lazy\" decoding=\"async\" class=\"size-full wp-image-4872 alignright\" src=\"https:\/\/www.billiard-pro.cz\/wp-content\/uploads\/2014\/06\/buffalo.png\" alt=\"buffalo\" width=\"66\" height=\"17\" \/><\/strong><\/p>\n<ul>\n<li><strong>Pou\u017eitie:<\/strong>\u00a0karambolov\u00e9, poolov\u00e9 \u00a0aj snookerov\u00e9 s\u00fakno.<\/li>\n<li>Kefa \u0161etrne odstra\u0148uje zo s\u00fakna ne\u010distoty a prach z biliardov\u00fdch kried.<\/li>\n<li><strong>D\u013a\u017eka:<\/strong> 27 cm<\/li>\n<li><strong>\u0160\u00edrka<\/strong>: 5 cm<\/li>\n<li><strong>Farba:<\/strong> pr\u00edrodn\u00e1<\/li>\n<\/ul>\n<p><strong>Dostupnos\u0165 tovaru:<\/strong> skladom s dodan\u00edm do 3 pracovn\u00fdch dn\u00ed<\/p>\n","protected":false},"excerpt":{"rendered":"<p>Kefa na biliardov\u00e9 s\u00fakno \u0161irok\u00fd rozmer 27 cm z. Buffalo Pou\u017eitie:\u00a0karambolov\u00e9, poolov\u00e9 \u00a0aj snookerov\u00e9 s\u00fakno. Kefa \u0161etrne odstra\u0148uje zo s\u00fakna ne\u010distoty a prach z biliardov\u00fdch kried. D\u013a\u017eka: 27 cm \u0160\u00edrka: 5 cm Farba: pr\u00edrodn\u00e1 Dostupnos\u0165 tovaru: skladom s dodan\u00edm do 3 pracovn\u00fdch dn\u00ed<\/p>\n","protected":false},"featured_media":4624,"comment_status":"closed","ping_status":"closed","template":"","meta":[],"product_brand":[],"product_cat":[382],"product_tag":[],"class_list":{"0":"post-3389","1":"product","2":"type-product","3":"status-publish","4":"has-post-thumbnail","6":"product_cat-cistice-a-kartace-sk","8":"first","9":"instock","10":"shipping-taxable","11":"purchasable","12":"product-type-simple"},"_links":{"self":[{"href":"https:\/\/www.billiard-pro.cz\/sk\/wp-json\/wp\/v2\/product\/3389","targetHints":{"allow":["GET"]}}],"collection":[{"href":"https:\/\/www.billiard-pro.cz\/sk\/wp-json\/wp\/v2\/product"}],"about":[{"href":"https:\/\/www.billiard-pro.cz\/sk\/wp-json\/wp\/v2\/types\/product"}],"replies":[{"embeddable":true,"href":"https:\/\/www.billiard-pro.cz\/sk\/wp-json\/wp\/v2\/comments?post=3389"}],"wp:featuredmedia":[{"embeddable":true,"href":"https:\/\/www.billiard-pro.cz\/sk\/wp-json\/wp\/v2\/media\/4624"}],"wp:attachment":[{"href":"https:\/\/www.billiard-pro.cz\/sk\/wp-json\/wp\/v2\/media?parent=3389"}],"wp:term":[{"taxonomy":"product_brand","embeddable":true,"href":"https:\/\/www.billiard-pro.cz\/sk\/wp-json\/wp\/v2\/product_brand?post=3389"},{"taxonomy":"product_cat","embeddable":true,"href":"https:\/\/www.billiard-pro.cz\/sk\/wp-json\/wp\/v2\/product_cat?post=3389"},{"taxonomy":"product_tag","embeddable":true,"href":"https:\/\/www.billiard-pro.cz\/sk\/wp-json\/wp\/v2\/product_tag?post=3389"}],"curies":[{"name":"wp","href":"https:\/\/api.w.org\/{rel}","templated":true}]}}