{"id":3391,"date":"2014-03-16T16:02:28","date_gmt":"2014-03-16T15:02:28","guid":{"rendered":"http:\/\/localhost\/iwansimonis\/obchod\/nezerazene\/magneticky-drziak-na-biliardove-kriedy-eco-style\/"},"modified":"2016-04-22T08:55:15","modified_gmt":"2016-04-22T06:55:15","slug":"magneticky-drziak-na-biliardove-kriedy-eco-style","status":"publish","type":"product","link":"https:\/\/www.billiard-pro.cz\/sk\/obchod\/billiardove-potreby\/kriedy-na-tago-3\/magneticky-drziak-na-biliardove-kriedy-eco-style\/","title":{"rendered":"Magnetick\u00fd dr\u017eiak na biliardov\u00e9 kriedy Buffalo eco-style"},"content":{"rendered":"<p><strong>\u010cierny magnetick\u00fd dr\u017eiak na biliardov\u00e9 kriedy &#8211; eco style<img loading=\"lazy\" decoding=\"async\" class=\"size-full wp-image-2412 alignright\" src=\"https:\/\/www.billiard-pro.cz\/wp-content\/uploads\/2014\/06\/buffalo.png\" alt=\"buffalo\" width=\"66\" height=\"17\" data-id=\"2412\" srcset=\"https:\/\/www.billiard-pro.cz\/wp-content\/uploads\/2014\/06\/buffalo.png 66w, https:\/\/www.billiard-pro.cz\/wp-content\/uploads\/2014\/06\/buffalo-31x7.png 31w, https:\/\/www.billiard-pro.cz\/wp-content\/uploads\/2014\/06\/buffalo-38x9.png 38w\" sizes=\"auto, (max-width: 66px) 100vw, 66px\" \/><\/strong><\/p>\n<p>Tento trojdielny magnetick\u00fd dr\u017eiak je s ob\u013eubou pou\u017e\u00edvan\u00fd extraligov\u00fdmi hr\u00e1\u010dmi.<\/p>\n<p><strong>Ve\u013emi praktick\u00fd! Odpor\u00fa\u010dame!<\/strong><\/p>\n<p>Hr\u00e1\u010d m\u00e1 kriedu neust\u00e1le po ruke .<\/p>\n<p>Mo\u017eno pripevni\u0165 za opasok.<\/p>\n<p>Do dr\u017eiaku kriedy mo\u017eno umiestni\u0165 v\u0161etky pon\u00fakan\u00e9 druhy biliardov\u00fdch kried.<\/p>\n<p><strong>Dostupnos\u0165 tovaru:<\/strong> skladom s dodan\u00edm do 3 pracovn\u00fdch dn\u00ed<\/p>\n","protected":false},"excerpt":{"rendered":"<p>\u010cierny magnetick\u00fd dr\u017eiak na biliardov\u00e9 kriedy &#8211; eco style Tento trojdielny magnetick\u00fd dr\u017eiak je s ob\u013eubou pou\u017e\u00edvan\u00fd extraligov\u00fdmi hr\u00e1\u010dmi. Ve\u013emi praktick\u00fd! Odpor\u00fa\u010dame! Hr\u00e1\u010d m\u00e1 kriedu neust\u00e1le po ruke . Mo\u017eno pripevni\u0165 za opasok. Do dr\u017eiaku kriedy mo\u017eno umiestni\u0165 v\u0161etky pon\u00fakan\u00e9 druhy biliardov\u00fdch kried. Dostupnos\u0165 tovaru: skladom s dodan\u00edm do 3 pracovn\u00fdch dn\u00ed<\/p>\n","protected":false},"featured_media":4582,"comment_status":"open","ping_status":"closed","template":"","meta":[],"product_brand":[],"product_cat":[251,349],"product_tag":[],"class_list":{"0":"post-3391","1":"product","2":"type-product","3":"status-publish","4":"has-post-thumbnail","6":"product_cat-billiardove-potreby","7":"product_cat-kriedy-na-tago-3","9":"first","10":"instock","11":"shipping-taxable","12":"purchasable","13":"product-type-simple"},"_links":{"self":[{"href":"https:\/\/www.billiard-pro.cz\/sk\/wp-json\/wp\/v2\/product\/3391","targetHints":{"allow":["GET"]}}],"collection":[{"href":"https:\/\/www.billiard-pro.cz\/sk\/wp-json\/wp\/v2\/product"}],"about":[{"href":"https:\/\/www.billiard-pro.cz\/sk\/wp-json\/wp\/v2\/types\/product"}],"replies":[{"embeddable":true,"href":"https:\/\/www.billiard-pro.cz\/sk\/wp-json\/wp\/v2\/comments?post=3391"}],"wp:featuredmedia":[{"embeddable":true,"href":"https:\/\/www.billiard-pro.cz\/sk\/wp-json\/wp\/v2\/media\/4582"}],"wp:attachment":[{"href":"https:\/\/www.billiard-pro.cz\/sk\/wp-json\/wp\/v2\/media?parent=3391"}],"wp:term":[{"taxonomy":"product_brand","embeddable":true,"href":"https:\/\/www.billiard-pro.cz\/sk\/wp-json\/wp\/v2\/product_brand?post=3391"},{"taxonomy":"product_cat","embeddable":true,"href":"https:\/\/www.billiard-pro.cz\/sk\/wp-json\/wp\/v2\/product_cat?post=3391"},{"taxonomy":"product_tag","embeddable":true,"href":"https:\/\/www.billiard-pro.cz\/sk\/wp-json\/wp\/v2\/product_tag?post=3391"}],"curies":[{"name":"wp","href":"https:\/\/api.w.org\/{rel}","templated":true}]}}