{"id":3393,"date":"2014-03-16T17:02:34","date_gmt":"2014-03-16T16:02:34","guid":{"rendered":"http:\/\/localhost\/iwansimonis\/obchod\/nezerazene\/vrstvena-kozana-tago-predator-victory-soft-13-mm\/"},"modified":"2019-01-30T11:21:02","modified_gmt":"2019-01-30T10:21:02","slug":"vrstvena-kozena-tago-predator-victory-soft-14-mm","status":"publish","type":"product","link":"https:\/\/www.billiard-pro.cz\/sk\/obchod\/billiardove-potreby\/koze-na-tago\/vrstvena-kozena-tago-predator-victory-soft-14-mm\/","title":{"rendered":"\u0160pi\u010dka na t\u00e1go nalepovacia vrstven\u00e1 ko\u017ee na t\u00e1go PREDATOR Victory soft 14 mm"},"content":{"rendered":"<ul>\n<li><strong>PREDATOR Victory Soft 14 mm\u00a0<img decoding=\"async\" class=\"alignright\" src=\"http:\/\/www.kulecnikar.cz\/data\/user-content\/Loga%20firem\/predator_logo.jpg\" alt=\"Logo Predator Cues\" \/><\/strong><\/li>\n<li>Vysoko kvalitn\u00e1 \u00a0vrstven\u00e1 ko\u017ea na t\u00e1go<\/li>\n<li>Od svetov\u00e9ho l\u00eddra firmy PREDATOR<\/li>\n<li>\u0160pi\u010dkov\u00e1 a ve\u013emi v\u00fdkonn\u00e1 8mi vrstvov\u00e1 ko\u017ea, ktor\u00e1 je navrhnut\u00e1 tak, aby po cel\u00fa dobu svojej \u017eivotnosti mala optim\u00e1lnu tvrdos\u0165 a komp<span style=\"line-height: 1.5em;\">resiu pri \u00fadere t\u00e1ga<\/span><\/li>\n<li>Vysok\u00fd kontrast farieb umo\u017e\u0148uje lep\u0161ie pozorovanie a mierenie za zhor\u0161en\u00fdch sveteln\u00fdch podmienok<\/li>\n<li>Ko\u017ea bola testovan\u00e1 popredn\u00fdmi \u0161pi\u010dkov\u00fdmi profesion\u00e1lnymi hr\u00e1\u010dmi<\/li>\n<li><strong>TOP kvalita!<\/strong><\/li>\n<\/ul>\n<p><strong>Dostupnos\u0165 tovaru:<\/strong> skladom<\/p>\n<p><strong>V\u00fdrobca:<\/strong> PREDATOR, USA<\/p>\n","protected":false},"excerpt":{"rendered":"<p>PREDATOR Victory Soft 14 mm\u00a0 Vysoko kvalitn\u00e1 \u00a0vrstven\u00e1 ko\u017ea na t\u00e1go Od svetov\u00e9ho l\u00eddra firmy PREDATOR \u0160pi\u010dkov\u00e1 a ve\u013emi v\u00fdkonn\u00e1 8mi vrstvov\u00e1 ko\u017ea, ktor\u00e1 je navrhnut\u00e1 tak, aby po cel\u00fa dobu svojej \u017eivotnosti mala optim\u00e1lnu tvrdos\u0165 a kompresiu pri \u00fadere t\u00e1ga Vysok\u00fd kontrast farieb umo\u017e\u0148uje lep\u0161ie pozorovanie a mierenie za zhor\u0161en\u00fdch sveteln\u00fdch podmienok Ko\u017ea bola [&hellip;]<\/p>\n","protected":false},"featured_media":4558,"comment_status":"open","ping_status":"closed","template":"","meta":[],"product_brand":[],"product_cat":[251,311],"product_tag":[],"class_list":{"0":"post-3393","1":"product","2":"type-product","3":"status-publish","4":"has-post-thumbnail","6":"product_cat-billiardove-potreby","7":"product_cat-koze-na-tago","9":"first","10":"instock","11":"shipping-taxable","12":"purchasable","13":"product-type-simple"},"_links":{"self":[{"href":"https:\/\/www.billiard-pro.cz\/sk\/wp-json\/wp\/v2\/product\/3393","targetHints":{"allow":["GET"]}}],"collection":[{"href":"https:\/\/www.billiard-pro.cz\/sk\/wp-json\/wp\/v2\/product"}],"about":[{"href":"https:\/\/www.billiard-pro.cz\/sk\/wp-json\/wp\/v2\/types\/product"}],"replies":[{"embeddable":true,"href":"https:\/\/www.billiard-pro.cz\/sk\/wp-json\/wp\/v2\/comments?post=3393"}],"wp:featuredmedia":[{"embeddable":true,"href":"https:\/\/www.billiard-pro.cz\/sk\/wp-json\/wp\/v2\/media\/4558"}],"wp:attachment":[{"href":"https:\/\/www.billiard-pro.cz\/sk\/wp-json\/wp\/v2\/media?parent=3393"}],"wp:term":[{"taxonomy":"product_brand","embeddable":true,"href":"https:\/\/www.billiard-pro.cz\/sk\/wp-json\/wp\/v2\/product_brand?post=3393"},{"taxonomy":"product_cat","embeddable":true,"href":"https:\/\/www.billiard-pro.cz\/sk\/wp-json\/wp\/v2\/product_cat?post=3393"},{"taxonomy":"product_tag","embeddable":true,"href":"https:\/\/www.billiard-pro.cz\/sk\/wp-json\/wp\/v2\/product_tag?post=3393"}],"curies":[{"name":"wp","href":"https:\/\/api.w.org\/{rel}","templated":true}]}}