{"id":3407,"date":"2014-03-24T17:02:15","date_gmt":"2014-03-24T16:02:15","guid":{"rendered":"http:\/\/localhost\/iwansimonis\/obchod\/nezerazene\/kamui-clear-black-vrstvene-nalepovacie-koze-na-tago-super-soft-13mm\/"},"modified":"2016-03-08T16:54:39","modified_gmt":"2016-03-08T15:54:39","slug":"kamui-clear-black-vrstvene-nalepovacie-koze-na-tago-super-soft-13mm","status":"publish","type":"product","link":"https:\/\/www.billiard-pro.cz\/sk\/obchod\/billiardove-potreby\/koze-na-tago\/kamui-clear-black-vrstvene-nalepovacie-koze-na-tago-super-soft-13mm\/","title":{"rendered":"Kamui Clear Black Super Soft 13 mm vrstven\u00e9 nalepovacie ko\u017ee na t\u00e1go"},"content":{"rendered":"<p><strong>Kamui Clear Black \u00a0&#8211; \u010dierna \u00a0nalepovacie ko\u017ee Super Soft &#8211; 13mm.<\/strong><\/p>\n<ul>\n<li>10tich vrstvov\u00e1 kvalitnej ko\u017ee na t\u00e1go japonskej v\u00fdroby.<\/li>\n<li>Ve\u013emi elastick\u00e1 a odoln\u00e1 vlhkosti.<\/li>\n<li>Ko\u017ea je zlo\u017een\u00e1 z desiatich vrstiev, \u0161peci\u00e1lna spodn\u00e1 vrstva neprep\u00fa\u0161\u0165a lepidlo.<\/li>\n<li>V s\u00fa\u010dasnej dobe kvalitat\u00edvne najuzn\u00e1vanej\u0161\u00ed ko\u017ee na t\u00e1go na svete pre karambol a pool.<\/li>\n<li>Ko\u017ea s ozna\u010den\u00edm Clear sa od &#8222;norm\u00e1lnych&#8220; ko\u017e\u00ed Kamui l\u00ed\u0161i t\u00fdm, \u017ee na spodnej strane ko\u017ee je tzv \u0161t\u00edt z prieh\u013eadn\u00e9ho plastu a t\u00fdm doch\u00e1dza po nalepen\u00ed k tomu, \u017ee lepidlo je oddelen\u00e9 \u0161t\u00edtom od vlastnej ko\u017ee a tak neprestupuje ko\u017eou do \u010fal\u0161\u00edch vrstiev.<\/li>\n<li>Ko\u017ea m\u00e1 tak garantovan\u00e9 vo v\u0161etk\u00fdch vrstv\u00e1ch rovnak\u00e9 vlastnosti po dobu \u017eivotnosti ko\u017ei\u010dky na tagu.<\/li>\n<li>T\u00e1to ko\u017ea Kamui Clear Black v\u010faka svojej \u0161peci\u00e1lnej \u00faprave a vysokej mikro p\u00f3rovitosti dok\u00e1\u017ee prij\u00edma\u0165 viac kriedy ne\u017e porovnate\u013en\u00e9 ko\u017ee in\u00fdch v\u00fdrobcov.<\/li>\n<li>Ko\u017ea sa po \u0165a\u017ekom \u00fadere dok\u00e1\u017ee r\u00fdchlo vr\u00e1ti\u0165 do svojho p\u00f4vodn\u00e9ho tvaru a op\u00e4\u0165 je pripraven\u00e1 na \u010fal\u0161\u00ed \u00fader.<\/li>\n<li>Ko\u017ea Kamui Clear Black dok\u00e1\u017ee pren\u00e1\u0161a\u0165 na gule viac rot\u00e1cie a celkovo zv\u00fd\u0161i kontrolu nad hrou.<\/li>\n<li>Ko\u017eu Kamui pou\u017e\u00edvaj\u00fa profesion\u00e1lni hr\u00e1\u010di pool aj karambol.<\/li>\n<li>Lepi\u0165 na strane ozna\u010denej prieh\u013eadnej hmoty.<\/li>\n<li>Po nalepen\u00ed opatrne oreza\u0165 (nepo\u0161kodi\u0165 kost\u00edc) a jemn\u00fdm \u0161mirg\u013eom doupravi\u0165.<\/li>\n<\/ul>\n<p><strong>Rozl\u00ed\u0161enie tvrdosti ko\u017ee Kamui:<\/strong>\u00a0(SS) Super Soft, (S) Soft, (M) Medium<\/p>\n<p>Viac o Kamui ko\u017eiach n\u00e1jdete v sekcii\u00a0<a title=\"N\u00e1vody\" href=\"https:\/\/www.billiard-pro.cz\/navody\/\">n\u00e1vody.<\/a><\/p>\n<p><strong>V\u00fdrobca:<\/strong>\u00a0Kamui Tips, Japonsko<\/p>\n<p><strong>Materi\u00e1l:<\/strong>\u00a0100% brav\u010dovina ko\u017ea<\/p>\n<p><strong>Cena za 1 kus.<\/strong><\/p>\n<p><strong>Dostupnos\u0165 tovaru:<\/strong>\u00a0skladom s dodan\u00edm do 3 pracovn\u00fdch dn\u00ed<\/p>\n","protected":false},"excerpt":{"rendered":"<p>Kamui Clear Black \u00a0&#8211; \u010dierna \u00a0nalepovacie ko\u017ee Super Soft &#8211; 13mm. 10tich vrstvov\u00e1 kvalitnej ko\u017ee na t\u00e1go japonskej v\u00fdroby. Ve\u013emi elastick\u00e1 a odoln\u00e1 vlhkosti. Ko\u017ea je zlo\u017een\u00e1 z desiatich vrstiev, \u0161peci\u00e1lna spodn\u00e1 vrstva neprep\u00fa\u0161\u0165a lepidlo. V s\u00fa\u010dasnej dobe kvalitat\u00edvne najuzn\u00e1vanej\u0161\u00ed ko\u017ee na t\u00e1go na svete pre karambol a pool. Ko\u017ea s ozna\u010den\u00edm Clear sa od [&hellip;]<\/p>\n","protected":false},"featured_media":6856,"comment_status":"open","ping_status":"closed","template":"","meta":[],"product_brand":[],"product_cat":[251,311],"product_tag":[424],"class_list":{"0":"post-3407","1":"product","2":"type-product","3":"status-publish","4":"has-post-thumbnail","6":"product_cat-billiardove-potreby","7":"product_cat-koze-na-tago","8":"product_tag-kuze-na-tago-sk","10":"first","11":"outofstock","12":"shipping-taxable","13":"purchasable","14":"product-type-simple"},"_links":{"self":[{"href":"https:\/\/www.billiard-pro.cz\/sk\/wp-json\/wp\/v2\/product\/3407","targetHints":{"allow":["GET"]}}],"collection":[{"href":"https:\/\/www.billiard-pro.cz\/sk\/wp-json\/wp\/v2\/product"}],"about":[{"href":"https:\/\/www.billiard-pro.cz\/sk\/wp-json\/wp\/v2\/types\/product"}],"replies":[{"embeddable":true,"href":"https:\/\/www.billiard-pro.cz\/sk\/wp-json\/wp\/v2\/comments?post=3407"}],"wp:featuredmedia":[{"embeddable":true,"href":"https:\/\/www.billiard-pro.cz\/sk\/wp-json\/wp\/v2\/media\/6856"}],"wp:attachment":[{"href":"https:\/\/www.billiard-pro.cz\/sk\/wp-json\/wp\/v2\/media?parent=3407"}],"wp:term":[{"taxonomy":"product_brand","embeddable":true,"href":"https:\/\/www.billiard-pro.cz\/sk\/wp-json\/wp\/v2\/product_brand?post=3407"},{"taxonomy":"product_cat","embeddable":true,"href":"https:\/\/www.billiard-pro.cz\/sk\/wp-json\/wp\/v2\/product_cat?post=3407"},{"taxonomy":"product_tag","embeddable":true,"href":"https:\/\/www.billiard-pro.cz\/sk\/wp-json\/wp\/v2\/product_tag?post=3407"}],"curies":[{"name":"wp","href":"https:\/\/api.w.org\/{rel}","templated":true}]}}