{"id":3411,"date":"2014-03-27T17:53:31","date_gmt":"2014-03-27T16:53:31","guid":{"rendered":"http:\/\/localhost\/iwansimonis\/obchod\/nezerazene\/kovovy-brusik-koze-na-biliardove-taga-3-v-1-zn-cuetec\/"},"modified":"2015-06-07T06:49:17","modified_gmt":"2015-06-07T06:49:17","slug":"kovovy-brusik-koze-na-biliardove-taga-3-v-1-zn-cuetec","status":"publish","type":"product","link":"https:\/\/www.billiard-pro.cz\/sk\/obchod\/billiardove-potreby\/taga-prislusenstvo-2\/struhadla-brusky\/kovovy-brusik-koze-na-biliardove-taga-3-v-1-zn-cuetec\/","title":{"rendered":"Kovov\u00fd br\u00fasik ko\u017ee na biliardov\u00e9 t\u00e1ga 3 v 1 zn. Cuetec"},"content":{"rendered":"<p><strong>Cuetec Bowtie Tip Tool <\/strong><\/p>\n<p><strong>Zna\u010dkov\u00fd kovov\u00fd br\u00fasik ko\u017eou na biliardov\u00e9 t\u00e1ga Cuetec Bowtie Tip Tool 3 v 1<\/strong><\/p>\n<p><strong>Ve\u013emi sofistikovan\u00e1 a d\u00f4myseln\u00e1 pom\u00f4cka na \u00fapravu ko\u017ee t\u00e1ga !<\/strong><\/p>\n<ul>\n<li>Prevzdu\u0161\u0148ova\u010d<\/li>\n<li>Tvarova\u010d<\/li>\n<li>Zdrs\u0148ova\u010d<\/li>\n<li>Vysok\u00e1 kvalita<\/li>\n<li>Po pou\u017eit\u00ed ko\u017ea lep\u0161ie prij\u00edma a dr\u017e\u00ed biliardov\u00fa kriedu (t\u00e1go sa nesmekne)<\/li>\n<\/ul>\n<p><strong>Materi\u00e1l:<\/strong> kov<\/p>\n<p><strong>Rozmer<\/strong>: d\u013a\u017eka 6,5 cm, priemer 2 cm (obr\u00e1zok je nieko\u013ekon\u00e1sobne zv\u00e4\u010d\u0161en\u00fd v detaile)<\/p>\n<p><strong>V\u00fdrobce:<\/strong> Cuetec, USA<\/p>\n<p><strong>Dostupnos\u0165 tovaru:<\/strong> skladom s dodan\u00edm do 3 pracovn\u00fdch dn\u00ed<\/p>\n","protected":false},"excerpt":{"rendered":"<p>Cuetec Bowtie Tip Tool Zna\u010dkov\u00fd kovov\u00fd br\u00fasik ko\u017eou na biliardov\u00e9 t\u00e1ga Cuetec Bowtie Tip Tool 3 v 1 Ve\u013emi sofistikovan\u00e1 a d\u00f4myseln\u00e1 pom\u00f4cka na \u00fapravu ko\u017ee t\u00e1ga ! Prevzdu\u0161\u0148ova\u010d Tvarova\u010d Zdrs\u0148ova\u010d Vysok\u00e1 kvalita Po pou\u017eit\u00ed ko\u017ea lep\u0161ie prij\u00edma a dr\u017e\u00ed biliardov\u00fa kriedu (t\u00e1go sa nesmekne) Materi\u00e1l: kov Rozmer: d\u013a\u017eka 6,5 cm, priemer 2 cm (obr\u00e1zok [&hellip;]<\/p>\n","protected":false},"featured_media":15482,"comment_status":"open","ping_status":"closed","template":"","meta":[],"product_brand":[],"product_cat":[251,369,273],"product_tag":[],"class_list":{"0":"post-3411","1":"product","2":"type-product","3":"status-publish","4":"has-post-thumbnail","6":"product_cat-billiardove-potreby","7":"product_cat-struhadla-brusky","8":"product_cat-taga-prislusenstvo-2","10":"first","11":"instock","12":"shipping-taxable","13":"purchasable","14":"product-type-simple"},"_links":{"self":[{"href":"https:\/\/www.billiard-pro.cz\/sk\/wp-json\/wp\/v2\/product\/3411","targetHints":{"allow":["GET"]}}],"collection":[{"href":"https:\/\/www.billiard-pro.cz\/sk\/wp-json\/wp\/v2\/product"}],"about":[{"href":"https:\/\/www.billiard-pro.cz\/sk\/wp-json\/wp\/v2\/types\/product"}],"replies":[{"embeddable":true,"href":"https:\/\/www.billiard-pro.cz\/sk\/wp-json\/wp\/v2\/comments?post=3411"}],"wp:featuredmedia":[{"embeddable":true,"href":"https:\/\/www.billiard-pro.cz\/sk\/wp-json\/wp\/v2\/media\/15482"}],"wp:attachment":[{"href":"https:\/\/www.billiard-pro.cz\/sk\/wp-json\/wp\/v2\/media?parent=3411"}],"wp:term":[{"taxonomy":"product_brand","embeddable":true,"href":"https:\/\/www.billiard-pro.cz\/sk\/wp-json\/wp\/v2\/product_brand?post=3411"},{"taxonomy":"product_cat","embeddable":true,"href":"https:\/\/www.billiard-pro.cz\/sk\/wp-json\/wp\/v2\/product_cat?post=3411"},{"taxonomy":"product_tag","embeddable":true,"href":"https:\/\/www.billiard-pro.cz\/sk\/wp-json\/wp\/v2\/product_tag?post=3411"}],"curies":[{"name":"wp","href":"https:\/\/api.w.org\/{rel}","templated":true}]}}