{"id":3421,"date":"2014-04-08T10:49:34","date_gmt":"2014-04-08T10:49:34","guid":{"rendered":"http:\/\/localhost\/iwansimonis\/obchod\/nezerazene\/gulecnikove-tago-house-q1-jednodielne-tago-145cm13mm\/"},"modified":"2015-08-27T12:20:21","modified_gmt":"2015-08-27T10:20:21","slug":"gulecnikove-tago-house-q1-jednodielne-tago-145cm13mm","status":"publish","type":"product","link":"https:\/\/www.billiard-pro.cz\/sk\/obchod\/billiardove-potreby\/taga-sk\/taga-pool-sk\/gulecnikove-tago-house-q1-jednodielne-tago-145cm13mm\/","title":{"rendered":"Gule\u010dn\u00edkov\u00e9 t\u00e1go House Q1 &#8211; jednodielne t\u00e1go 145cm\/13mm"},"content":{"rendered":"<p><strong>House Q1 &#8211; 1 dielne poolov\u00e9 t\u00e1go 145 cm\/13 mm<\/strong><\/p>\n<ul>\n<li><\/li>\n<li>Jednodielne poolov\u00e9 \u00a0tago z tvrd\u00e9ho javorov\u00e9ho dreva\u00a0<img decoding=\"async\" class=\"alignright\" src=\"http:\/\/www.buffalo.nl\/media\/brands\/buffalo.png\" alt=\"buffalo\" \/><\/li>\n<li>Elegantn\u00e1 kombin\u00e1cia svetl\u00e9ho a \u00a0tmavo \u017e\u00edhan\u00e9ho dreva<\/li>\n<li>Dlh\u00e1 \u017eivotnos\u0165 a dobr\u00fd pomer kvality a ceny .<\/li>\n<li>Delka 145 cm , v\u00e1ha 500 g<\/li>\n<li>Osaden\u00e9 kosticou \u00a0a nalepovacie kuzi LAPERTI o priemere 13 mm<\/li>\n<li>Sol\u00eddne robustne tago vyroben\u00e9 z javorov\u00e9ho tvrd\u00e9ho dreva<\/li>\n<li>\u0161pi\u010dka je hladk\u00e1 v barve p\u00f4vodn\u00e9ho dreva<\/li>\n<li>Spodn\u00fd diel \u00a0lakovan\u00fd hnedou \u017e\u00edhan\u00fa farbou se znakom &#8220; House Q &#8222;<\/li>\n<li>Kostice je ur\u010den\u00e1 pre klasick\u00fa nalepovacie kuzi<\/li>\n<li>Diky absencii spoje \u00a0a pouziti kvalitn\u00e9ho dreva pon\u00faka tago vynikajic\u00ed hern\u00e9 vlastnosti \u00a0a dlh\u00fa trvanlivos\u0165<\/li>\n<\/ul>\n<p>Tago si mozete pr\u00eds\u0165 vysk\u00fa\u0161a\u0165 na profesion\u00e1lne poolove stoly v na\u0161ej herne <a href=\"http:\/\/www.-billiard-ripska.cz\">Billard Club \u0158ipsk\u00e1<\/a> , \u0158ipsk\u00e1 24 , Praha 3 , kde si mozete tago primo zak\u00fapi\u0165 v na\u0161om predajnom klubovom st\u00e1nku.<\/p>\n<p>Odborn\u00fd personal vam poradi \u00a0pri n\u00e1kupe a \u00a0zodpoveda kazdy vas dotaz.<\/p>\n<p><strong>V\u00fdrobca<\/strong>: Buffalo , Holandsko<\/p>\n<p><strong>Dostupnos\u0165 tovara:<\/strong> skladom s dodan\u00edm do 3 pracovn\u00fdch dn\u00ed<\/p>\n","protected":false},"excerpt":{"rendered":"<p>House Q1 &#8211; 1 dielne poolov\u00e9 t\u00e1go 145 cm\/13 mm Jednodielne poolov\u00e9 \u00a0tago z tvrd\u00e9ho javorov\u00e9ho dreva\u00a0 Elegantn\u00e1 kombin\u00e1cia svetl\u00e9ho a \u00a0tmavo \u017e\u00edhan\u00e9ho dreva Dlh\u00e1 \u017eivotnos\u0165 a dobr\u00fd pomer kvality a ceny . Delka 145 cm , v\u00e1ha 500 g Osaden\u00e9 kosticou \u00a0a nalepovacie kuzi LAPERTI o priemere 13 mm Sol\u00eddne robustne tago vyroben\u00e9 z [&hellip;]<\/p>\n","protected":false},"featured_media":14207,"comment_status":"open","ping_status":"closed","template":"","meta":[],"product_brand":[],"product_cat":[253,331],"product_tag":[],"class_list":{"0":"post-3421","1":"product","2":"type-product","3":"status-publish","4":"has-post-thumbnail","6":"product_cat-taga-sk","7":"product_cat-taga-pool-sk","9":"first","10":"instock","11":"shipping-taxable","12":"purchasable","13":"product-type-simple"},"_links":{"self":[{"href":"https:\/\/www.billiard-pro.cz\/sk\/wp-json\/wp\/v2\/product\/3421","targetHints":{"allow":["GET"]}}],"collection":[{"href":"https:\/\/www.billiard-pro.cz\/sk\/wp-json\/wp\/v2\/product"}],"about":[{"href":"https:\/\/www.billiard-pro.cz\/sk\/wp-json\/wp\/v2\/types\/product"}],"replies":[{"embeddable":true,"href":"https:\/\/www.billiard-pro.cz\/sk\/wp-json\/wp\/v2\/comments?post=3421"}],"wp:featuredmedia":[{"embeddable":true,"href":"https:\/\/www.billiard-pro.cz\/sk\/wp-json\/wp\/v2\/media\/14207"}],"wp:attachment":[{"href":"https:\/\/www.billiard-pro.cz\/sk\/wp-json\/wp\/v2\/media?parent=3421"}],"wp:term":[{"taxonomy":"product_brand","embeddable":true,"href":"https:\/\/www.billiard-pro.cz\/sk\/wp-json\/wp\/v2\/product_brand?post=3421"},{"taxonomy":"product_cat","embeddable":true,"href":"https:\/\/www.billiard-pro.cz\/sk\/wp-json\/wp\/v2\/product_cat?post=3421"},{"taxonomy":"product_tag","embeddable":true,"href":"https:\/\/www.billiard-pro.cz\/sk\/wp-json\/wp\/v2\/product_tag?post=3421"}],"curies":[{"name":"wp","href":"https:\/\/api.w.org\/{rel}","templated":true}]}}