{"id":3463,"date":"2014-05-06T12:27:37","date_gmt":"2014-05-06T10:27:37","guid":{"rendered":"http:\/\/localhost\/iwansimonis\/obchod\/nezerazene\/gulecnikove-kriedy-na-tago-silver-cup-zlatohneda-12-ks\/"},"modified":"2017-03-12T17:24:43","modified_gmt":"2017-03-12T16:24:43","slug":"gulecnikove-kriedy-na-tago-silver-cup-zlatohneda-12-ks","status":"publish","type":"product","link":"https:\/\/www.billiard-pro.cz\/sk\/obchod\/billiardove-potreby\/kriedy-na-tago-3\/gulecnikove-kriedy-na-tago-silver-cup-zlatohneda-12-ks\/","title":{"rendered":"Gule\u010dn\u00edkov\u00e9 kriedy na t\u00e1go SILVER CUP zlatohn\u011bd\u00e1 12 ks"},"content":{"rendered":"<p><strong>Biliardov\u00e1 krieda Silver Cup Taupe &#8211; 12 kusov v balen\u00ed<\/strong><\/p>\n<ul>\n<li>Ve\u013emi kvalitn\u00e1 a jedna z najpou\u017e\u00edvanej\u0161\u00edch a najob\u013e\u00fabenej\u0161\u00edch kried<\/li>\n<li>Pou\u017e\u00edvaj\u00fa ju ako za\u010diato\u010dn\u00edci tak majstri<\/li>\n<li>V\u00fdborne roztierate\u013en\u00e1 a drsn\u00edc\u00ed krieda zaru\u010duje ide\u00e1lne kontakt ko\u017ee s biliardov\u00fa gu\u013eou. &#8211;<\/li>\n<li>Balenie &#8211; box 12 ks<\/li>\n<\/ul>\n<p>Silver Cup Chalk, Inc sa nach\u00e1dza v meste Macon, Georgia, USA a vyr\u00e1ba kriedy najvy\u0161\u0161ej kvality od roku 1990, od kedy sa stala v\u00fdhradn\u00fdm dod\u00e1vate\u013eom kried na niektor\u00e9 z najprest\u00ed\u017enej\u0161\u00edch turnajov po celom svete. Krieda je vyroben\u00e1 z najlep\u0161ej kvality piesku vy\u0165a\u017een\u00e9ho iba v Spojen\u00fdch \u0161t\u00e1toch.<\/p>\n<p><strong>Zlo\u017eenie<\/strong>: u\u0161\u013eachtil\u00fd piesok korund, krem\u00edk, farbivo<\/p>\n<p><strong>V\u00fdrobca:<\/strong> Georgia, USA<\/p>\n<p><strong>Dostupnos\u0165 tovaru:<\/strong>\u00a0do\u010dasne vypredan\u00e9<\/p>\n<p><strong>\u00a0<\/strong><\/p>\n<p>&nbsp;<\/p>\n","protected":false},"excerpt":{"rendered":"<p>Biliardov\u00e1 krieda Silver Cup Taupe &#8211; 12 kusov v balen\u00ed Ve\u013emi kvalitn\u00e1 a jedna z najpou\u017e\u00edvanej\u0161\u00edch a najob\u013e\u00fabenej\u0161\u00edch kried Pou\u017e\u00edvaj\u00fa ju ako za\u010diato\u010dn\u00edci tak majstri V\u00fdborne roztierate\u013en\u00e1 a drsn\u00edc\u00ed krieda zaru\u010duje ide\u00e1lne kontakt ko\u017ee s biliardov\u00fa gu\u013eou. &#8211; Balenie &#8211; box 12 ks Silver Cup Chalk, Inc sa nach\u00e1dza v meste Macon, Georgia, USA a [&hellip;]<\/p>\n","protected":false},"featured_media":4760,"comment_status":"open","ping_status":"closed","template":"","meta":[],"product_brand":[],"product_cat":[251,349],"product_tag":[],"class_list":{"0":"post-3463","1":"product","2":"type-product","3":"status-publish","4":"has-post-thumbnail","6":"product_cat-billiardove-potreby","7":"product_cat-kriedy-na-tago-3","9":"first","10":"instock","11":"shipping-taxable","12":"purchasable","13":"product-type-simple"},"_links":{"self":[{"href":"https:\/\/www.billiard-pro.cz\/sk\/wp-json\/wp\/v2\/product\/3463","targetHints":{"allow":["GET"]}}],"collection":[{"href":"https:\/\/www.billiard-pro.cz\/sk\/wp-json\/wp\/v2\/product"}],"about":[{"href":"https:\/\/www.billiard-pro.cz\/sk\/wp-json\/wp\/v2\/types\/product"}],"replies":[{"embeddable":true,"href":"https:\/\/www.billiard-pro.cz\/sk\/wp-json\/wp\/v2\/comments?post=3463"}],"wp:featuredmedia":[{"embeddable":true,"href":"https:\/\/www.billiard-pro.cz\/sk\/wp-json\/wp\/v2\/media\/4760"}],"wp:attachment":[{"href":"https:\/\/www.billiard-pro.cz\/sk\/wp-json\/wp\/v2\/media?parent=3463"}],"wp:term":[{"taxonomy":"product_brand","embeddable":true,"href":"https:\/\/www.billiard-pro.cz\/sk\/wp-json\/wp\/v2\/product_brand?post=3463"},{"taxonomy":"product_cat","embeddable":true,"href":"https:\/\/www.billiard-pro.cz\/sk\/wp-json\/wp\/v2\/product_cat?post=3463"},{"taxonomy":"product_tag","embeddable":true,"href":"https:\/\/www.billiard-pro.cz\/sk\/wp-json\/wp\/v2\/product_tag?post=3463"}],"curies":[{"name":"wp","href":"https:\/\/api.w.org\/{rel}","templated":true}]}}