{"id":3469,"date":"2014-05-06T14:45:26","date_gmt":"2014-05-06T12:45:26","guid":{"rendered":"http:\/\/localhost\/iwansimonis\/obchod\/nezerazene\/silky-hand-tekuty-cistiaci-spray\/"},"modified":"2016-04-22T09:27:14","modified_gmt":"2016-04-22T07:27:14","slug":"silky-hand-tekuty-cistiaci-spray","status":"publish","type":"product","link":"https:\/\/www.billiard-pro.cz\/sk\/obchod\/billiardove-potreby\/taga-prislusenstvo-2\/silky-hand-tekuty-cistiaci-spray\/","title":{"rendered":"\u010cistiaci biliardov\u00fd sprej na ruky Silky Hand Classic"},"content":{"rendered":"<p><strong>SILKY HAND SPRAY<img decoding=\"async\" class=\"alignright\" src=\"https:\/\/www.dynamic-billard.com\/assets\/Uploads\/ManufacturerImages\/_resampled\/SetRatioSize10050-LogoClassic.jpg\" alt=\"Classic\" \/><\/strong><\/p>\n<ul>\n<li>Ve\u013emi ob\u013e\u00faben\u00fd tekut\u00fd \u010d\u00edry \u010distiaci sprej<\/li>\n<li>Ur\u010den\u00e9 pre ruky biliardov\u00e9ho hr\u00e1\u010da<\/li>\n<li>Vodeodpudiv\u00fd efekt proti poteniu r\u00fak pri hre<\/li>\n<li>Tekutina r\u00fdchlo z r\u00fak vyschne a zanech\u00e1 hodv\u00e1bne hladk\u00e9 ruky<\/li>\n<li>Objem 60 ml<\/li>\n<\/ul>\n<p><strong>V\u00fdrobca:<\/strong>\u00a0Classic Cues &#8211; import Dynamic-Billard, DE<\/p>\n<p><strong>Dostupnos\u0165 tovaru:<\/strong> skladom s dodan\u00edm do 3 pracovn\u00fdch dn\u00ed<\/p>\n","protected":false},"excerpt":{"rendered":"<p>SILKY HAND SPRAY Ve\u013emi ob\u013e\u00faben\u00fd tekut\u00fd \u010d\u00edry \u010distiaci sprej Ur\u010den\u00e9 pre ruky biliardov\u00e9ho hr\u00e1\u010da Vodeodpudiv\u00fd efekt proti poteniu r\u00fak pri hre Tekutina r\u00fdchlo z r\u00fak vyschne a zanech\u00e1 hodv\u00e1bne hladk\u00e9 ruky Objem 60 ml V\u00fdrobca:\u00a0Classic Cues &#8211; import Dynamic-Billard, DE Dostupnos\u0165 tovaru: skladom s dodan\u00edm do 3 pracovn\u00fdch dn\u00ed<\/p>\n","protected":false},"featured_media":4758,"comment_status":"open","ping_status":"closed","template":"","meta":[],"product_brand":[],"product_cat":[251,273],"product_tag":[],"class_list":{"0":"post-3469","1":"product","2":"type-product","3":"status-publish","4":"has-post-thumbnail","6":"product_cat-billiardove-potreby","7":"product_cat-taga-prislusenstvo-2","9":"first","10":"instock","11":"shipping-taxable","12":"purchasable","13":"product-type-simple"},"_links":{"self":[{"href":"https:\/\/www.billiard-pro.cz\/sk\/wp-json\/wp\/v2\/product\/3469","targetHints":{"allow":["GET"]}}],"collection":[{"href":"https:\/\/www.billiard-pro.cz\/sk\/wp-json\/wp\/v2\/product"}],"about":[{"href":"https:\/\/www.billiard-pro.cz\/sk\/wp-json\/wp\/v2\/types\/product"}],"replies":[{"embeddable":true,"href":"https:\/\/www.billiard-pro.cz\/sk\/wp-json\/wp\/v2\/comments?post=3469"}],"wp:featuredmedia":[{"embeddable":true,"href":"https:\/\/www.billiard-pro.cz\/sk\/wp-json\/wp\/v2\/media\/4758"}],"wp:attachment":[{"href":"https:\/\/www.billiard-pro.cz\/sk\/wp-json\/wp\/v2\/media?parent=3469"}],"wp:term":[{"taxonomy":"product_brand","embeddable":true,"href":"https:\/\/www.billiard-pro.cz\/sk\/wp-json\/wp\/v2\/product_brand?post=3469"},{"taxonomy":"product_cat","embeddable":true,"href":"https:\/\/www.billiard-pro.cz\/sk\/wp-json\/wp\/v2\/product_cat?post=3469"},{"taxonomy":"product_tag","embeddable":true,"href":"https:\/\/www.billiard-pro.cz\/sk\/wp-json\/wp\/v2\/product_tag?post=3469"}],"curies":[{"name":"wp","href":"https:\/\/api.w.org\/{rel}","templated":true}]}}