{"id":3477,"date":"2014-05-07T16:10:18","date_gmt":"2014-05-07T14:10:18","guid":{"rendered":"http:\/\/localhost\/iwansimonis\/obchod\/nezerazene\/gumove-gulecnikove-mantinely-pool-buffalo-k66-107-cm\/"},"modified":"2014-05-07T16:10:18","modified_gmt":"2014-05-07T16:10:18","slug":"gumove-gulecnikove-mantinely-pool-buffalo-k66-107-cm","status":"publish","type":"product","link":"https:\/\/www.billiard-pro.cz\/sk\/obchod\/biliardove-stoly\/biliardove-mantinely\/gumove-gulecnikove-mantinely-pool-buffalo-k66-107-cm\/","title":{"rendered":"Gumov\u00e9 gule\u010dn\u00edkov\u00e9 mantinely pool Buffalo K66 &#8211; 107 cm"},"content":{"rendered":"<p><strong>BUFFALO K66 RUBBER CUSHION 107 cm\u00a0<img decoding=\"async\" class=\"alignright\" alt=\"buffalo\" src=\"http:\/\/www.buffalo.nl\/media\/brands\/buffalo.png\" \/><\/strong><\/p>\n<ul>\n<li>Profesion\u00e1lne biliardov\u00e9 gumov\u00e9 mantinely Buffalo<\/li>\n<li>Pre 8ft biliardy<\/li>\n<li>Typ profilu: K66<\/li>\n<li>D\u013a\u017eka: 107 cm<\/li>\n<li>Dlh\u00e1 \u017eivotnos\u0165<\/li>\n<li>Dobr\u00fd pomer kvality a ceny<\/li>\n<li>Cena za 1 ks<\/li>\n<\/ul>\n<p>K dispoz\u00edcii k nahliadnutiu a priamemu n\u00e1kupu v na\u0161ej vzorkovni:<\/p>\n<p>BC \u0158ipsk\u00e1, \u0158ipsk\u00e1 24, Praha 3 (na vy\u017eiadanie telefonicky alebo u person\u00e1lu klubu do 2. d\u0148a)<\/p>\n<p><strong>Materi\u00e1l<\/strong>: guma<\/p>\n<p><strong>V\u00fdrobca:<\/strong>\u00a0Buffalo, Holandsko<\/p>\n<p><strong>Dostupnos\u0165 tovaru:<\/strong>\u00a0skladom s dodan\u00edm do 3 pracovn\u00fdch dn\u00ed<\/p>\n","protected":false},"excerpt":{"rendered":"<p>BUFFALO K66 RUBBER CUSHION 107 cm\u00a0 Profesion\u00e1lne biliardov\u00e9 gumov\u00e9 mantinely Buffalo Pre 8ft biliardy Typ profilu: K66 D\u013a\u017eka: 107 cm Dlh\u00e1 \u017eivotnos\u0165 Dobr\u00fd pomer kvality a ceny Cena za 1 ks K dispoz\u00edcii k nahliadnutiu a priamemu n\u00e1kupu v na\u0161ej vzorkovni: BC \u0158ipsk\u00e1, \u0158ipsk\u00e1 24, Praha 3 (na vy\u017eiadanie telefonicky alebo u person\u00e1lu klubu do [&hellip;]<\/p>\n","protected":false},"featured_media":4572,"comment_status":"closed","ping_status":"closed","template":"","meta":[],"product_brand":[],"product_cat":[365,339],"product_tag":[],"class_list":{"0":"post-3477","1":"product","2":"type-product","3":"status-publish","4":"has-post-thumbnail","6":"product_cat-biliardove-mantinely","7":"product_cat-biliardove-stoly","9":"first","10":"instock","11":"shipping-taxable","12":"purchasable","13":"product-type-simple"},"_links":{"self":[{"href":"https:\/\/www.billiard-pro.cz\/sk\/wp-json\/wp\/v2\/product\/3477","targetHints":{"allow":["GET"]}}],"collection":[{"href":"https:\/\/www.billiard-pro.cz\/sk\/wp-json\/wp\/v2\/product"}],"about":[{"href":"https:\/\/www.billiard-pro.cz\/sk\/wp-json\/wp\/v2\/types\/product"}],"replies":[{"embeddable":true,"href":"https:\/\/www.billiard-pro.cz\/sk\/wp-json\/wp\/v2\/comments?post=3477"}],"wp:featuredmedia":[{"embeddable":true,"href":"https:\/\/www.billiard-pro.cz\/sk\/wp-json\/wp\/v2\/media\/4572"}],"wp:attachment":[{"href":"https:\/\/www.billiard-pro.cz\/sk\/wp-json\/wp\/v2\/media?parent=3477"}],"wp:term":[{"taxonomy":"product_brand","embeddable":true,"href":"https:\/\/www.billiard-pro.cz\/sk\/wp-json\/wp\/v2\/product_brand?post=3477"},{"taxonomy":"product_cat","embeddable":true,"href":"https:\/\/www.billiard-pro.cz\/sk\/wp-json\/wp\/v2\/product_cat?post=3477"},{"taxonomy":"product_tag","embeddable":true,"href":"https:\/\/www.billiard-pro.cz\/sk\/wp-json\/wp\/v2\/product_tag?post=3477"}],"curies":[{"name":"wp","href":"https:\/\/api.w.org\/{rel}","templated":true}]}}