{"id":3485,"date":"2014-05-15T16:31:52","date_gmt":"2014-05-15T14:31:52","guid":{"rendered":"http:\/\/localhost\/iwansimonis\/obchod\/nezerazene\/kostice-na-tago-poolova-bez-zavitu13-mm-2\/"},"modified":"2017-03-22T22:20:59","modified_gmt":"2017-03-22T21:20:59","slug":"kostice-na-tago-poolova-bez-zavitu13-mm-2","status":"publish","type":"product","link":"https:\/\/www.billiard-pro.cz\/sk\/obchod\/billiardove-potreby\/kostice-na-tago-sk\/kostice-pool-sk\/kostice-na-tago-poolova-bez-zavitu13-mm-2\/","title":{"rendered":"Kostice na t\u00e1go poolov\u00e1 bez z\u00e1vitu13 mm"},"content":{"rendered":"<p><strong>Kostice na t\u00e1go STANDARD PC POOL 13mm<\/strong>\u00a0<img decoding=\"async\" class=\"alignright\" src=\"http:\/\/www.buffalo.nl\/media\/brands\/buffalo.png\" alt=\"buffalo\" \/><\/p>\n<ul>\n<li>Kostice zna\u010dkov\u00e1 lepen\u00e1 pre poolov\u00e1 t\u00e1ga<\/li>\n<li>Extr\u00e9mne odoln\u00e1 vo\u010di popraskaniu, \u0161tiepenie a l\u00e1manie<\/li>\n<li>Vhodn\u00e1 pre rad 1 dieln\u00fdch poolov\u00fdch t\u00e1g<\/li>\n<li>D\u013a\u017eka kostice 26,6 mm<\/li>\n<li>Priemer vonkaj\u0161\u00ed 13,6 mm<\/li>\n<\/ul>\n<p><strong>Materi\u00e1l:<\/strong>\u00a0tvrden\u00fd plast extr\u00e9mne odoln\u00fd<\/p>\n<p><strong>V\u00fdrobca:<\/strong>\u00a0Buffalo, Holandsko<\/p>\n<p><strong>Dostupnos\u0165 tovaru:<\/strong>\u00a0skladom<\/p>\n<p><strong>Cena za 1 kus.<\/strong><\/p>\n","protected":false},"excerpt":{"rendered":"<p>Kostice na t\u00e1go STANDARD PC POOL 13mm\u00a0 Kostice zna\u010dkov\u00e1 lepen\u00e1 pre poolov\u00e1 t\u00e1ga Extr\u00e9mne odoln\u00e1 vo\u010di popraskaniu, \u0161tiepenie a l\u00e1manie Vhodn\u00e1 pre rad 1 dieln\u00fdch poolov\u00fdch t\u00e1g D\u013a\u017eka kostice 26,6 mm Priemer vonkaj\u0161\u00ed 13,6 mm Materi\u00e1l:\u00a0tvrden\u00fd plast extr\u00e9mne odoln\u00fd V\u00fdrobca:\u00a0Buffalo, Holandsko Dostupnos\u0165 tovaru:\u00a0skladom Cena za 1 kus.<\/p>\n","protected":false},"featured_media":4548,"comment_status":"closed","ping_status":"closed","template":"","meta":[],"product_brand":[],"product_cat":[251,351,353],"product_tag":[],"class_list":{"0":"post-3485","1":"product","2":"type-product","3":"status-publish","4":"has-post-thumbnail","6":"product_cat-billiardove-potreby","7":"product_cat-kostice-na-tago-sk","8":"product_cat-kostice-pool-sk","10":"first","11":"instock","12":"shipping-taxable","13":"purchasable","14":"product-type-simple"},"_links":{"self":[{"href":"https:\/\/www.billiard-pro.cz\/sk\/wp-json\/wp\/v2\/product\/3485","targetHints":{"allow":["GET"]}}],"collection":[{"href":"https:\/\/www.billiard-pro.cz\/sk\/wp-json\/wp\/v2\/product"}],"about":[{"href":"https:\/\/www.billiard-pro.cz\/sk\/wp-json\/wp\/v2\/types\/product"}],"replies":[{"embeddable":true,"href":"https:\/\/www.billiard-pro.cz\/sk\/wp-json\/wp\/v2\/comments?post=3485"}],"wp:featuredmedia":[{"embeddable":true,"href":"https:\/\/www.billiard-pro.cz\/sk\/wp-json\/wp\/v2\/media\/4548"}],"wp:attachment":[{"href":"https:\/\/www.billiard-pro.cz\/sk\/wp-json\/wp\/v2\/media?parent=3485"}],"wp:term":[{"taxonomy":"product_brand","embeddable":true,"href":"https:\/\/www.billiard-pro.cz\/sk\/wp-json\/wp\/v2\/product_brand?post=3485"},{"taxonomy":"product_cat","embeddable":true,"href":"https:\/\/www.billiard-pro.cz\/sk\/wp-json\/wp\/v2\/product_cat?post=3485"},{"taxonomy":"product_tag","embeddable":true,"href":"https:\/\/www.billiard-pro.cz\/sk\/wp-json\/wp\/v2\/product_tag?post=3485"}],"curies":[{"name":"wp","href":"https:\/\/api.w.org\/{rel}","templated":true}]}}