{"id":3487,"date":"2014-05-28T14:22:03","date_gmt":"2014-05-28T12:22:03","guid":{"rendered":"http:\/\/localhost\/iwansimonis\/obchod\/nezerazene\/gumove-gulecnikove-mantinely-karambol-buffalo-37-232-cm\/"},"modified":"2019-08-17T13:10:11","modified_gmt":"2019-08-17T11:10:11","slug":"gumove-gulecnikove-mantinely-karambol-buffalo-37-232-cm","status":"publish","type":"product","link":"https:\/\/www.billiard-pro.cz\/sk\/obchod\/biliardove-stoly\/biliardove-mantinely\/gumove-gulecnikove-mantinely-karambol-buffalo-37-232-cm\/","title":{"rendered":"Gumov\u00e9 gule\u010dn\u00edkov\u00e9 mantinely karambol Buffalo # 37 &#8211; 232 cm"},"content":{"rendered":"<p><strong>BUFFALO GULE\u010cN\u00cdKOV\u00c9 MANTINELY\u00a0# 37 &#8211; 232 cm<img decoding=\"async\" class=\"alignright\" src=\"http:\/\/www.buffalo.nl\/media\/brands\/buffalo.png\" alt=\"buffalo\" \/><\/strong><\/p>\n<ul>\n<li>Profesion\u00e1lne biliardov\u00e9 gumov\u00e9 mantinely Buffalo<\/li>\n<li><strong>Pre karambol\u00e9 stoly\u00a0<\/strong><\/li>\n<li>Typ profilu:\u00a0# 37 &#8211; lichob\u011b\u017en\u00edk<\/li>\n<li>D\u013a\u017eka: 232 cm<\/li>\n<li>Dlh\u00e1 \u017eivotnos\u0165<\/li>\n<li>Gumov\u00e9 mantinely mo\u017en\u00e9 d\u013a\u017ekovo upravi\u0165, reza\u0165 no\u017eom a lepi\u0165 k sebe<\/li>\n<li>Dobr\u00fd pomer kvality a ceny<\/li>\n<li>Cena za 1 ks<\/li>\n<\/ul>\n<p>K dispoz\u00edcii k nahliadnutiu a priamemu n\u00e1kupu v na\u0161ej vzorkovni:<\/p>\n<p>BC \u0158ipsk\u00e1, \u0158ipsk\u00e1 24, Praha 3 (na vy\u017eiadanie telefonicky alebo u person\u00e1lu klubu do 2. d\u0148a)<\/p>\n<p><strong>Materi\u00e1l<\/strong>: guma<\/p>\n<p><strong>V\u00fdrobca:<\/strong>\u00a0Buffalo, Holandsko<\/p>\n<p><strong>Dostupnos\u0165 tovaru:<\/strong>\u00a0skladom<\/p>\n","protected":false},"excerpt":{"rendered":"<p>BUFFALO GULE\u010cN\u00cdKOV\u00c9 MANTINELY\u00a0# 37 &#8211; 232 cm Profesion\u00e1lne biliardov\u00e9 gumov\u00e9 mantinely Buffalo Pre karambol\u00e9 stoly\u00a0 Typ profilu:\u00a0# 37 &#8211; lichob\u011b\u017en\u00edk D\u013a\u017eka: 232 cm Dlh\u00e1 \u017eivotnos\u0165 Gumov\u00e9 mantinely mo\u017en\u00e9 d\u013a\u017ekovo upravi\u0165, reza\u0165 no\u017eom a lepi\u0165 k sebe Dobr\u00fd pomer kvality a ceny Cena za 1 ks K dispoz\u00edcii k nahliadnutiu a priamemu n\u00e1kupu v na\u0161ej vzorkovni: [&hellip;]<\/p>\n","protected":false},"featured_media":4826,"comment_status":"closed","ping_status":"closed","template":"","meta":[],"product_brand":[],"product_cat":[365,339],"product_tag":[],"class_list":{"0":"post-3487","1":"product","2":"type-product","3":"status-publish","4":"has-post-thumbnail","6":"product_cat-biliardove-mantinely","7":"product_cat-biliardove-stoly","9":"first","10":"instock","11":"shipping-taxable","12":"purchasable","13":"product-type-simple"},"_links":{"self":[{"href":"https:\/\/www.billiard-pro.cz\/sk\/wp-json\/wp\/v2\/product\/3487","targetHints":{"allow":["GET"]}}],"collection":[{"href":"https:\/\/www.billiard-pro.cz\/sk\/wp-json\/wp\/v2\/product"}],"about":[{"href":"https:\/\/www.billiard-pro.cz\/sk\/wp-json\/wp\/v2\/types\/product"}],"replies":[{"embeddable":true,"href":"https:\/\/www.billiard-pro.cz\/sk\/wp-json\/wp\/v2\/comments?post=3487"}],"wp:featuredmedia":[{"embeddable":true,"href":"https:\/\/www.billiard-pro.cz\/sk\/wp-json\/wp\/v2\/media\/4826"}],"wp:attachment":[{"href":"https:\/\/www.billiard-pro.cz\/sk\/wp-json\/wp\/v2\/media?parent=3487"}],"wp:term":[{"taxonomy":"product_brand","embeddable":true,"href":"https:\/\/www.billiard-pro.cz\/sk\/wp-json\/wp\/v2\/product_brand?post=3487"},{"taxonomy":"product_cat","embeddable":true,"href":"https:\/\/www.billiard-pro.cz\/sk\/wp-json\/wp\/v2\/product_cat?post=3487"},{"taxonomy":"product_tag","embeddable":true,"href":"https:\/\/www.billiard-pro.cz\/sk\/wp-json\/wp\/v2\/product_tag?post=3487"}],"curies":[{"name":"wp","href":"https:\/\/api.w.org\/{rel}","templated":true}]}}