{"id":3489,"date":"2014-05-28T15:07:06","date_gmt":"2014-05-28T15:07:06","guid":{"rendered":"http:\/\/localhost\/iwansimonis\/obchod\/nezerazene\/gulecnikove-kriedy-na-tago-modre-kamui-121-beta-1ks\/"},"modified":"2019-11-05T12:12:48","modified_gmt":"2019-11-05T11:12:48","slug":"gulecnikove-kriedy-na-tago-modre-kamui-121-beta-1ks","status":"publish","type":"product","link":"https:\/\/www.billiard-pro.cz\/sk\/obchod\/billiardove-potreby\/kriedy-na-tago-3\/gulecnikove-kriedy-na-tago-modre-kamui-121-beta-1ks\/","title":{"rendered":"Biliardov\u00e1 krieda na t\u00e1go modr\u00e1 KAMUI 1,21 Beta 1ks"},"content":{"rendered":"<p><strong>Billiardov\u00e1 krieda Kamui 1,21 BETA &#8211; 1 KS\u00a0<img decoding=\"async\" class=\"alignright\" src=\"http:\/\/www.kulecnikar.cz\/data\/user-content\/Loga%20firem\/kamui%20logo.jpg\" alt=\"\" \/><\/strong><\/p>\n<ul>\n<li>Vynikaj\u00faci krieda prest\u00ed\u017enej japonskej firmy Kamui<\/li>\n<li>Ka\u017ed\u00e1 krieda je v samostatnom zatavenom balen\u00ed<\/li>\n<li>Nov\u00fd zdokonalen\u00fd v\u00fdvoj a e\u0161te lep\u0161ie zlo\u017eenie t\u00fato kriedu rad\u00ed medzi najlep\u0161ie na svete<\/li>\n<li>Obsahuje ove\u013ea jemnej\u0161ie ve\u013ekosti \u010dast\u00edc ne\u017e \u0161tandardn\u00e9 krieda na t\u00e1ga<\/li>\n<li>\u00da\u010delom je maximalizova\u0165 trenie<\/li>\n<li>Krieda pon\u00faka v\u00e4\u010d\u0161\u00ed kontakt a t\u00e1go generuje v\u00e4\u010d\u0161iu rot\u00e1ciu gul\u00ed<\/li>\n<li>Minimalizuje mo\u017en\u00fd preklz t\u00e1ga &#8222;tzv kiks&#8220;<\/li>\n<li>Krieda na t\u00e1go Kamui zvy\u0161uje hr\u00e1\u010dovu d\u00f4veru<\/li>\n<li>Cena za balenie 1 ks<\/li>\n<\/ul>\n<p><strong>V\u00fdrobca:<\/strong> Kamui, Japonsko<\/p>\n<p><strong>Dostupnos\u0165 tovaru:<\/strong> skladom s dodan\u00edm do 3 pracovn\u00fdch dn\u00ed<\/p>\n","protected":false},"excerpt":{"rendered":"<p>Billiardov\u00e1 krieda Kamui 1,21 BETA &#8211; 1 KS\u00a0 Vynikaj\u00faci krieda prest\u00ed\u017enej japonskej firmy Kamui Ka\u017ed\u00e1 krieda je v samostatnom zatavenom balen\u00ed Nov\u00fd zdokonalen\u00fd v\u00fdvoj a e\u0161te lep\u0161ie zlo\u017eenie t\u00fato kriedu rad\u00ed medzi najlep\u0161ie na svete Obsahuje ove\u013ea jemnej\u0161ie ve\u013ekosti \u010dast\u00edc ne\u017e \u0161tandardn\u00e9 krieda na t\u00e1ga \u00da\u010delom je maximalizova\u0165 trenie Krieda pon\u00faka v\u00e4\u010d\u0161\u00ed kontakt a t\u00e1go [&hellip;]<\/p>\n","protected":false},"featured_media":4832,"comment_status":"open","ping_status":"closed","template":"","meta":[],"product_brand":[],"product_cat":[251,349],"product_tag":[],"class_list":{"0":"post-3489","1":"product","2":"type-product","3":"status-publish","4":"has-post-thumbnail","6":"product_cat-billiardove-potreby","7":"product_cat-kriedy-na-tago-3","9":"first","10":"outofstock","11":"shipping-taxable","12":"purchasable","13":"product-type-simple"},"_links":{"self":[{"href":"https:\/\/www.billiard-pro.cz\/sk\/wp-json\/wp\/v2\/product\/3489","targetHints":{"allow":["GET"]}}],"collection":[{"href":"https:\/\/www.billiard-pro.cz\/sk\/wp-json\/wp\/v2\/product"}],"about":[{"href":"https:\/\/www.billiard-pro.cz\/sk\/wp-json\/wp\/v2\/types\/product"}],"replies":[{"embeddable":true,"href":"https:\/\/www.billiard-pro.cz\/sk\/wp-json\/wp\/v2\/comments?post=3489"}],"wp:featuredmedia":[{"embeddable":true,"href":"https:\/\/www.billiard-pro.cz\/sk\/wp-json\/wp\/v2\/media\/4832"}],"wp:attachment":[{"href":"https:\/\/www.billiard-pro.cz\/sk\/wp-json\/wp\/v2\/media?parent=3489"}],"wp:term":[{"taxonomy":"product_brand","embeddable":true,"href":"https:\/\/www.billiard-pro.cz\/sk\/wp-json\/wp\/v2\/product_brand?post=3489"},{"taxonomy":"product_cat","embeddable":true,"href":"https:\/\/www.billiard-pro.cz\/sk\/wp-json\/wp\/v2\/product_cat?post=3489"},{"taxonomy":"product_tag","embeddable":true,"href":"https:\/\/www.billiard-pro.cz\/sk\/wp-json\/wp\/v2\/product_tag?post=3489"}],"curies":[{"name":"wp","href":"https:\/\/api.w.org\/{rel}","templated":true}]}}