{"id":3491,"date":"2014-05-31T15:57:05","date_gmt":"2014-05-31T15:57:05","guid":{"rendered":"http:\/\/localhost\/iwansimonis\/obchod\/nezerazene\/kamui-black-vrstvene-nalepovacie-koze-na-tago-super-soft-12-mm\/"},"modified":"2014-05-31T15:57:05","modified_gmt":"2014-05-31T15:57:05","slug":"kamui-black-vrstvene-nalepovacie-koze-na-tago-super-soft-12-mm","status":"publish","type":"product","link":"https:\/\/www.billiard-pro.cz\/sk\/obchod\/billiardove-potreby\/koze-na-tago\/kamui-black-vrstvene-nalepovacie-koze-na-tago-super-soft-12-mm\/","title":{"rendered":"Kamui Black vrstven\u00e9 nalepovacie ko\u017ee na t\u00e1go Super Soft 12 mm"},"content":{"rendered":"<p><strong><img decoding=\"async\" class=\"alignright\" alt=\"\" src=\"http:\/\/www.kulecnikar.cz\/data\/user-content\/Loga%20firem\/kamui%20logo.jpg\" \/><\/strong><\/p>\n<p><strong>Kamui Black &#8211; \u010dierna zna\u010dkov\u00e1 nalepovacie ko\u017ee Super Soft &#8211; 12mm.<\/strong><\/p>\n<ul>\n<li>10tich vrstvov\u00e1 kvalitn\u00e1 ko\u017ee na t\u00e1go japonskej v\u00fdroby.<\/li>\n<li>T\u00e1to ko\u017ea sa vyzna\u010duje ve\u013ekou odolnos\u0165ou proti vlhkosti.<\/li>\n<li>Ko\u017ea je zlo\u017een\u00e1 z desiatich vrstiev, \u0161peci\u00e1lna spodn\u00e1 vrstva neprep\u00fa\u0161\u0165a lepidlo.<\/li>\n<li>T\u00e1to ko\u017ea Kamui Black v\u010faka svojej \u0161peci\u00e1lnej \u00faprave a vysokej mikro p\u00f3rovitosti dok\u00e1\u017ee prij\u00edma\u0165 viac kriedy ne\u017e porovnate\u013en\u00e9 ko\u017ee in\u00fdch v\u00fdrobcov.<\/li>\n<li>Ko\u017ea sa po \u0165a\u017ekom \u00fadere dok\u00e1\u017ee r\u00fdchlo vr\u00e1ti\u0165 do svojho p\u00f4vodn\u00e9ho tvaru a op\u00e4\u0165 je pripraven\u00e1 na \u010fal\u0161\u00ed \u00fader.<\/li>\n<li>Ko\u017ea Kamui Black dok\u00e1\u017ee pren\u00e1\u0161a\u0165 na gule viac rot\u00e1cie a celkovo zv\u00fd\u0161i kontrolu nad hrou.<\/li>\n<li>Ko\u017eu Kamui pou\u017e\u00edvaj\u00fa profesion\u00e1lni hr\u00e1\u010di pool aj karambol.<\/li>\n<li>Lepi\u0165 na strane ozna\u010denej GLUE.<\/li>\n<li>Po nalepen\u00ed opatrne oreza\u0165 (nepo\u0161kodi\u0165 kost\u00edc) a jemn\u00fdm \u0161mirg\u013eom doupravi\u0165.<\/li>\n<li>Odpor\u00fa\u010dame lepi\u0165 kvalitn\u00fdm lepidlom\u00a0<a title=\"Tweeten desetiminutov\u00e9 lepidlo na k\u016f\u017ee-20 gram\u016f\" href=\"https:\/\/www.billiard-pro.cz\/obchod\/kulecnikove-potreby\/tweeten\/tweeten-desetiminutove-lepidlo-na-kuze\/\">Tweeten Ten Minute Cement<\/a>\u00a0&#8211; n\u00e1jdete v na\u0161ej ponuke<\/li>\n<\/ul>\n<p><strong>Rozl\u00ed\u0161enie tvrdosti ko\u017ee Kamui:<\/strong>\u00a0(SS) Super Soft, (S) Soft, (M) Medium<\/p>\n<p>Viac o Kamui ko\u017eiach n\u00e1jdete v sekcii\u00a0<a title=\"N\u00e1vody\" href=\"https:\/\/www.billiard-pro.cz\/navody\/\">n\u00e1vody.<\/a><\/p>\n<p><strong>V\u00fdrobca:<\/strong>\u00a0Kamui Tips, Japonsko<\/p>\n<p><strong>Materi\u00e1l:<\/strong>\u00a0100% brav\u010dovina ko\u017ea<\/p>\n<p><strong>Cena za 1 kus. V pon\u00fake tie\u017e<a title=\"Kamui Black vrstven\u00e1 nalepovac\u00ed k\u016f\u017ee na t\u00e1go Super Soft 13mm\" href=\"https:\/\/www.billiard-pro.cz\/obchod\/kulecnikove-potreby\/kamui-black-vrstvena-nalepovaci-kuze-na-tago-super-soft-13mm\/\"> 13 mm.<\/a><\/strong><\/p>\n<p><strong>Dostupnos\u0165 tovaru:<\/strong>\u00a0skladom s dodan\u00edm do 3 pracovn\u00fdch dn\u00ed<\/p>\n","protected":false},"excerpt":{"rendered":"<p>Kamui Black &#8211; \u010dierna zna\u010dkov\u00e1 nalepovacie ko\u017ee Super Soft &#8211; 12mm. 10tich vrstvov\u00e1 kvalitn\u00e1 ko\u017ee na t\u00e1go japonskej v\u00fdroby. T\u00e1to ko\u017ea sa vyzna\u010duje ve\u013ekou odolnos\u0165ou proti vlhkosti. Ko\u017ea je zlo\u017een\u00e1 z desiatich vrstiev, \u0161peci\u00e1lna spodn\u00e1 vrstva neprep\u00fa\u0161\u0165a lepidlo. T\u00e1to ko\u017ea Kamui Black v\u010faka svojej \u0161peci\u00e1lnej \u00faprave a vysokej mikro p\u00f3rovitosti dok\u00e1\u017ee prij\u00edma\u0165 viac kriedy ne\u017e [&hellip;]<\/p>\n","protected":false},"featured_media":4834,"comment_status":"open","ping_status":"closed","template":"","meta":[],"product_brand":[],"product_cat":[251,311],"product_tag":[],"class_list":{"0":"post-3491","1":"product","2":"type-product","3":"status-publish","4":"has-post-thumbnail","6":"product_cat-billiardove-potreby","7":"product_cat-koze-na-tago","9":"first","10":"outofstock","11":"shipping-taxable","12":"purchasable","13":"product-type-simple"},"_links":{"self":[{"href":"https:\/\/www.billiard-pro.cz\/sk\/wp-json\/wp\/v2\/product\/3491","targetHints":{"allow":["GET"]}}],"collection":[{"href":"https:\/\/www.billiard-pro.cz\/sk\/wp-json\/wp\/v2\/product"}],"about":[{"href":"https:\/\/www.billiard-pro.cz\/sk\/wp-json\/wp\/v2\/types\/product"}],"replies":[{"embeddable":true,"href":"https:\/\/www.billiard-pro.cz\/sk\/wp-json\/wp\/v2\/comments?post=3491"}],"wp:featuredmedia":[{"embeddable":true,"href":"https:\/\/www.billiard-pro.cz\/sk\/wp-json\/wp\/v2\/media\/4834"}],"wp:attachment":[{"href":"https:\/\/www.billiard-pro.cz\/sk\/wp-json\/wp\/v2\/media?parent=3491"}],"wp:term":[{"taxonomy":"product_brand","embeddable":true,"href":"https:\/\/www.billiard-pro.cz\/sk\/wp-json\/wp\/v2\/product_brand?post=3491"},{"taxonomy":"product_cat","embeddable":true,"href":"https:\/\/www.billiard-pro.cz\/sk\/wp-json\/wp\/v2\/product_cat?post=3491"},{"taxonomy":"product_tag","embeddable":true,"href":"https:\/\/www.billiard-pro.cz\/sk\/wp-json\/wp\/v2\/product_tag?post=3491"}],"curies":[{"name":"wp","href":"https:\/\/api.w.org\/{rel}","templated":true}]}}