{"id":3495,"date":"2014-06-02T20:59:06","date_gmt":"2014-06-02T20:59:06","guid":{"rendered":"http:\/\/localhost\/iwansimonis\/obchod\/nezerazene\/gulecnikove-tago-karambolove-orca-s2-no-4\/"},"modified":"2017-02-25T12:47:59","modified_gmt":"2017-02-25T11:47:59","slug":"gulecnikove-tago-karambolove-orca-s2-no-4","status":"publish","type":"product","link":"https:\/\/www.billiard-pro.cz\/sk\/obchod\/billiardove-potreby\/taga-sk\/taga-karambol-sk\/gulecnikove-tago-karambolove-orca-s2-no-4\/","title":{"rendered":"Gule\u010dn\u00edkov\u00e9 t\u00e1go karambolov\u00e9 Orca S2  No: 4"},"content":{"rendered":"<p><strong>KARAMBOLOV\u00c9 T\u00c1GO ORCA S2 No: 4<\/strong><\/p>\n<ul>\n<li>Elegantn\u00e9 zna\u010dkov\u00e9 t\u00e1go<\/li>\n<li>Vhodn\u00e9 pre za\u010diato\u010dn\u00edkov<\/li>\n<li>Vr\u0161ok z v\u00fdberov\u00e9ho kanadskej javora najvy\u0161\u0161ej kvality<\/li>\n<li>Dva strieborn\u00e9 ozdobn\u00e9 kr\u00fa\u017eky<\/li>\n<li>Zdoben\u00e9 geometrick\u00fdmi vzormi<\/li>\n<li>Kostice Buffalo-priemer 11,5 mm<\/li>\n<li>Ko\u017ea Laperti 11,5 mm<\/li>\n<li>V\u00e1ha t\u00e1ga 500 g<\/li>\n<li>Z\u00e1vit dreven\u00fd<\/li>\n<li>Z\u00e1slepka gumov\u00e1<\/li>\n<li>D\u013a\u017eka t\u00e1ga 145 cm<\/li>\n<li>Hodiaci sa puzdro nap\u0159\u00edklad :\u00a0<a title=\"Kuf\u0159\u00edk na t\u00e1go Hard Cue Case Black1B-1S \u2013 pevn\u00fd\" href=\"https:\/\/www.billiard-pro.cz\/obchod\/kulecnikove-potreby\/hard-cue-case-black1b-1s-pevny-kufrik-na-tago\/\">Hard Cue Case Black 1B-1S<\/a><\/li>\n<\/ul>\n<p><strong>K dispoz\u00edcii k nahliadnutiu a priamemu n\u00e1kupu v na\u0161ej vzorkovni:<\/strong><\/p>\n<p>BC \u0158ipsk\u00e1, \u0158ipsk\u00e1 24, Praha 3<\/p>\n<p><strong>Materi\u00e1l:<\/strong>\u00a0kanadsk\u00fd javor (AA kvalita) lakovan\u00fd, vysok\u00fd lesk a UV ochrana<\/p>\n<p><strong>V\u00fdrobca:<\/strong>\u00a0ORCA\/Buffalo<\/p>\n<p><strong>Dostupnos\u0165 tovaru:<\/strong>\u00a0skladom s dodan\u00edm do 3 pracovn\u00fdch dn\u00ed<\/p>\n","protected":false},"excerpt":{"rendered":"<p>KARAMBOLOV\u00c9 T\u00c1GO ORCA S2 No: 4 Elegantn\u00e9 zna\u010dkov\u00e9 t\u00e1go Vhodn\u00e9 pre za\u010diato\u010dn\u00edkov Vr\u0161ok z v\u00fdberov\u00e9ho kanadskej javora najvy\u0161\u0161ej kvality Dva strieborn\u00e9 ozdobn\u00e9 kr\u00fa\u017eky Zdoben\u00e9 geometrick\u00fdmi vzormi Kostice Buffalo-priemer 11,5 mm Ko\u017ea Laperti 11,5 mm V\u00e1ha t\u00e1ga 500 g Z\u00e1vit dreven\u00fd Z\u00e1slepka gumov\u00e1 D\u013a\u017eka t\u00e1ga 145 cm Hodiaci sa puzdro nap\u0159\u00edklad :\u00a0Hard Cue Case Black 1B-1S [&hellip;]<\/p>\n","protected":false},"featured_media":4838,"comment_status":"open","ping_status":"closed","template":"","meta":[],"product_brand":[],"product_cat":[251,253,333],"product_tag":[],"class_list":{"0":"post-3495","1":"product","2":"type-product","3":"status-publish","4":"has-post-thumbnail","6":"product_cat-billiardove-potreby","7":"product_cat-taga-sk","8":"product_cat-taga-karambol-sk","10":"first","11":"outofstock","12":"shipping-taxable","13":"purchasable","14":"product-type-simple"},"_links":{"self":[{"href":"https:\/\/www.billiard-pro.cz\/sk\/wp-json\/wp\/v2\/product\/3495","targetHints":{"allow":["GET"]}}],"collection":[{"href":"https:\/\/www.billiard-pro.cz\/sk\/wp-json\/wp\/v2\/product"}],"about":[{"href":"https:\/\/www.billiard-pro.cz\/sk\/wp-json\/wp\/v2\/types\/product"}],"replies":[{"embeddable":true,"href":"https:\/\/www.billiard-pro.cz\/sk\/wp-json\/wp\/v2\/comments?post=3495"}],"wp:featuredmedia":[{"embeddable":true,"href":"https:\/\/www.billiard-pro.cz\/sk\/wp-json\/wp\/v2\/media\/4838"}],"wp:attachment":[{"href":"https:\/\/www.billiard-pro.cz\/sk\/wp-json\/wp\/v2\/media?parent=3495"}],"wp:term":[{"taxonomy":"product_brand","embeddable":true,"href":"https:\/\/www.billiard-pro.cz\/sk\/wp-json\/wp\/v2\/product_brand?post=3495"},{"taxonomy":"product_cat","embeddable":true,"href":"https:\/\/www.billiard-pro.cz\/sk\/wp-json\/wp\/v2\/product_cat?post=3495"},{"taxonomy":"product_tag","embeddable":true,"href":"https:\/\/www.billiard-pro.cz\/sk\/wp-json\/wp\/v2\/product_tag?post=3495"}],"curies":[{"name":"wp","href":"https:\/\/api.w.org\/{rel}","templated":true}]}}