{"id":3535,"date":"2014-07-01T19:13:47","date_gmt":"2014-07-01T17:13:47","guid":{"rendered":"http:\/\/localhost\/iwansimonis\/obchod\/nezerazene\/koza-na-tago-narazacie-innergames-push-on-tip-12-mm-25ks\/"},"modified":"2015-09-25T10:38:24","modified_gmt":"2015-09-25T08:38:24","slug":"koza-na-tago-narazacie-innergames-push-on-tip-12-mm-25ks","status":"publish","type":"product","link":"https:\/\/www.billiard-pro.cz\/sk\/obchod\/billiardove-potreby\/koze-na-tago\/koza-na-tago-narazacie-innergames-push-on-tip-12-mm-25ks\/","title":{"rendered":"Ko\u017ea na t\u00e1go nar\u00e1\u017eacie Innergames push-on-tip 12 mm -25ks"},"content":{"rendered":"<p><strong>Ko\u017ea na t\u00e1go nar\u00e1\u017eacie INNERGAMES PUSH-ON-TIP 12MM<img loading=\"lazy\" decoding=\"async\" class=\"alignright\" src=\"https:\/\/www.billiard-pro.cz\/wp-content\/uploads\/2014\/07\/innergames.png\" alt=\"innergames\" width=\"66\" height=\"15\" data-id=\"2483\" \/><\/strong><\/p>\n<ul>\n<li>Jednoduch\u00e1 v\u00fdmena<\/li>\n<li>Vhodn\u00e9 pre billiardov\u00e9 t\u00e1go<a title=\"Kule\u010dn\u00edkov\u00e9 t\u00e1go Fibreglass \u2013 jednod\u00edln\u00e9 t\u00e1go 140cm\/12mm\" href=\"https:\/\/www.billiard-pro.cz\/obchod\/kulecnikove-potreby\/taga\/kulecnikove-tago-fibreglass-jednodilne-tago-140cm12mm\/\">\u00a0Fibreglass\u00a0<\/a>&#8211; jednodielne &#8211; do hern\u00ed s vy\u0161\u0161\u00ed prev\u00e1dzkou<\/li>\n<li>Ve\u013emi jednoduch\u00e1 v\u00fdmena<\/li>\n<li>Push-on-tip &#8211; nar\u00e1\u017eacie syst\u00e9m<\/li>\n<li>Plastov\u00fd materi\u00e1l + ko\u017ea<\/li>\n<li>V\u00fdborn\u00fd pomer kvality a ceny<\/li>\n<li>Dlh\u00e1 \u017eivotnos\u0165<\/li>\n<li><strong>V predaji aj v <a title=\"K\u016f\u017ee na t\u00e1go nar\u00e1\u017eec\u00ed Innergames push-on-tip12 mm -1 ks\" href=\"https:\/\/www.billiard-pro.cz\/obchod\/kulecnikove-potreby\/kuze-na-tago-narazeci-innergames-push-on-tip12-mm-1-ks\/\">balen\u00ed 1 ks<\/a> &#8211; cena 10,- CZK<\/strong><\/li>\n<\/ul>\n<p><strong>K dispoz\u00edcii k nahliadnutiu a priamemu n\u00e1kupu v na\u0161ej vzorkovni:<\/strong><\/p>\n<p>BC \u0158ipsk\u00e1, \u0158ipsk\u00e1 24, Praha 3<\/p>\n<p><strong>Materi\u00e1l:<\/strong>\u00a0plast + ko\u017ea<\/p>\n<p><strong>V\u00fdrobca:<\/strong>\u00a0Innergames\/Buffalo, Netherlands<\/p>\n<p><strong>Dostupnos\u0165 tovaru:<\/strong>\u00a0skladom s dodan\u00edm do 3 pracovn\u00fdch dn\u00ed<\/p>\n","protected":false},"excerpt":{"rendered":"<p>Ko\u017ea na t\u00e1go nar\u00e1\u017eacie INNERGAMES PUSH-ON-TIP 12MM Jednoduch\u00e1 v\u00fdmena Vhodn\u00e9 pre billiardov\u00e9 t\u00e1go\u00a0Fibreglass\u00a0&#8211; jednodielne &#8211; do hern\u00ed s vy\u0161\u0161\u00ed prev\u00e1dzkou Ve\u013emi jednoduch\u00e1 v\u00fdmena Push-on-tip &#8211; nar\u00e1\u017eacie syst\u00e9m Plastov\u00fd materi\u00e1l + ko\u017ea V\u00fdborn\u00fd pomer kvality a ceny Dlh\u00e1 \u017eivotnos\u0165 V predaji aj v balen\u00ed 1 ks &#8211; cena 10,- CZK K dispoz\u00edcii k nahliadnutiu a priamemu [&hellip;]<\/p>\n","protected":false},"featured_media":4952,"comment_status":"open","ping_status":"closed","template":"","meta":[],"product_brand":[],"product_cat":[251,311],"product_tag":[],"class_list":{"0":"post-3535","1":"product","2":"type-product","3":"status-publish","4":"has-post-thumbnail","6":"product_cat-billiardove-potreby","7":"product_cat-koze-na-tago","9":"first","10":"instock","11":"shipping-taxable","12":"purchasable","13":"product-type-simple"},"_links":{"self":[{"href":"https:\/\/www.billiard-pro.cz\/sk\/wp-json\/wp\/v2\/product\/3535","targetHints":{"allow":["GET"]}}],"collection":[{"href":"https:\/\/www.billiard-pro.cz\/sk\/wp-json\/wp\/v2\/product"}],"about":[{"href":"https:\/\/www.billiard-pro.cz\/sk\/wp-json\/wp\/v2\/types\/product"}],"replies":[{"embeddable":true,"href":"https:\/\/www.billiard-pro.cz\/sk\/wp-json\/wp\/v2\/comments?post=3535"}],"wp:featuredmedia":[{"embeddable":true,"href":"https:\/\/www.billiard-pro.cz\/sk\/wp-json\/wp\/v2\/media\/4952"}],"wp:attachment":[{"href":"https:\/\/www.billiard-pro.cz\/sk\/wp-json\/wp\/v2\/media?parent=3535"}],"wp:term":[{"taxonomy":"product_brand","embeddable":true,"href":"https:\/\/www.billiard-pro.cz\/sk\/wp-json\/wp\/v2\/product_brand?post=3535"},{"taxonomy":"product_cat","embeddable":true,"href":"https:\/\/www.billiard-pro.cz\/sk\/wp-json\/wp\/v2\/product_cat?post=3535"},{"taxonomy":"product_tag","embeddable":true,"href":"https:\/\/www.billiard-pro.cz\/sk\/wp-json\/wp\/v2\/product_tag?post=3535"}],"curies":[{"name":"wp","href":"https:\/\/api.w.org\/{rel}","templated":true}]}}