{"id":3537,"date":"2014-07-02T10:07:46","date_gmt":"2014-07-02T10:07:46","guid":{"rendered":"http:\/\/localhost\/iwansimonis\/obchod\/nezerazene\/gulecnikove-tago-house-q1click-go-jednodielne-tago-145cm13mm\/"},"modified":"2015-07-31T10:29:57","modified_gmt":"2015-07-31T08:29:57","slug":"gulecnikove-tago-house-q1click-go-jednodielne-tago-145cm13mm","status":"publish","type":"product","link":"https:\/\/www.billiard-pro.cz\/sk\/obchod\/billiardove-potreby\/taga-sk\/taga-pool-sk\/gulecnikove-tago-house-q1click-go-jednodielne-tago-145cm13mm\/","title":{"rendered":"Gule\u010dn\u00edkov\u00e9 t\u00e1go House Q1Click &#038; Go &#8211; jednodielne t\u00e1go 145cm\/13mm"},"content":{"rendered":"<p><strong>Biliardov\u00e9 t\u00e1go jednodielne House Q Click &amp; Go\u00a0<img decoding=\"async\" class=\"alignright\" src=\"http:\/\/www.buffalo.nl\/media\/brands\/buffalo.png\" alt=\"buffalo\" \/><\/strong><\/p>\n<ul>\n<li><strong>NOVINKA &#8211; Click &amp; Go nar\u00e1\u017eacie syst\u00e9m v\u00fdmeny ko\u017ee!<\/strong><\/li>\n<li><strong>Ide\u00e1lne klubov\u00e9 t\u00e1go do hern\u00ed s v\u00e4\u010d\u0161ou prev\u00e1dzkou!<\/strong><\/li>\n<li><strong>U\u017e \u017eiadne lepenie, br\u00fasenie a skrutkovanie &#8211; nar\u00e1\u017eacie syst\u00e9m je jednoduch\u00fd!<\/strong><\/li>\n<li>Jednodielne billiardov\u00e9 t\u00e1go z tvrd\u00e9ho javorov\u00e9ho dreva<\/li>\n<li>Spodok t\u00e1ga zdoben\u00fd tmav\u0161\u00edmi inlayemi v tvare hrotu letiaceho \u0161\u00edpu<\/li>\n<li>Elegantn\u00e1 kombin\u00e1cia svetl\u00e9ho a tmav\u00e9ho javorov\u00e9ho dreva<\/li>\n<li>Inov\u00e1cia klasick\u00e9ho t\u00e1ga House Q<\/li>\n<li>Dlh\u00e1 \u017eivotnos\u0165 a dobr\u00fd pomer kvality a ceny<\/li>\n<li>D\u013a\u017eka 145 cm, v\u00e1ha 500 g<\/li>\n<li>Bez omot\u00e1vky<\/li>\n<li>V\u010faka absencii spoja a pou\u017eitie kvalitn\u00e9ho dreva pon\u00faka t\u00e1go vynikajic\u00ed hern\u00e9 vlastnosti a dlh\u00fa trvanlivos\u0165<\/li>\n<li><strong>N\u00e1hradn\u00e9 \u0161pi\u010dky 3066.230 &#8211; Click &amp; Go Push-On-Tip 13 mm<\/strong><\/li>\n<\/ul>\n<p><strong>N\u00e1vod na pou\u017eitie:<\/strong><\/p>\n<ul>\n<li>Click &amp; Go syst\u00e9m je najjednoduch\u0161\u00ed podtlakov\u00fd syst\u00e9m v\u00fdmeny ko\u017ee ne\u017e ak\u00fdko\u013evek in\u00fd syst\u00e9m v\u00fdmeny lepen\u00edm alebo skrutkovan\u00edm.<\/li>\n<li>Tento syst\u00e9m je ide\u00e1lnou vo\u013ebou do hern\u00ed s vy\u0161\u0161\u00ed prev\u00e1dzkou, preto\u017ee \u0161etr\u00ed v\u00e1\u0161 \u010das, vynalo\u017een\u00fa n\u00e1mahu a n\u00e1klady na prev\u00e1dzku!<\/li>\n<li>Sta\u010d\u00ed odstr\u00e1ni\u0165 hrubou silou alebo klie\u0161\u0165ami star\u00fa nar\u00e1\u017eku, podtlak sa uvo\u013en\u00ed a potom u\u017e sta\u010d\u00ed len naklikn\u00fa\u0165 nov\u00fa \u0161pi\u010dku a t\u00e1go je pripraven\u00e9 behom p\u00e1r sek\u00fand ku hre!<\/li>\n<\/ul>\n<p><span style=\"line-height: 1.5em;\">T\u00e1go si m\u00f4\u017eete pr\u00eds\u0165 vysk\u00fa\u0161a\u0165 na profesion\u00e1lne stoly do na\u0161ej herne Billard Club \u0158ipsk\u00e1, \u0158ipsk\u00e1 24, Praha 3, kde si m\u00f4\u017eete t\u00e1go priamo zak\u00fapi\u0165 v na\u0161om predajnom klubovom st\u00e1nku.<\/span> Odborn\u00fd person\u00e1l v\u00e1m porad\u00ed pri n\u00e1kupe a zodpovie ka\u017ed\u00fd v\u00e1\u0161 dotaz. Te\u0161\u00edme sa na v\u00e1s.<\/p>\n<p><strong>V\u00fdrobca:<\/strong> Buffalo, Holandsko<\/p>\n<p><strong style=\"line-height: 1.5em;\">Dostupnos\u0165 tovara:<\/strong><span style=\"line-height: 1.5em;\">\u00a0skladom s dodan\u00edm do 3 pracovn\u00fdch dn\u00ed<\/span><\/p>\n","protected":false},"excerpt":{"rendered":"<p>Biliardov\u00e9 t\u00e1go jednodielne House Q Click &amp; Go\u00a0 NOVINKA &#8211; Click &amp; Go nar\u00e1\u017eacie syst\u00e9m v\u00fdmeny ko\u017ee! Ide\u00e1lne klubov\u00e9 t\u00e1go do hern\u00ed s v\u00e4\u010d\u0161ou prev\u00e1dzkou! U\u017e \u017eiadne lepenie, br\u00fasenie a skrutkovanie &#8211; nar\u00e1\u017eacie syst\u00e9m je jednoduch\u00fd! Jednodielne billiardov\u00e9 t\u00e1go z tvrd\u00e9ho javorov\u00e9ho dreva Spodok t\u00e1ga zdoben\u00fd tmav\u0161\u00edmi inlayemi v tvare hrotu letiaceho \u0161\u00edpu Elegantn\u00e1 kombin\u00e1cia [&hellip;]<\/p>\n","protected":false},"featured_media":4954,"comment_status":"closed","ping_status":"closed","template":"","meta":[],"product_brand":[],"product_cat":[253,331],"product_tag":[],"class_list":{"0":"post-3537","1":"product","2":"type-product","3":"status-publish","4":"has-post-thumbnail","6":"product_cat-taga-sk","7":"product_cat-taga-pool-sk","9":"first","10":"instock","11":"shipping-taxable","12":"purchasable","13":"product-type-simple"},"_links":{"self":[{"href":"https:\/\/www.billiard-pro.cz\/sk\/wp-json\/wp\/v2\/product\/3537","targetHints":{"allow":["GET"]}}],"collection":[{"href":"https:\/\/www.billiard-pro.cz\/sk\/wp-json\/wp\/v2\/product"}],"about":[{"href":"https:\/\/www.billiard-pro.cz\/sk\/wp-json\/wp\/v2\/types\/product"}],"replies":[{"embeddable":true,"href":"https:\/\/www.billiard-pro.cz\/sk\/wp-json\/wp\/v2\/comments?post=3537"}],"wp:featuredmedia":[{"embeddable":true,"href":"https:\/\/www.billiard-pro.cz\/sk\/wp-json\/wp\/v2\/media\/4954"}],"wp:attachment":[{"href":"https:\/\/www.billiard-pro.cz\/sk\/wp-json\/wp\/v2\/media?parent=3537"}],"wp:term":[{"taxonomy":"product_brand","embeddable":true,"href":"https:\/\/www.billiard-pro.cz\/sk\/wp-json\/wp\/v2\/product_brand?post=3537"},{"taxonomy":"product_cat","embeddable":true,"href":"https:\/\/www.billiard-pro.cz\/sk\/wp-json\/wp\/v2\/product_cat?post=3537"},{"taxonomy":"product_tag","embeddable":true,"href":"https:\/\/www.billiard-pro.cz\/sk\/wp-json\/wp\/v2\/product_tag?post=3537"}],"curies":[{"name":"wp","href":"https:\/\/api.w.org\/{rel}","templated":true}]}}