{"id":3539,"date":"2014-07-02T13:10:13","date_gmt":"2014-07-02T13:10:13","guid":{"rendered":"http:\/\/localhost\/iwansimonis\/obchod\/nezerazene\/koza-na-tago-narazacie-click-go-push-on-tip-13-mm-1-ks\/"},"modified":"2016-11-30T13:27:14","modified_gmt":"2016-11-30T12:27:14","slug":"koza-na-tago-narazacie-click-go-push-on-tip-13-mm-1-ks","status":"publish","type":"product","link":"https:\/\/www.billiard-pro.cz\/sk\/obchod\/billiardove-potreby\/koze-na-tago\/koza-na-tago-narazacie-click-go-push-on-tip-13-mm-1-ks\/","title":{"rendered":"Ko\u017ea na t\u00e1go nar\u00e1\u017eacie Click &#038; Go Push-On-Tip 13 mm &#8211; 1 ks"},"content":{"rendered":"<p><strong>Ko\u017ea na t\u00e1go nar\u00e1\u017eacie\u00a0Click &amp; Go Push-On-Tip 13 mm &#8211; 1 ks<img loading=\"lazy\" decoding=\"async\" class=\"alignright size-full wp-image-2412\" src=\"https:\/\/www.billiard-pro.cz\/wp-content\/uploads\/2014\/06\/buffalo.png\" alt=\"buffalo\" width=\"66\" height=\"17\" data-id=\"2412\" srcset=\"https:\/\/www.billiard-pro.cz\/wp-content\/uploads\/2014\/06\/buffalo.png 66w, https:\/\/www.billiard-pro.cz\/wp-content\/uploads\/2014\/06\/buffalo-31x7.png 31w, https:\/\/www.billiard-pro.cz\/wp-content\/uploads\/2014\/06\/buffalo-38x9.png 38w\" sizes=\"auto, (max-width: 66px) 100vw, 66px\" \/><\/strong><\/p>\n<ul>\n<li><strong><strong>NOVINKA &#8211; Click &amp; Go nar\u00e1\u017eacie syst\u00e9m v\u00fdmeny ko\u017ee!<\/strong><\/strong><\/li>\n<li><strong style=\"line-height: 1.5em;\">U\u017e \u017eiadne lepenie, br\u00fasenie a skrutkovanie &#8211; nar\u00e1\u017eacie syst\u00e9m je jednoduch\u00fd!<\/strong><\/li>\n<li>Vhodn\u00e9 pre billiardov\u00e9 t\u00e1go\u00a0<strong><a title=\"Kule\u010dn\u00edkov\u00e9 t\u00e1go House Q1 Click &amp; Go- jednod\u00edln\u00e9 t\u00e1go 145cm\/13mm\" href=\"https:\/\/www.billiard-pro.cz\/obchod\/kulecnikove-potreby\/kulecnikove-tago-house-q1-click-go-jednodilne-tago-145cm13mm\/\">House Q-1 Piece Click\u00a0&amp; Go\u00a0No: 1\u00a0<\/a><\/strong><a title=\"Kule\u010dn\u00edkov\u00e9 t\u00e1go House Q1 Click &amp; Go- jednod\u00edln\u00e9 t\u00e1go 145cm\/13mm\" href=\"https:\/\/www.billiard-pro.cz\/obchod\/kulecnikove-potreby\/kulecnikove-tago-house-q1-click-go-jednodilne-tago-145cm13mm\/\"><br \/>\n<\/a><\/li>\n<li>Ve\u013emi jednoduch\u00e1 v\u00fdmena<\/li>\n<li>Push-on-tip &#8211; nar\u00e1\u017eacie syst\u00e9m<\/li>\n<li>Plastov\u00fd materi\u00e1l + ko\u017ea<\/li>\n<li>V\u00fdborn\u00fd pomer kvality a ceny<\/li>\n<li>Dlh\u00e1 \u017eivotnos\u0165<\/li>\n<\/ul>\n<p><strong>N\u00e1vod na pou\u017eitie:<\/strong><\/p>\n<ul>\n<li>Click &amp; Go syst\u00e9m je najjednoduch\u0161\u00ed podtlakov\u00fd syst\u00e9m v\u00fdmeny ko\u017ee ne\u017e ak\u00fdko\u013evek in\u00fd syst\u00e9m v\u00fdmeny lepen\u00edm alebo skrutkovan\u00edm.<\/li>\n<li>Tento syst\u00e9m je ide\u00e1lnou vo\u013ebou do hern\u00ed s vy\u0161\u0161\u00ed prev\u00e1dzkou, preto\u017ee \u0161etr\u00ed v\u00e1\u0161 \u010das, vynalo\u017een\u00fa n\u00e1mahu a n\u00e1klady na prev\u00e1dzku!<\/li>\n<li>Sta\u010d\u00ed odstr\u00e1ni\u0165 hrubou silou alebo klie\u0161\u0165ami star\u00fa nar\u00e1\u017eku, podtlak sa uvo\u013en\u00ed a potom u\u017e sta\u010d\u00ed len naklikn\u00fa\u0165 nov\u00fa \u0161pi\u010dku a t\u00e1go je pripraven\u00e9 behom p\u00e1r sek\u00fand ku hre!<\/li>\n<\/ul>\n<p>&nbsp;<\/p>\n<p><strong>Materi\u00e1l:<\/strong>\u00a0plast + ko\u017ea<\/p>\n<p><strong>V\u00fdrobca:<\/strong>\u00a0Buffalo, Netherlands<\/p>\n<p><strong>Dostupnos\u0165 tovaru:<\/strong>\u00a0skladom s dodan\u00edm do 3 pracovn\u00fdch dn\u00ed<\/p>\n","protected":false},"excerpt":{"rendered":"<p>Ko\u017ea na t\u00e1go nar\u00e1\u017eacie\u00a0Click &amp; Go Push-On-Tip 13 mm &#8211; 1 ks NOVINKA &#8211; Click &amp; Go nar\u00e1\u017eacie syst\u00e9m v\u00fdmeny ko\u017ee! U\u017e \u017eiadne lepenie, br\u00fasenie a skrutkovanie &#8211; nar\u00e1\u017eacie syst\u00e9m je jednoduch\u00fd! Vhodn\u00e9 pre billiardov\u00e9 t\u00e1go\u00a0House Q-1 Piece Click\u00a0&amp; Go\u00a0No: 1\u00a0 Ve\u013emi jednoduch\u00e1 v\u00fdmena Push-on-tip &#8211; nar\u00e1\u017eacie syst\u00e9m Plastov\u00fd materi\u00e1l + ko\u017ea V\u00fdborn\u00fd pomer kvality [&hellip;]<\/p>\n","protected":false},"featured_media":9858,"comment_status":"closed","ping_status":"closed","template":"","meta":[],"product_brand":[],"product_cat":[251,311],"product_tag":[],"class_list":{"0":"post-3539","1":"product","2":"type-product","3":"status-publish","4":"has-post-thumbnail","6":"product_cat-billiardove-potreby","7":"product_cat-koze-na-tago","9":"first","10":"instock","11":"shipping-taxable","12":"purchasable","13":"product-type-simple"},"_links":{"self":[{"href":"https:\/\/www.billiard-pro.cz\/sk\/wp-json\/wp\/v2\/product\/3539","targetHints":{"allow":["GET"]}}],"collection":[{"href":"https:\/\/www.billiard-pro.cz\/sk\/wp-json\/wp\/v2\/product"}],"about":[{"href":"https:\/\/www.billiard-pro.cz\/sk\/wp-json\/wp\/v2\/types\/product"}],"replies":[{"embeddable":true,"href":"https:\/\/www.billiard-pro.cz\/sk\/wp-json\/wp\/v2\/comments?post=3539"}],"wp:featuredmedia":[{"embeddable":true,"href":"https:\/\/www.billiard-pro.cz\/sk\/wp-json\/wp\/v2\/media\/9858"}],"wp:attachment":[{"href":"https:\/\/www.billiard-pro.cz\/sk\/wp-json\/wp\/v2\/media?parent=3539"}],"wp:term":[{"taxonomy":"product_brand","embeddable":true,"href":"https:\/\/www.billiard-pro.cz\/sk\/wp-json\/wp\/v2\/product_brand?post=3539"},{"taxonomy":"product_cat","embeddable":true,"href":"https:\/\/www.billiard-pro.cz\/sk\/wp-json\/wp\/v2\/product_cat?post=3539"},{"taxonomy":"product_tag","embeddable":true,"href":"https:\/\/www.billiard-pro.cz\/sk\/wp-json\/wp\/v2\/product_tag?post=3539"}],"curies":[{"name":"wp","href":"https:\/\/api.w.org\/{rel}","templated":true}]}}