{"id":3551,"date":"2014-07-31T15:45:06","date_gmt":"2014-07-31T13:45:06","guid":{"rendered":"http:\/\/localhost\/iwansimonis\/obchod\/nezerazene\/biliard-pool-biliard-dynamic-ii-9ft-hnedy\/"},"modified":"2020-06-02T12:51:39","modified_gmt":"2020-06-02T10:51:39","slug":"biliard-pool-biliard-dynamic-ii-9ft-hnedy","status":"publish","type":"product","link":"https:\/\/www.billiard-pro.cz\/sk\/obchod\/biliardove-stoly\/biliard-pool\/biliard-pool-biliard-dynamic-ii-9ft-hnedy\/","title":{"rendered":"Biliard pool biliard DYNAMIC II 9ft, hn\u011bd\u00fd"},"content":{"rendered":"<p><strong>Biliard pool DYNAMIC II 9ft &#8211; brown\/hned\u00e1<img decoding=\"async\" class=\"alignright\" src=\"https:\/\/www.billiard-pro.cz\/wp-content\/uploads\/2014\/07\/dynamic_billiard-obchodni-zastoupeni-CR-150x59.png\" alt=\"dynamic_billiard obchodni zastoupeni CR\" \/><\/strong><\/p>\n<p><strong>Cena DYNAMIC stola obsahuje:<\/strong><\/p>\n<ul>\n<li>billiardov\u00e9 s\u00fakno<a title=\"Kule\u010dn\u00edkov\u00e9 sukno SIMONIS POOL 760 s dopravou ZDARMA\" href=\"https:\/\/www.billiard-pro.cz\/obchod\/platna-iwan-simonis\/pool-760\/\">\u00a0<strong>SIMONIS 760<\/strong> &#8211;<\/a>\u00a0farbu si vyberte tu:<a title=\"Barvy suken 2\" href=\"https:\/\/www.billiard-pro.cz\/barvy-suken-2\/\">\u00a0Farby s\u00fakien<\/a><\/li>\n<li>vybran\u00fa farbu s\u00fakna pros\u00edm upresnite telefonicky na \u010d\u00edsle 606-766132 alebo prostredn\u00edctvom spr\u00e1vy E-mailom na info@billiard-pro.cz<\/li>\n<\/ul>\n<p><!--more--><\/p>\n<ul>\n<li>Design zalo\u017een\u00fd na norm\u00e1ch pre turnaja EPBF (European Pocket Biliard Federation)<\/li>\n<li>Schv\u00e1len\u00fd a povolen\u00fd pre World Championships, Euro-Tours, European Championships, s EPBF certifik\u00e1tom<\/li>\n<li>Presn\u00e1 \u0161pecifik\u00e1cia pre \u0161pi\u010dkov\u00fa hru<\/li>\n<li>Origin\u00e1lne mas\u00edvne kovov\u00e9 rohy<\/li>\n<li>3-dielna bridlicov\u00e1 doska s 18 oddelen\u00fdmi v\u00fd\u0161kov\u00fdm regula\u010dn\u00fdmi skrutkami pre jednoduch\u00e9 a presn\u00e9 vyv\u00e1\u017eenie hracej plochy<\/li>\n<li>\u0160pi\u010dkov\u00fd mas\u00edvny dreven\u00fd r\u00e1m o sile 7cm<\/li>\n<li>Origin\u00e1lne gumov\u00e9 ko\u0161e umiestnen\u00e9 v kovov\u00fdch rohoch s logom firmy Dynamic Biliard<\/li>\n<li>Elegantn\u00fd \u0161portov\u00fd dizajn<\/li>\n<li>Origin\u00e1lne &#8222;Northern Rubber&#8220; z\u00e1vodn\u00e9 gumov\u00e9 mantinely (made in England), presne pod\u013ea technickej \u0161pecifik\u00e1cie EPBF a LBSA<\/li>\n<li>Pre z\u00e1vodn\u00e9, komer\u010dn\u00e9 i dom\u00e1ce pou\u017eitie<\/li>\n<li>Origin\u00e1lne 30 mm hrub\u00e9 bridlicov\u00e9 dosky Rasson (firma Rasson je ofici\u00e1lny sponzor EPBF (European Pool Billiard Federation)<img loading=\"lazy\" decoding=\"async\" class=\"alignright\" src=\"https:\/\/www.billiard-pro.cz\/wp-content\/uploads\/2014\/07\/it1324rasson_detail-logo-150x107.jpg\" alt=\"it1324rasson_detail logo\" width=\"150\" height=\"107\" data-id=\"2552\" \/><\/li>\n<li>3-dielna bridlicov\u00e1 doska o sile 30 mm<\/li>\n<li>hracia plocha: 254 x 127 cm<\/li>\n<li>celkov\u00e1 ve\u013ekos\u0165 stola: 285 x 158 cm<\/li>\n<li>ide\u00e1lny priestor pre gule\u010dn\u00edk: 564 x 437 cm<\/li>\n<li>v\u00e1ha 534kg<\/li>\n<\/ul>\n<p><strong>Dostupnos\u0165 tovaru:<\/strong>\u00a0 externe skladom s dodan\u00edm do 15tich pracovn\u00fdch dn\u00ed<\/p>\n<p><strong>V\u00fdrobca:<\/strong>\u00a0Dynamic-Billard, DE<\/p>\n<p><strong>Objedn\u00e1va\u0165 m\u00f4\u017eete telefonicky, E-mailom na info@billiard-pro.cz alebo prostredn\u00edctvom E-shopu. Po obdr\u017ean\u00ed va\u0161ej objedn\u00e1vky v\u00e1s v\u017edy budeme kontaktova\u0165 telefonicky alebo e-mailom pre upresnenie va\u0161ich po\u017eiadaviek na term\u00edn dodania a v\u00fdber farby s\u00fakna SIMONIS.<\/strong><\/p>\n<p>Cena dopravy dle adresy p\u0159\u00edjemce a mont\u00e1\u017e dohodou.<\/p>\n","protected":false},"excerpt":{"rendered":"<p>Biliard pool DYNAMIC II 9ft &#8211; brown\/hned\u00e1 Cena DYNAMIC stola obsahuje: billiardov\u00e9 s\u00fakno\u00a0SIMONIS 760 &#8211;\u00a0farbu si vyberte tu:\u00a0Farby s\u00fakien vybran\u00fa farbu s\u00fakna pros\u00edm upresnite telefonicky na \u010d\u00edsle 606-766132 alebo prostredn\u00edctvom spr\u00e1vy E-mailom na info@billiard-pro.cz<\/p>\n","protected":false},"featured_media":5006,"comment_status":"closed","ping_status":"closed","template":"","meta":[],"product_brand":[],"product_cat":[341,339],"product_tag":[],"class_list":{"0":"post-3551","1":"product","2":"type-product","3":"status-publish","4":"has-post-thumbnail","6":"product_cat-biliard-pool","7":"product_cat-biliardove-stoly","9":"first","10":"instock","11":"shipping-taxable","12":"purchasable","13":"product-type-simple"},"_links":{"self":[{"href":"https:\/\/www.billiard-pro.cz\/sk\/wp-json\/wp\/v2\/product\/3551","targetHints":{"allow":["GET"]}}],"collection":[{"href":"https:\/\/www.billiard-pro.cz\/sk\/wp-json\/wp\/v2\/product"}],"about":[{"href":"https:\/\/www.billiard-pro.cz\/sk\/wp-json\/wp\/v2\/types\/product"}],"replies":[{"embeddable":true,"href":"https:\/\/www.billiard-pro.cz\/sk\/wp-json\/wp\/v2\/comments?post=3551"}],"wp:featuredmedia":[{"embeddable":true,"href":"https:\/\/www.billiard-pro.cz\/sk\/wp-json\/wp\/v2\/media\/5006"}],"wp:attachment":[{"href":"https:\/\/www.billiard-pro.cz\/sk\/wp-json\/wp\/v2\/media?parent=3551"}],"wp:term":[{"taxonomy":"product_brand","embeddable":true,"href":"https:\/\/www.billiard-pro.cz\/sk\/wp-json\/wp\/v2\/product_brand?post=3551"},{"taxonomy":"product_cat","embeddable":true,"href":"https:\/\/www.billiard-pro.cz\/sk\/wp-json\/wp\/v2\/product_cat?post=3551"},{"taxonomy":"product_tag","embeddable":true,"href":"https:\/\/www.billiard-pro.cz\/sk\/wp-json\/wp\/v2\/product_tag?post=3551"}],"curies":[{"name":"wp","href":"https:\/\/api.w.org\/{rel}","templated":true}]}}