{"id":3553,"date":"2014-08-20T15:35:23","date_gmt":"2014-08-20T13:35:23","guid":{"rendered":"http:\/\/localhost\/iwansimonis\/obchod\/nezerazene\/biliardovy-stol-gabriels-imperator-284-karambol\/"},"modified":"2024-02-29T13:37:02","modified_gmt":"2024-02-29T12:37:02","slug":"biliardovy-stol-gabriels-imperator-284-karambol","status":"publish","type":"product","link":"https:\/\/www.billiard-pro.cz\/sk\/obchod\/biliardove-stoly\/karambol-2\/biliardovy-stol-gabriels-imperator-284-karambol\/","title":{"rendered":"Biliardov\u00fd st\u00f4l GABRIELS IMPERATOR 284 &#8211; karambol"},"content":{"rendered":"<p><strong>GABRIELS IMPERATOR 284 x 142 cm &#8211; karambolov\u00fd st\u00f4l &#8211;\u00a0<strong>NOV\u00dd MODEL 2014<\/strong><\/strong><\/p>\n<ul>\n<li>HRACIA PLOCHA: 284 x 142 cm<\/li>\n<li>FARBA STOLA: \u010dierna<\/li>\n<li>VONKAJ\u0160IE ROZMERY STOLA: 310 \u00d7 168 cm<\/li>\n<li>HRACIA DOSKA: talianska bridlicov\u00e1 trojdielna doska<\/li>\n<li>SILA BRIDLICE: 60mm, upraven\u00e1 na CNC strojoch do ide\u00e1lnej roviny<\/li>\n<li>PO\u010cET N\u00d4H: 2 podesty, ka\u017ed\u00e1 so 4 vyva\u017eovac\u00edmi bodmi<\/li>\n<li>MATERI\u00c1L: gumov\u00e9 odrazn\u00edky KLEBER lichobe\u017en\u00edkov\u00fd profil P37,<\/li>\n<li>VYHRIEVANIE: 1000 WATT \u00a0syst\u00e9m s programovate\u013en\u00fdm nastaven\u00edm a termostatom na dia\u013ekov\u00e9 ovl\u00e1danie<\/li>\n<li>SUKNO: Simonis 300 RAPIDE &#8211; farba pod\u013ea v\u00fdberu<\/li>\n<li>KON\u0160TRUKCIA: oce\u013eov\u00e1 10x10cm<\/li>\n<li>R\u00c1M: vybaven\u00fd 27 intern\u00fdmi skrutky pre perfektn\u00e9 vyv\u00e1\u017eenie 3 sekci\u00ed hracej dosky<\/li>\n<li>R\u00c1M mantinelov: r\u00e1my mantinelov s\u00fa vyroben\u00e9 z ve\u013emi pevn\u00e9ho dreva s kone\u010dnou \u00fapravou &#8211; vysokotlakov\u00fd lamin\u00e1t<\/li>\n<li>NASTAVENIE: 8 vyva\u017eovac\u00edch bodov<\/li>\n<li>PRIESTOROV\u00c9 PO\u017dIADAVKY: 574cm x 447cm<\/li>\n<li>Najvy\u0161\u0161ia rada profesion\u00e1lnych turnajov\u00fdch karambolov\u00fdch stolov<\/li>\n<li>St\u00f4l schv\u00e1len\u00fd svetovou biliardov\u00fa feder\u00e1ciou a vyberan\u00fd na svetov\u00e9 s\u00fa\u0165a\u017ee a turnaje<\/li>\n<li>Na tomto stole sa hrali v\u00fdznamn\u00e9 svetov\u00e9 \u0161ammpion\u00e1ty organizovanej Union Mondiale de Billard<\/li>\n<li>Turnajov\u00fd st\u00f4l pre UMB 22 UMB World Championships, 12 UMB World Cup<\/li>\n<li>St\u00f4l je vyroben\u00fd z najkvalitnej\u0161\u00edch materi\u00e1lov a pomocou najnov\u0161\u00edch technol\u00f3gi\u00ed, to zaru\u010duje neprekonate\u013en\u00e9 hern\u00e9 vlastnosti<\/li>\n<li>V\u0161etky \u010dasti s\u00fa vyr\u00e1ban\u00e9 na CNC strojoch, zaru\u010duj\u00face rovnakos\u0165 a pln\u00fa vymenite\u013enos\u0165 dielov<\/li>\n<\/ul>\n<p><strong>Dostupnos\u0165 tovaru:<\/strong>\u00a0 externe skladom s dodan\u00edm do 8 t\u00fddn\u016f<\/p>\n<p><strong>V\u00fdrobca:<\/strong>\u00a0GABRIELS BILLIARDS \/\u00a0Loontjens Biljarts, Holandsko<\/p>\n<p><strong>Objedn\u00e1va\u0165 m\u00f4\u017eete telefonicky, E-mailom na info@billiard-pro.cz alebo prostredn\u00edctvom E-shopu. Po obdr\u017ean\u00ed va\u0161ej objedn\u00e1vky v\u00e1s v\u017edy budeme kontaktova\u0165 telefonicky alebo e-mailom pre upresnenie va\u0161ich po\u017eiadaviek na term\u00edn dodania a v\u00fdber farby s\u00fakna SIMONIS.<\/strong><\/p>\n<p><span style=\"color: #ff0000;\"><strong>Cenu dopravy a mont\u00e1\u017ee na adrese nacen\u00edme individu\u00e1ln\u011b.<\/strong><\/span><\/p>\n<p><strong>\u00a0<\/strong><\/p>\n","protected":false},"excerpt":{"rendered":"<p>GABRIELS IMPERATOR 284 x 142 cm &#8211; karambolov\u00fd st\u00f4l &#8211;\u00a0NOV\u00dd MODEL 2014 HRACIA PLOCHA: 284 x 142 cm FARBA STOLA: \u010dierna VONKAJ\u0160IE ROZMERY STOLA: 310 \u00d7 168 cm HRACIA DOSKA: talianska bridlicov\u00e1 trojdielna doska SILA BRIDLICE: 60mm, upraven\u00e1 na CNC strojoch do ide\u00e1lnej roviny PO\u010cET N\u00d4H: 2 podesty, ka\u017ed\u00e1 so 4 vyva\u017eovac\u00edmi bodmi MATERI\u00c1L: gumov\u00e9 [&hellip;]<\/p>\n","protected":false},"featured_media":5032,"comment_status":"closed","ping_status":"closed","template":"","meta":[],"product_brand":[],"product_cat":[339,343],"product_tag":[],"class_list":{"0":"post-3553","1":"product","2":"type-product","3":"status-publish","4":"has-post-thumbnail","6":"product_cat-biliardove-stoly","7":"product_cat-karambol-2","9":"first","10":"instock","11":"shipping-taxable","12":"purchasable","13":"product-type-simple"},"_links":{"self":[{"href":"https:\/\/www.billiard-pro.cz\/sk\/wp-json\/wp\/v2\/product\/3553","targetHints":{"allow":["GET"]}}],"collection":[{"href":"https:\/\/www.billiard-pro.cz\/sk\/wp-json\/wp\/v2\/product"}],"about":[{"href":"https:\/\/www.billiard-pro.cz\/sk\/wp-json\/wp\/v2\/types\/product"}],"replies":[{"embeddable":true,"href":"https:\/\/www.billiard-pro.cz\/sk\/wp-json\/wp\/v2\/comments?post=3553"}],"wp:featuredmedia":[{"embeddable":true,"href":"https:\/\/www.billiard-pro.cz\/sk\/wp-json\/wp\/v2\/media\/5032"}],"wp:attachment":[{"href":"https:\/\/www.billiard-pro.cz\/sk\/wp-json\/wp\/v2\/media?parent=3553"}],"wp:term":[{"taxonomy":"product_brand","embeddable":true,"href":"https:\/\/www.billiard-pro.cz\/sk\/wp-json\/wp\/v2\/product_brand?post=3553"},{"taxonomy":"product_cat","embeddable":true,"href":"https:\/\/www.billiard-pro.cz\/sk\/wp-json\/wp\/v2\/product_cat?post=3553"},{"taxonomy":"product_tag","embeddable":true,"href":"https:\/\/www.billiard-pro.cz\/sk\/wp-json\/wp\/v2\/product_tag?post=3553"}],"curies":[{"name":"wp","href":"https:\/\/api.w.org\/{rel}","templated":true}]}}