{"id":3561,"date":"2014-08-25T11:10:18","date_gmt":"2014-08-25T09:10:18","guid":{"rendered":"http:\/\/localhost\/iwansimonis\/obchod\/nezerazene\/biliard-pool-biliard-dynamic-iii-9ft-leskla-cierna\/"},"modified":"2020-06-02T12:46:26","modified_gmt":"2020-06-02T10:46:26","slug":"biliard-pool-biliard-dynamic-iii-9ft-leskla-cierna","status":"publish","type":"product","link":"https:\/\/www.billiard-pro.cz\/sk\/obchod\/biliardove-stoly\/biliard-pool\/biliard-pool-biliard-dynamic-iii-9ft-leskla-cierna\/","title":{"rendered":"Biliard pool biliard DYNAMIC III. 9ft, leskl\u00e1 \u010dierna"},"content":{"rendered":"<p><strong>Biliard pool DYNAMIC III 9ft &#8211; \u00a0\u010dierna leskl\u00e1 farba<img decoding=\"async\" class=\"alignright\" src=\"https:\/\/www.billiard-pro.cz\/wp-content\/uploads\/2014\/07\/dynamic_billiard-obchodni-zastoupeni-CR.png\" alt=\"dynamic_billiard obchodni zastoupeni CR\" \/><\/strong><\/p>\n<p><strong>Cena DYNAMIC stola obsahuje:<\/strong><\/p>\n<ul>\n<li>billiardov\u00e9 s\u00fakno Simonis 860 Tournament Blue p\u0159\u00edpadn\u011b jinou barvu dle v\u00fdb\u011bru<\/li>\n<li><a title=\"Barvy suken 2\" href=\"https:\/\/www.billiard-pro.cz\/barvy-suken-2\/\">\u00a0<strong>Farby s\u00fakien<\/strong><\/a><\/li>\n<li>vybran\u00fa farbu s\u00fakna pros\u00edm upresnite v pozn\u00e1mke objedn\u00e1vky<\/li>\n<li><!--more--><\/li>\n<li>Design zalo\u017een\u00fd na norm\u00e1ch pre turnaja EPBF (European Pocket Biliard Federation)<\/li>\n<li>Schv\u00e1len\u00fd a povolen\u00fd pre World Championships, Euro-Tours, European Championships, s EPBF certifik\u00e1tom<\/li>\n<li>Presn\u00e1 \u0161pecifik\u00e1cia pre \u0161pi\u010dkov\u00fa hru<\/li>\n<li>Origin\u00e1lne mas\u00edvne kovov\u00e9 rohy<\/li>\n<li>3-dielna bridlicov\u00e1 doska s 18 oddelen\u00fdmi v\u00fd\u0161kov\u00fdm regula\u010dn\u00fdmi skrutkami pre jednoduch\u00e9 a presn\u00e9 vyv\u00e1\u017eenie hracej plochy<\/li>\n<li>\u0160pi\u010dkov\u00fd mas\u00edvny dreven\u00fd r\u00e1m o sile 7cm<\/li>\n<li>Origin\u00e1lne gumov\u00e9 ko\u0161e umiestnen\u00e9 v kovov\u00fdch rohoch s logom firmy Dynamic Biliard<\/li>\n<li>Elegantn\u00fd \u0161portov\u00fd dizajn<\/li>\n<li>Origin\u00e1lne &#8222;Master Pro Rubber&#8220; z\u00e1vodn\u00e9 gumov\u00e9 mantinely presne pod\u013ea technickej \u0161pecifik\u00e1cie EPBF a LBSA<\/li>\n<li>Pre z\u00e1vodn\u00e9, komer\u010dn\u00e9 i dom\u00e1ce pou\u017eitie<\/li>\n<li>Origin\u00e1lne 30 mm hrub\u00e9 bridlicov\u00e9 dosky Rasson (firma Rasson je ofici\u00e1lny sponzor EPBF (European Pool Billiard Federation)<img loading=\"lazy\" decoding=\"async\" class=\"alignright\" src=\"https:\/\/www.billiard-pro.cz\/wp-content\/uploads\/2014\/07\/it1324rasson_detail-logo.jpg\" alt=\"it1324rasson_detail logo\" width=\"150\" height=\"107\" data-id=\"2552\" \/><\/li>\n<li>3-dielna bridlicov\u00e1 doska o sile 30 mm<\/li>\n<li>hracia plocha: 254 x 127 cm<\/li>\n<li>celkov\u00e1 ve\u013ekos\u0165 stola:\u00a0289x162x83 cm<\/li>\n<li>ide\u00e1lny priestor pre gule\u010dn\u00edk: 564 x 437 cm<\/li>\n<li>v\u00e1ha 534kg<\/li>\n<\/ul>\n<p><strong>Dostupnos\u0165 tovaru:<\/strong>\u00a0 externe skladom s dodan\u00edm do 15tich pracovn\u00fdch dn\u00ed<\/p>\n<p><strong>V\u00fdrobca:<\/strong>\u00a0Dynamic-Billard, DE<\/p>\n<p>Cena dopravy a mont\u00e1\u017ee dohodou.<\/p>\n<p>&nbsp;<\/p>\n","protected":false},"excerpt":{"rendered":"<p>Biliard pool DYNAMIC III 9ft &#8211; \u00a0\u010dierna leskl\u00e1 farba Cena DYNAMIC stola obsahuje: billiardov\u00e9 s\u00fakno Simonis 860 Tournament Blue p\u0159\u00edpadn\u011b jinou barvu dle v\u00fdb\u011bru \u00a0Farby s\u00fakien vybran\u00fa farbu s\u00fakna pros\u00edm upresnite v pozn\u00e1mke objedn\u00e1vky<\/p>\n","protected":false},"featured_media":5044,"comment_status":"closed","ping_status":"closed","template":"","meta":[],"product_brand":[],"product_cat":[341,339],"product_tag":[],"class_list":{"0":"post-3561","1":"product","2":"type-product","3":"status-publish","4":"has-post-thumbnail","6":"product_cat-biliard-pool","7":"product_cat-biliardove-stoly","9":"first","10":"instock","11":"shipping-taxable","12":"purchasable","13":"product-type-simple"},"_links":{"self":[{"href":"https:\/\/www.billiard-pro.cz\/sk\/wp-json\/wp\/v2\/product\/3561","targetHints":{"allow":["GET"]}}],"collection":[{"href":"https:\/\/www.billiard-pro.cz\/sk\/wp-json\/wp\/v2\/product"}],"about":[{"href":"https:\/\/www.billiard-pro.cz\/sk\/wp-json\/wp\/v2\/types\/product"}],"replies":[{"embeddable":true,"href":"https:\/\/www.billiard-pro.cz\/sk\/wp-json\/wp\/v2\/comments?post=3561"}],"wp:featuredmedia":[{"embeddable":true,"href":"https:\/\/www.billiard-pro.cz\/sk\/wp-json\/wp\/v2\/media\/5044"}],"wp:attachment":[{"href":"https:\/\/www.billiard-pro.cz\/sk\/wp-json\/wp\/v2\/media?parent=3561"}],"wp:term":[{"taxonomy":"product_brand","embeddable":true,"href":"https:\/\/www.billiard-pro.cz\/sk\/wp-json\/wp\/v2\/product_brand?post=3561"},{"taxonomy":"product_cat","embeddable":true,"href":"https:\/\/www.billiard-pro.cz\/sk\/wp-json\/wp\/v2\/product_cat?post=3561"},{"taxonomy":"product_tag","embeddable":true,"href":"https:\/\/www.billiard-pro.cz\/sk\/wp-json\/wp\/v2\/product_tag?post=3561"}],"curies":[{"name":"wp","href":"https:\/\/api.w.org\/{rel}","templated":true}]}}