{"id":3571,"date":"2014-10-12T14:05:10","date_gmt":"2014-10-12T12:05:10","guid":{"rendered":"http:\/\/localhost\/iwansimonis\/obchod\/nezerazene\/krycie-gumy-na-mantinel-pool-sada-12-ks\/"},"modified":"2017-10-11T14:52:31","modified_gmt":"2017-10-11T12:52:31","slug":"krycie-gumy-na-mantinel-pool-sada-12-ks","status":"publish","type":"product","link":"https:\/\/www.billiard-pro.cz\/sk\/obchod\/biliardove-stoly\/biliardove-mantinely\/krycie-gumy-na-mantinel-pool-sada-12-ks\/","title":{"rendered":"Krycie gumy na mantinel pool &#8211; sada 12 ks"},"content":{"rendered":"<p><strong>Krycie gumy- podlo\u017eky na mantinely billiardov\u00e9 &#8211; sada (12ks) buffalo<img decoding=\"async\" class=\"alignright\" src=\"http:\/\/www.buffalo.nl\/media\/brands\/buffalo.png\" alt=\"buffalo\" \/><\/strong><\/p>\n<ul>\n<li>Vhodn\u00e9 pre v\u0161etky typy mantinelov<\/li>\n<li>Chr\u00e1ni mantinely aj dreven\u00e9 li\u0161ty<\/li>\n<li>Gumy mo\u017eno pou\u017ei\u0165 aj ako podlo\u017eky k z\u00fa\u017eeniu vreciek (zmen\u0161enie vjazdu u poolov\u00fdch stolov)<\/li>\n<li>Ak budete meni\u0165 gumov\u00e9 mantinely na va\u0161om biliardovom stole, budete potrebova\u0165 tieto krycie podlo\u017eky pre dokon\u010denie v\u00fdmeny a kone\u010dn\u00e9 za\u010distenie.<\/li>\n<li>Podlo\u017eky z gumy s\u00fa u\u017e zrezan\u00e9 &#8211;\u00a0hr\u00fabka 3 mm.<\/li>\n<li>Vysok\u00e1 odolnos\u0165 materi\u00e1lu!<\/li>\n<\/ul>\n<p><strong>K dispoz\u00edcii k nahliadnutiu a priamemu n\u00e1kupu v na\u0161ej vzorkovni:<\/strong><\/p>\n<p>BC \u0158ipsk\u00e1, \u0158ipsk\u00e1 24, Praha 3 (na vy\u017eiadanie telefonicky alebo u person\u00e1lu klubu do 2. d\u0148a)<\/p>\n<p><strong>Materi\u00e1l<\/strong>: guma<\/p>\n<p><strong>V\u00fdrobca:<\/strong>\u00a0Buffalo, Holandsko<\/p>\n<p><strong>Dostupnos\u0165 tovaru:<\/strong>\u00a0skladom s dodan\u00edm do 3 pracovn\u00fdch dn\u00ed<\/p>\n","protected":false},"excerpt":{"rendered":"<p>Krycie gumy- podlo\u017eky na mantinely billiardov\u00e9 &#8211; sada (12ks) buffalo Vhodn\u00e9 pre v\u0161etky typy mantinelov Chr\u00e1ni mantinely aj dreven\u00e9 li\u0161ty Gumy mo\u017eno pou\u017ei\u0165 aj ako podlo\u017eky k z\u00fa\u017eeniu vreciek (zmen\u0161enie vjazdu u poolov\u00fdch stolov) Ak budete meni\u0165 gumov\u00e9 mantinely na va\u0161om biliardovom stole, budete potrebova\u0165 tieto krycie podlo\u017eky pre dokon\u010denie v\u00fdmeny a kone\u010dn\u00e9 za\u010distenie. Podlo\u017eky [&hellip;]<\/p>\n","protected":false},"featured_media":5088,"comment_status":"closed","ping_status":"closed","template":"","meta":[],"product_brand":[],"product_cat":[365,339],"product_tag":[],"class_list":{"0":"post-3571","1":"product","2":"type-product","3":"status-publish","4":"has-post-thumbnail","6":"product_cat-biliardove-mantinely","7":"product_cat-biliardove-stoly","9":"first","10":"instock","11":"shipping-taxable","12":"purchasable","13":"product-type-simple"},"_links":{"self":[{"href":"https:\/\/www.billiard-pro.cz\/sk\/wp-json\/wp\/v2\/product\/3571","targetHints":{"allow":["GET"]}}],"collection":[{"href":"https:\/\/www.billiard-pro.cz\/sk\/wp-json\/wp\/v2\/product"}],"about":[{"href":"https:\/\/www.billiard-pro.cz\/sk\/wp-json\/wp\/v2\/types\/product"}],"replies":[{"embeddable":true,"href":"https:\/\/www.billiard-pro.cz\/sk\/wp-json\/wp\/v2\/comments?post=3571"}],"wp:featuredmedia":[{"embeddable":true,"href":"https:\/\/www.billiard-pro.cz\/sk\/wp-json\/wp\/v2\/media\/5088"}],"wp:attachment":[{"href":"https:\/\/www.billiard-pro.cz\/sk\/wp-json\/wp\/v2\/media?parent=3571"}],"wp:term":[{"taxonomy":"product_brand","embeddable":true,"href":"https:\/\/www.billiard-pro.cz\/sk\/wp-json\/wp\/v2\/product_brand?post=3571"},{"taxonomy":"product_cat","embeddable":true,"href":"https:\/\/www.billiard-pro.cz\/sk\/wp-json\/wp\/v2\/product_cat?post=3571"},{"taxonomy":"product_tag","embeddable":true,"href":"https:\/\/www.billiard-pro.cz\/sk\/wp-json\/wp\/v2\/product_tag?post=3571"}],"curies":[{"name":"wp","href":"https:\/\/api.w.org\/{rel}","templated":true}]}}