{"id":3575,"date":"2014-10-13T09:56:03","date_gmt":"2014-10-13T09:56:03","guid":{"rendered":"http:\/\/localhost\/iwansimonis\/obchod\/nezerazene\/mostik-podpera-taga-skrutkovacie-mosadzna\/"},"modified":"2014-10-13T09:56:03","modified_gmt":"2014-10-13T09:56:03","slug":"mostik-podpera-taga-skrutkovacie-mosadzna","status":"publish","type":"product","link":"https:\/\/www.billiard-pro.cz\/sk\/obchod\/billiardove-potreby\/taga-prislusenstvo-2\/podpery-na-tago-2\/mostik-podpera-taga-skrutkovacie-mosadzna\/","title":{"rendered":"Most\u00edk &#8211; podpera t\u00e1ga skrutkovacie mosadzn\u00e1"},"content":{"rendered":"<p><strong>Most\u00edk &#8211; podpera t\u00e1ga SOLID BRASS X REST HEAD\u00a0<img decoding=\"async\" class=\"alignright\" alt=\"buffalo\" src=\"https:\/\/www.billiard-pro.cz\/wp-content\/uploads\/2014\/06\/buffalo.png\" \/><\/strong><\/p>\n<ul>\n<li>Luxusn\u00e1 mosadzn\u00e1 skrutkovacie podpera (most\u00edk)<\/li>\n<li>Podopiera Tago<\/li>\n<li>Farba zlat\u00e1 mosadz<\/li>\n<li>Podpera \u00a0sa nasadzuje skrutkuje na rozne d\u013a\u017eky n\u00e1stavcov- 2 poz\u00edcie<\/li>\n<\/ul>\n<p><strong>K dispoz\u00edcii k nahliadnutiu a priamemu n\u00e1kupu v na\u0161ej vzorkovni:<\/strong><\/p>\n<p>BC \u0158ipsk\u00e1, \u0158ipsk\u00e1 24, Praha 3<\/p>\n<p><strong>Materi\u00e1l:<\/strong>\u00a0masivn\u00ed mosaz<\/p>\n<p><strong>V\u00fdrobca:<\/strong>\u00a0Buffalo, Holandsko<\/p>\n<p><strong>Dostupnos\u0165 tovaru:<\/strong>\u00a0skladom s dodan\u00edm do 3 pracovn\u00fdch dn\u00ed<\/p>\n","protected":false},"excerpt":{"rendered":"<p>Most\u00edk &#8211; podpera t\u00e1ga SOLID BRASS X REST HEAD\u00a0 Luxusn\u00e1 mosadzn\u00e1 skrutkovacie podpera (most\u00edk) Podopiera Tago Farba zlat\u00e1 mosadz Podpera \u00a0sa nasadzuje skrutkuje na rozne d\u013a\u017eky n\u00e1stavcov- 2 poz\u00edcie K dispoz\u00edcii k nahliadnutiu a priamemu n\u00e1kupu v na\u0161ej vzorkovni: BC \u0158ipsk\u00e1, \u0158ipsk\u00e1 24, Praha 3 Materi\u00e1l:\u00a0masivn\u00ed mosaz V\u00fdrobca:\u00a0Buffalo, Holandsko Dostupnos\u0165 tovaru:\u00a0skladom s dodan\u00edm do 3 [&hellip;]<\/p>\n","protected":false},"featured_media":5092,"comment_status":"open","ping_status":"closed","template":"","meta":[],"product_brand":[],"product_cat":[251,363,273],"product_tag":[],"class_list":{"0":"post-3575","1":"product","2":"type-product","3":"status-publish","4":"has-post-thumbnail","6":"product_cat-billiardove-potreby","7":"product_cat-podpery-na-tago-2","8":"product_cat-taga-prislusenstvo-2","10":"first","11":"instock","12":"shipping-taxable","13":"purchasable","14":"product-type-simple"},"_links":{"self":[{"href":"https:\/\/www.billiard-pro.cz\/sk\/wp-json\/wp\/v2\/product\/3575","targetHints":{"allow":["GET"]}}],"collection":[{"href":"https:\/\/www.billiard-pro.cz\/sk\/wp-json\/wp\/v2\/product"}],"about":[{"href":"https:\/\/www.billiard-pro.cz\/sk\/wp-json\/wp\/v2\/types\/product"}],"replies":[{"embeddable":true,"href":"https:\/\/www.billiard-pro.cz\/sk\/wp-json\/wp\/v2\/comments?post=3575"}],"wp:featuredmedia":[{"embeddable":true,"href":"https:\/\/www.billiard-pro.cz\/sk\/wp-json\/wp\/v2\/media\/5092"}],"wp:attachment":[{"href":"https:\/\/www.billiard-pro.cz\/sk\/wp-json\/wp\/v2\/media?parent=3575"}],"wp:term":[{"taxonomy":"product_brand","embeddable":true,"href":"https:\/\/www.billiard-pro.cz\/sk\/wp-json\/wp\/v2\/product_brand?post=3575"},{"taxonomy":"product_cat","embeddable":true,"href":"https:\/\/www.billiard-pro.cz\/sk\/wp-json\/wp\/v2\/product_cat?post=3575"},{"taxonomy":"product_tag","embeddable":true,"href":"https:\/\/www.billiard-pro.cz\/sk\/wp-json\/wp\/v2\/product_tag?post=3575"}],"curies":[{"name":"wp","href":"https:\/\/api.w.org\/{rel}","templated":true}]}}