{"id":3585,"date":"2014-10-21T10:24:35","date_gmt":"2014-10-21T10:24:35","guid":{"rendered":"http:\/\/localhost\/iwansimonis\/obchod\/nezerazene\/orezavatko-na-kozu-taga\/"},"modified":"2014-10-21T10:24:35","modified_gmt":"2014-10-21T10:24:35","slug":"orezavatko-na-kozu-taga","status":"publish","type":"product","link":"https:\/\/www.billiard-pro.cz\/sk\/obchod\/billiardove-potreby\/taga-prislusenstvo-2\/struhadla-brusky\/orezavatko-na-kozu-taga\/","title":{"rendered":"Orez\u00e1vatko na ko\u017eu t\u00e1ga"},"content":{"rendered":"<p><strong>Orez\u00e1vatko na ko\u017eu t\u00e1ga CUE TIP CORRECTOR<img decoding=\"async\" class=\"alignright\" alt=\"buffalo\" src=\"https:\/\/www.billiard-pro.cz\/wp-content\/uploads\/2014\/06\/buffalo.png\" \/><\/strong><\/p>\n<ul>\n<li>Ob\u013e\u00faben\u00fd funk\u010dn\u00fd orez\u00e1va\u010d ko\u017e\u00ed na biliardov\u00e9 t\u00e1go<\/li>\n<li>Robustn\u00e9 a odoln\u00e9<\/li>\n<li>Ur\u010den\u00e9 pre karambolov\u00e9 i billiardov\u00e9 t\u00e1ga o priemere \u0161pice 10 &#8211; 14 mm<\/li>\n<li>Tento korektor v tvare orez\u00e1vatka \u00a0na oby\u010dajn\u00e9 ceruzky funguje rovnak\u00fdm sp\u00f4sobom<\/li>\n<li>Sl\u00fa\u017ei k orezaniu previsnut\u00e9 ko\u017ee cez kostici \u00a0t\u00e1ga<\/li>\n<li>Ko\u017eti\u010dka, ktor\u00e1 je previsnut\u00e1, na stran\u00e1ch ch\u00fdba opora o kost\u00edci a \u013eah\u0161ie d\u00f4jde ku &#8222;kiksu&#8220; t\u00e1ga<\/li>\n<\/ul>\n<p><strong>Materi\u00e1l:<\/strong> plast, kov<\/p>\n<p><strong>V\u00fdrobca:<\/strong> Buffalo, Holandsko<\/p>\n<p><strong>Dostupnos\u0165 tovaru:<\/strong> skladom s dodan\u00edm do 3 pracovn\u00fdch dn\u00ed<\/p>\n<p>Produkt \u010d\u00edslo: 3250.950<\/p>\n","protected":false},"excerpt":{"rendered":"<p>Orez\u00e1vatko na ko\u017eu t\u00e1ga CUE TIP CORRECTOR Ob\u013e\u00faben\u00fd funk\u010dn\u00fd orez\u00e1va\u010d ko\u017e\u00ed na biliardov\u00e9 t\u00e1go Robustn\u00e9 a odoln\u00e9 Ur\u010den\u00e9 pre karambolov\u00e9 i billiardov\u00e9 t\u00e1ga o priemere \u0161pice 10 &#8211; 14 mm Tento korektor v tvare orez\u00e1vatka \u00a0na oby\u010dajn\u00e9 ceruzky funguje rovnak\u00fdm sp\u00f4sobom Sl\u00fa\u017ei k orezaniu previsnut\u00e9 ko\u017ee cez kostici \u00a0t\u00e1ga Ko\u017eti\u010dka, ktor\u00e1 je previsnut\u00e1, na stran\u00e1ch [&hellip;]<\/p>\n","protected":false},"featured_media":2696,"comment_status":"open","ping_status":"closed","template":"","meta":[],"product_brand":[],"product_cat":[251,369,273],"product_tag":[],"class_list":{"0":"post-3585","1":"product","2":"type-product","3":"status-publish","4":"has-post-thumbnail","6":"product_cat-billiardove-potreby","7":"product_cat-struhadla-brusky","8":"product_cat-taga-prislusenstvo-2","10":"first","11":"instock","12":"shipping-taxable","13":"purchasable","14":"product-type-simple"},"_links":{"self":[{"href":"https:\/\/www.billiard-pro.cz\/sk\/wp-json\/wp\/v2\/product\/3585","targetHints":{"allow":["GET"]}}],"collection":[{"href":"https:\/\/www.billiard-pro.cz\/sk\/wp-json\/wp\/v2\/product"}],"about":[{"href":"https:\/\/www.billiard-pro.cz\/sk\/wp-json\/wp\/v2\/types\/product"}],"replies":[{"embeddable":true,"href":"https:\/\/www.billiard-pro.cz\/sk\/wp-json\/wp\/v2\/comments?post=3585"}],"wp:featuredmedia":[{"embeddable":true,"href":"https:\/\/www.billiard-pro.cz\/sk\/wp-json\/wp\/v2\/media\/2696"}],"wp:attachment":[{"href":"https:\/\/www.billiard-pro.cz\/sk\/wp-json\/wp\/v2\/media?parent=3585"}],"wp:term":[{"taxonomy":"product_brand","embeddable":true,"href":"https:\/\/www.billiard-pro.cz\/sk\/wp-json\/wp\/v2\/product_brand?post=3585"},{"taxonomy":"product_cat","embeddable":true,"href":"https:\/\/www.billiard-pro.cz\/sk\/wp-json\/wp\/v2\/product_cat?post=3585"},{"taxonomy":"product_tag","embeddable":true,"href":"https:\/\/www.billiard-pro.cz\/sk\/wp-json\/wp\/v2\/product_tag?post=3585"}],"curies":[{"name":"wp","href":"https:\/\/api.w.org\/{rel}","templated":true}]}}