{"id":3605,"date":"2014-10-28T12:31:22","date_gmt":"2014-10-28T12:31:22","guid":{"rendered":"http:\/\/localhost\/iwansimonis\/obchod\/nezerazene\/trojuholnik-pool-a-b-s-pro-triangle-cierny-tvrdeny-plast-572-mm\/"},"modified":"2021-02-22T10:20:13","modified_gmt":"2021-02-22T09:20:13","slug":"trojuholnik-pool-a-b-s-pro-triangle-cierny-tvrdeny-plast-572-mm","status":"publish","type":"product","link":"https:\/\/www.billiard-pro.cz\/sk\/obchod\/billiardove-potreby\/taga-prislusenstvo-2\/trojuholniky-stavitka\/trojuholnik-pool-a-b-s-pro-triangle-cierny-tvrdeny-plast-572-mm\/","title":{"rendered":"Trojuholn\u00edk POOL A.B.S. PRO TRIANGLE &#8211; \u010dierny tvrden\u00fd plast 57,2 mm"},"content":{"rendered":"<p><strong>Trojuholn\u00edk POOL A.B.S. \u00a0PRO TRIANGLE &#8211; \u010dierny tvrden\u00fd plast 57,2 mm<\/strong><\/p>\n<ul>\n<li>Pre svoju tuhos\u0165 a pevnos\u0165 je medzi poolov\u00fdmi hr\u00e1\u010dmi ve\u013emi ob\u013e\u00faben\u00fd<\/li>\n<li>Trojuholn\u00edk na stavanie 16 gul\u00ed na biliardov\u00fa hru pool biliard<\/li>\n<li>Vyroben\u00e9 z tvrd\u00e9ho \u010dierneho plastu pre gule s priemerom 57,2 mm<\/li>\n<li>Trojuholn\u00edk m\u00f4\u017eete pou\u017e\u00edva\u0165 pri hr\u00e1ch 8-Ball, 9-Ball, 10-balll a 14.1 nekone\u010dn\u00e1<\/li>\n<li>Dobr\u00fd pomer kvality a ceny<\/li>\n<li>Vhodn\u00fd pre z\u00e1vodn\u00fdch \u00a0poolov\u00fdch \u00a0hr\u00e1\u010dov<\/li>\n<li>Do trojuholn\u00edka sa vlo\u017e\u00ed 15 poolov\u00fdch gu\u013e\u00ed o priemere 57,2 mm<\/li>\n<li>Prv\u00e1 gule v trojuholn\u00edku sa stavia na rozstre\u013eov\u00fd bod<\/li>\n<li>Do spodn\u00e9ho radu (5 g\u00fa\u013e) sa rukami zatla\u010d\u00ed, aby sa gule k sebe \u010do najviac pribl\u00ed\u017eily<\/li>\n<li>Ide\u00e1lne postavenie gul\u00ed je tak\u00e9, kedy sa gule navz\u00e1jom dot\u00fdkaj\u00fa<\/li>\n<li>Len takto hr\u00e1\u010d docieli maxim\u00e1lneho rozstrelu a vhodne rozbehnut\u00fdch gu\u013e\u00ed po stole<\/li>\n<\/ul>\n<p><strong style=\"line-height: 1.5em;\">Materi\u00e1l:<\/strong><span style=\"line-height: 1.5em;\">\u00a0tvrden\u00fd plast extr\u00e9mne odoln\u00fd<\/span><\/p>\n<p><strong>V\u00fdrobca:<\/strong> Dynamic, Germany<\/p>\n<p><strong>Dostupnos\u0165 tovaru:<\/strong>\u00a0skladom s dodan\u00edm do 3 pracovn\u00fdch dn\u00ed<\/p>\n<p><strong>Cena za 1 kus.<\/strong><\/p>\n<p>&nbsp;<\/p>\n","protected":false},"excerpt":{"rendered":"<p>Trojuholn\u00edk POOL A.B.S. \u00a0PRO TRIANGLE &#8211; \u010dierny tvrden\u00fd plast 57,2 mm Pre svoju tuhos\u0165 a pevnos\u0165 je medzi poolov\u00fdmi hr\u00e1\u010dmi ve\u013emi ob\u013e\u00faben\u00fd Trojuholn\u00edk na stavanie 16 gul\u00ed na biliardov\u00fa hru pool biliard Vyroben\u00e9 z tvrd\u00e9ho \u010dierneho plastu pre gule s priemerom 57,2 mm Trojuholn\u00edk m\u00f4\u017eete pou\u017e\u00edva\u0165 pri hr\u00e1ch 8-Ball, 9-Ball, 10-balll a 14.1 nekone\u010dn\u00e1 Dobr\u00fd [&hellip;]<\/p>\n","protected":false},"featured_media":5134,"comment_status":"open","ping_status":"closed","template":"","meta":[],"product_brand":[],"product_cat":[251,273,357],"product_tag":[],"class_list":{"0":"post-3605","1":"product","2":"type-product","3":"status-publish","4":"has-post-thumbnail","6":"product_cat-billiardove-potreby","7":"product_cat-taga-prislusenstvo-2","8":"product_cat-trojuholniky-stavitka","10":"first","11":"instock","12":"shipping-taxable","13":"purchasable","14":"product-type-simple"},"_links":{"self":[{"href":"https:\/\/www.billiard-pro.cz\/sk\/wp-json\/wp\/v2\/product\/3605","targetHints":{"allow":["GET"]}}],"collection":[{"href":"https:\/\/www.billiard-pro.cz\/sk\/wp-json\/wp\/v2\/product"}],"about":[{"href":"https:\/\/www.billiard-pro.cz\/sk\/wp-json\/wp\/v2\/types\/product"}],"replies":[{"embeddable":true,"href":"https:\/\/www.billiard-pro.cz\/sk\/wp-json\/wp\/v2\/comments?post=3605"}],"wp:featuredmedia":[{"embeddable":true,"href":"https:\/\/www.billiard-pro.cz\/sk\/wp-json\/wp\/v2\/media\/5134"}],"wp:attachment":[{"href":"https:\/\/www.billiard-pro.cz\/sk\/wp-json\/wp\/v2\/media?parent=3605"}],"wp:term":[{"taxonomy":"product_brand","embeddable":true,"href":"https:\/\/www.billiard-pro.cz\/sk\/wp-json\/wp\/v2\/product_brand?post=3605"},{"taxonomy":"product_cat","embeddable":true,"href":"https:\/\/www.billiard-pro.cz\/sk\/wp-json\/wp\/v2\/product_cat?post=3605"},{"taxonomy":"product_tag","embeddable":true,"href":"https:\/\/www.billiard-pro.cz\/sk\/wp-json\/wp\/v2\/product_tag?post=3605"}],"curies":[{"name":"wp","href":"https:\/\/api.w.org\/{rel}","templated":true}]}}