{"id":3607,"date":"2014-10-29T12:52:08","date_gmt":"2014-10-29T11:52:08","guid":{"rendered":"http:\/\/localhost\/iwansimonis\/obchod\/nezerazene\/stavitko-black-magic-ball-rack-pro-8-9-a-10\/"},"modified":"2016-12-07T10:03:31","modified_gmt":"2016-12-07T09:03:31","slug":"stavitko-black-magic-ball-rack-pro-8-9-a-10","status":"publish","type":"product","link":"https:\/\/www.billiard-pro.cz\/sk\/obchod\/billiardove-potreby\/taga-prislusenstvo-2\/trojuholniky-stavitka\/stavitko-black-magic-ball-rack-pro-8-9-a-10\/","title":{"rendered":"Stav\u00edtko Small Ball Rack Pro, PVC &#8211; 2 ks &#8211; 8 ball, 9 ball, 10 ball"},"content":{"rendered":"<p><strong>Stav\u00edtko Small Ball Rack Pro, PVC &#8211; 2 ks &#8211; 8 ball, 9 ball, 10 ball<\/strong><\/p>\n<ul>\n<li>Rozstre\u013eovacie podlo\u017eka pre billiardov\u00e9 gule s priemerom 57,2 mm<\/li>\n<li>Vynikaj\u00faca pom\u00f4cka pre stavanie za\u010diato\u010dn\u00e9 poz\u00edcie v poolov\u00fdch hr\u00e1ch 9-Ball, 10-Ball<\/li>\n<li>Zaist\u00ed r\u00fdchle nastavenie gul\u00ed<\/li>\n<li>Zni\u017euje opotrebenie s\u00fakna<\/li>\n<li>Ve\u013emi tenk\u00e9, \u013eahk\u00e9 a skladn\u00e9<\/li>\n<li>Ide\u00e1lne do hern\u00ed a klubov<\/li>\n<li>Hr\u00fabka 0,14 mm<\/li>\n<li>Dobr\u00fd pomer kvality a ceny<\/li>\n<li>Extr\u00e9mne tenk\u00fd<\/li>\n<\/ul>\n<p><strong>Materi\u00e1l:<\/strong> plast extr\u00e9mne odoln\u00fd a tenk\u00fd- farba transparentna<\/p>\n<p><strong>V\u00fdrobca:<\/strong>\u00a0Classic Billiards &#8211; import Dynamic, N\u011bmecko<\/p>\n<p><strong>Dostupnos\u0165 tovaru:<\/strong> skladom<\/p>\n<p><strong>Cena za balenie o 2 kusoch.<\/strong><\/p>\n<p>&nbsp;<\/p>\n","protected":false},"excerpt":{"rendered":"<p>Stav\u00edtko Small Ball Rack Pro, PVC &#8211; 2 ks &#8211; 8 ball, 9 ball, 10 ball Rozstre\u013eovacie podlo\u017eka pre billiardov\u00e9 gule s priemerom 57,2 mm Vynikaj\u00faca pom\u00f4cka pre stavanie za\u010diato\u010dn\u00e9 poz\u00edcie v poolov\u00fdch hr\u00e1ch 9-Ball, 10-Ball Zaist\u00ed r\u00fdchle nastavenie gul\u00ed Zni\u017euje opotrebenie s\u00fakna Ve\u013emi tenk\u00e9, \u013eahk\u00e9 a skladn\u00e9 Ide\u00e1lne do hern\u00ed a klubov Hr\u00fabka 0,14 [&hellip;]<\/p>\n","protected":false},"featured_media":9935,"comment_status":"open","ping_status":"closed","template":"","meta":[],"product_brand":[],"product_cat":[251,273,357],"product_tag":[],"class_list":{"0":"post-3607","1":"product","2":"type-product","3":"status-publish","4":"has-post-thumbnail","6":"product_cat-billiardove-potreby","7":"product_cat-taga-prislusenstvo-2","8":"product_cat-trojuholniky-stavitka","10":"first","11":"outofstock","12":"shipping-taxable","13":"purchasable","14":"product-type-simple"},"_links":{"self":[{"href":"https:\/\/www.billiard-pro.cz\/sk\/wp-json\/wp\/v2\/product\/3607","targetHints":{"allow":["GET"]}}],"collection":[{"href":"https:\/\/www.billiard-pro.cz\/sk\/wp-json\/wp\/v2\/product"}],"about":[{"href":"https:\/\/www.billiard-pro.cz\/sk\/wp-json\/wp\/v2\/types\/product"}],"replies":[{"embeddable":true,"href":"https:\/\/www.billiard-pro.cz\/sk\/wp-json\/wp\/v2\/comments?post=3607"}],"wp:featuredmedia":[{"embeddable":true,"href":"https:\/\/www.billiard-pro.cz\/sk\/wp-json\/wp\/v2\/media\/9935"}],"wp:attachment":[{"href":"https:\/\/www.billiard-pro.cz\/sk\/wp-json\/wp\/v2\/media?parent=3607"}],"wp:term":[{"taxonomy":"product_brand","embeddable":true,"href":"https:\/\/www.billiard-pro.cz\/sk\/wp-json\/wp\/v2\/product_brand?post=3607"},{"taxonomy":"product_cat","embeddable":true,"href":"https:\/\/www.billiard-pro.cz\/sk\/wp-json\/wp\/v2\/product_cat?post=3607"},{"taxonomy":"product_tag","embeddable":true,"href":"https:\/\/www.billiard-pro.cz\/sk\/wp-json\/wp\/v2\/product_tag?post=3607"}],"curies":[{"name":"wp","href":"https:\/\/api.w.org\/{rel}","templated":true}]}}